{"id":11,"date":"2019-05-02T17:26:35","date_gmt":"2019-05-02T15:26:35","guid":{"rendered":"http:\/\/poodles.at\/?page_id=11"},"modified":"2021-10-17T17:52:07","modified_gmt":"2021-10-17T15:52:07","slug":"kontakt","status":"publish","type":"page","link":"https:\/\/poodles.at\/en\/kontakt\/","title":{"rendered":"Contact"},"content":{"rendered":"<h3 style=\"text-align: center;\">Olga Kometer and Markus H\u00f6rmann<\/h3>\n<p style=\"text-align: center;\">Dr.Walter-Waizer-Stra\u00dfe 52<\/p>\n<p style=\"text-align: center;\">6130 Schwaz<br \/>\nTirol Austria<\/p>\n<p>&nbsp;<\/p>\n<p style=\"text-align: center;\">Handy:<br \/>\n0043 \u2013 664 \u2013 5680241 Olga or<br \/>\n0043 &#8211; 676 &#8211; 4882751 Markus<\/p>\n<p>&nbsp;<\/p>\n<p style=\"text-align: center;\">E &#8211; mail:<br \/>\n<a href=\"mailto:crazycooktirol@yahoo.de\">crazycooktirol@yahoo.de <\/a>oder<br \/>\n<a href=\"mailto:markus.hoermann69@gmail.com\">markus.hoermann69@gmail.com<\/a><\/p>\n<p>&nbsp;<\/p>\n<p style=\"text-align: center;\"><img loading=\"lazy\" decoding=\"async\" class=\"aligncenter wp-image-330 size-full\" src=\"http:\/\/poodles.at\/wp-content\/uploads\/2019\/05\/banner.jpg\" alt=\"\" width=\"468\" height=\"60\" srcset=\"https:\/\/poodles.at\/wp-content\/uploads\/2019\/05\/banner.jpg 468w, https:\/\/poodles.at\/wp-content\/uploads\/2019\/05\/banner-300x38.jpg 300w\" sizes=\"auto, (max-width: 468px) 100vw, 468px\" \/><\/p>","protected":false},"excerpt":{"rendered":"<p>Olga Kometer und Markus H\u00f6rmann Dr.Walter-Waizer-Stra\u00dfe 52 6130 Schwaz Tirol \u00d6sterreich &nbsp; Handy: 0043 &#8211; 664 &#8211; 5680241 Olga oder 0043 &#8211; 676 &#8211; 4882751 Markus &nbsp; E &#8211; mail: crazycooktirol@yahoo.de oder markus.hoermann69@gmail.com &nbsp;<\/p>","protected":false},"author":1,"featured_media":0,"parent":0,"menu_order":0,"comment_status":"closed","ping_status":"closed","template":"","meta":{"footnotes":""},"class_list":["post-11","page","type-page","status-publish"],"_links":{"self":[{"href":"https:\/\/poodles.at\/en\/wp-json\/wp\/v2\/pages\/11","targetHints":{"allow":["GET"]}}],"collection":[{"href":"https:\/\/poodles.at\/en\/wp-json\/wp\/v2\/pages"}],"about":[{"href":"https:\/\/poodles.at\/en\/wp-json\/wp\/v2\/types\/page"}],"author":[{"embeddable":true,"href":"https:\/\/poodles.at\/en\/wp-json\/wp\/v2\/users\/1"}],"replies":[{"embeddable":true,"href":"https:\/\/poodles.at\/en\/wp-json\/wp\/v2\/comments?post=11"}],"version-history":[{"count":7,"href":"https:\/\/poodles.at\/en\/wp-json\/wp\/v2\/pages\/11\/revisions"}],"predecessor-version":[{"id":2511,"href":"https:\/\/poodles.at\/en\/wp-json\/wp\/v2\/pages\/11\/revisions\/2511"}],"wp:attachment":[{"href":"https:\/\/poodles.at\/en\/wp-json\/wp\/v2\/media?parent=11"}],"curies":[{"name":"wp","href":"https:\/\/api.w.org\/{rel}","templated":true}]}}