{"id":2871,"date":"2022-03-10T17:32:35","date_gmt":"2022-03-10T16:32:35","guid":{"rendered":"http:\/\/poodles.at\/?page_id=2871"},"modified":"2023-10-30T22:19:06","modified_gmt":"2023-10-30T21:19:06","slug":"milo","status":"publish","type":"page","link":"https:\/\/poodles.at\/en\/milo\/","title":{"rendered":"Milo"},"content":{"rendered":"<h2 style=\"text-align: center;\">Dream High Kai Kennel Steals The Show<\/h2>\n<p style=\"text-align: center;\"><em><strong>\u00a0<\/strong><\/em><img loading=\"lazy\" decoding=\"async\" class=\"aligncenter wp-image-3562 size-full\" src=\"http:\/\/poodles.at\/wp-content\/uploads\/2022\/08\/DSC08812.jpg\" alt=\"\" width=\"800\" height=\"534\" srcset=\"https:\/\/poodles.at\/wp-content\/uploads\/2022\/08\/DSC08812.jpg 800w, https:\/\/poodles.at\/wp-content\/uploads\/2022\/08\/DSC08812-300x200.jpg 300w, https:\/\/poodles.at\/wp-content\/uploads\/2022\/08\/DSC08812-768x513.jpg 768w, https:\/\/poodles.at\/wp-content\/uploads\/2022\/08\/DSC08812-18x12.jpg 18w\" sizes=\"auto, (max-width: 800px) 100vw, 800px\" \/><\/p>\n<p style=\"text-align: center;\">(Equerry&#8217;s Devils Dream High \u00d7 Meng Xiang Zhi Dian Italian Sexy Girl)<\/p>\n<p>&nbsp;<\/p>\n<p style=\"text-align: center;\">geb.: 31.10.2021<\/p>\n<hr \/>\n<h3 style=\"text-align: center;\">Erfolge<\/h3>\n<ul>\n<li>4.6.2022 (\u00d6CP Zuchtshau &#8222;Gl\u00e4serner Pudel&#8220;, Biedermannsdorf) &#8211; J\u00fcngstenklasse. Vielversprechend, Janett Ehlerding<\/li>\n<li style=\"text-align: left;\">11.6.2022 (Oberbayern VDH\/FCI) &#8211; J\u00fcngstenklasse &#8211; VV1, Holger Hofmann (D)<\/li>\n<li>12.6.2022 (Oberbayern VDH\/FCI) &#8211; J\u00fcngstenklasse &#8211; VV1, Puppy BIS-1, G\u00fcnther Ehrenreich (A)<\/li>\n<li>18.06.2022 (Aarau CAC, Schweiz) &#8211; J\u00fcngstendklasse &#8211; VV1, J\u00fcngstensieger, Ann Joe Sampaio (BR)<\/li>\n<li>18.06.2022 (Aarau -I CACIB, Schweiz) &#8211; J\u00fcngstendklasse &#8211; VV1, J\u00fcngstensieger, Dusko Piljevic (RS)<\/li>\n<li>19.06.2022 (Aarau &#8211; II CACIB, Schweiz) &#8211; J\u00fcngstendklasse &#8211; VV1, J\u00fcngstensieger, Marian Draganescu (RO)<\/li>\n<li>6.08.2022 (\u00d6CP Double Speciality) &#8211; Jugendklasse &#8211; V1, Jugendbester, Jugend Trophysieger, Jugend Best in Show 3, Mario Funk (D)<\/li>\n<li>28.10.2023 (Jubil\u00e4umclubschau &#8222;100 Jahre \u00d6CP&#8220;, Biedermannsdorf, \u00d6sterreich) &#8211; Zwischenklasse &#8211; V1, CACA,\u00a0 JUBIL\u00c4UMSIEGER 100 Jahre \u00d6CP,\u00a0 Fr. Lisbeth Mach (Schweiz)<\/li>\n<\/ul>\n<p>&nbsp;<\/p>\n<p style=\"text-align: center;\">Zuchttauglich seit<\/p>\n<hr \/>\n<h3 style=\"text-align: center;\">Gesundheitsuntersuchungen<\/h3>\n<p style=\"text-align: center;\">Optigen A, ECVO &#8211; free, Patella &#8211; 0\/0, Feragen Pudelpacket, DNA-Profil<\/p>\n<hr \/>\n<h3 style=\"text-align: center;\">Pedigree<\/h3>\n<p>&nbsp;<\/p>\n<table style=\"width: 100%; height: 471px;\" width=\"901\">\n<tbody>\n<tr style=\"height: 24px;\">\n<td style=\"height: 159px; text-align: center;\" rowspan=\"4\">Equerry&#8217;s Devils Dream High<a href=\"http:\/\/poodles.at\/wp-content\/uploads\/2022\/01\/received_1316722292099766.jpeg\" rel=\"lightbox-0\"><img loading=\"lazy\" decoding=\"async\" class=\"size-medium wp-image-2737 aligncenter\" src=\"http:\/\/poodles.at\/wp-content\/uploads\/2022\/01\/received_1316722292099766-300x240.jpeg\" alt=\"\" width=\"300\" height=\"240\" srcset=\"https:\/\/poodles.at\/wp-content\/uploads\/2022\/01\/received_1316722292099766-300x240.jpeg 300w, https:\/\/poodles.at\/wp-content\/uploads\/2022\/01\/received_1316722292099766-768x614.jpeg 768w, https:\/\/poodles.at\/wp-content\/uploads\/2022\/01\/received_1316722292099766-15x12.jpeg 15w, https:\/\/poodles.at\/wp-content\/uploads\/2022\/01\/received_1316722292099766.jpeg 800w\" sizes=\"auto, (max-width: 300px) 100vw, 300px\" \/><\/a><\/td>\n<td style=\"height: 48px; text-align: center;\" rowspan=\"2\">Fidel Face Of A Devil<\/td>\n<td style=\"height: 24px; text-align: center;\">Aedan Talk Of The Devil<\/td>\n<\/tr>\n<tr style=\"height: 24px;\">\n<td style=\"height: 24px; text-align: center;\">Fidel Funny Face<\/td>\n<\/tr>\n<tr style=\"height: 87px;\">\n<td style=\"height: 111px; text-align: center;\" rowspan=\"2\">Smart Connection True Equerry&#8217;s<\/td>\n<td style=\"height: 87px; text-align: center;\">Equerry&#8217;s Latest Hit<\/td>\n<\/tr>\n<tr style=\"height: 24px;\">\n<td style=\"height: 24px; text-align: center;\">Equerry&#8217;s Take Your Time<\/td>\n<\/tr>\n<tr style=\"height: 78px;\">\n<td style=\"height: 312px;\" rowspan=\"4\">\n<p style=\"text-align: center;\">Meng Xiang Zhi Dian Italian Sexy Girl<\/p>\n<p><a href=\"http:\/\/poodles.at\/wp-content\/uploads\/2022\/01\/received_324375009475948.jpeg\" rel=\"lightbox-1\"><img loading=\"lazy\" decoding=\"async\" class=\"size-medium wp-image-2736 aligncenter\" src=\"http:\/\/poodles.at\/wp-content\/uploads\/2022\/01\/received_324375009475948-225x300.jpeg\" alt=\"\" width=\"225\" height=\"300\" srcset=\"https:\/\/poodles.at\/wp-content\/uploads\/2022\/01\/received_324375009475948-225x300.jpeg 225w, https:\/\/poodles.at\/wp-content\/uploads\/2022\/01\/received_324375009475948-600x800.jpeg 600w, https:\/\/poodles.at\/wp-content\/uploads\/2022\/01\/received_324375009475948-9x12.jpeg 9w, https:\/\/poodles.at\/wp-content\/uploads\/2022\/01\/received_324375009475948.jpeg 720w\" sizes=\"auto, (max-width: 225px) 100vw, 225px\" \/><\/a><\/td>\n<td style=\"height: 156px; text-align: center;\" rowspan=\"2\">Thalpet Black Gem Of Tameral<\/td>\n<td style=\"height: 78px; text-align: center;\">Warming Brown Surprise<\/td>\n<\/tr>\n<tr style=\"height: 78px;\">\n<td style=\"height: 78px; text-align: center;\">Kassaland Blackopal Of Tameral<\/td>\n<\/tr>\n<tr style=\"height: 78px;\">\n<td style=\"height: 156px; text-align: center;\" rowspan=\"2\">Ranny Bella Of Prefect Kennel<\/td>\n<td style=\"height: 78px; text-align: center;\">Tabasco Juodoji Plastake<\/td>\n<\/tr>\n<tr style=\"height: 78px;\">\n<td style=\"height: 78px; text-align: center;\">Shoushok Drive Knight<\/td>\n<\/tr>\n<\/tbody>\n<\/table>\n<h3 style=\"text-align: center;\">Foto &amp; Videogalerie<\/h3>\n<div id='gallery-1' class='gallery galleryid-2871 gallery-columns-4 gallery-size-thumbnail'><figure class='gallery-item'>\n\t\t\t<div class='gallery-icon portrait'>\n\t\t\t\t<a href='https:\/\/poodles.at\/wp-content\/uploads\/2023\/05\/received_611824290886230.jpeg' rel=\"lightbox[gallery-0]\"><img loading=\"lazy\" decoding=\"async\" width=\"150\" height=\"150\" src=\"https:\/\/poodles.at\/wp-content\/uploads\/2023\/05\/received_611824290886230-150x150.jpeg\" class=\"attachment-thumbnail size-thumbnail\" alt=\"\" srcset=\"https:\/\/poodles.at\/wp-content\/uploads\/2023\/05\/received_611824290886230-150x150.jpeg 150w, https:\/\/poodles.at\/wp-content\/uploads\/2023\/05\/received_611824290886230-11x12.jpeg 11w\" sizes=\"auto, (max-width: 150px) 100vw, 150px\" \/><\/a>\n\t\t\t<\/div><\/figure><figure class='gallery-item'>\n\t\t\t<div class='gallery-icon landscape'>\n\t\t\t\t<a href='https:\/\/poodles.at\/wp-content\/uploads\/2022\/08\/DSC08812.jpg' rel=\"lightbox[gallery-0]\"><img loading=\"lazy\" decoding=\"async\" width=\"150\" height=\"150\" src=\"https:\/\/poodles.at\/wp-content\/uploads\/2022\/08\/DSC08812-150x150.jpg\" class=\"attachment-thumbnail size-thumbnail\" alt=\"\" \/><\/a>\n\t\t\t<\/div><\/figure><figure class='gallery-item'>\n\t\t\t<div class='gallery-icon portrait'>\n\t\t\t\t<a href='https:\/\/poodles.at\/wp-content\/uploads\/2022\/08\/DSC08835.jpg' rel=\"lightbox[gallery-0]\"><img loading=\"lazy\" decoding=\"async\" width=\"150\" height=\"150\" src=\"https:\/\/poodles.at\/wp-content\/uploads\/2022\/08\/DSC08835-150x150.jpg\" class=\"attachment-thumbnail size-thumbnail\" alt=\"\" \/><\/a>\n\t\t\t<\/div><\/figure><figure class='gallery-item'>\n\t\t\t<div class='gallery-icon landscape'>\n\t\t\t\t<a href='https:\/\/poodles.at\/wp-content\/uploads\/2022\/08\/DSC00122kp.jpg' rel=\"lightbox[gallery-0]\"><img loading=\"lazy\" decoding=\"async\" width=\"150\" height=\"150\" src=\"https:\/\/poodles.at\/wp-content\/uploads\/2022\/08\/DSC00122kp-150x150.jpg\" class=\"attachment-thumbnail size-thumbnail\" alt=\"\" \/><\/a>\n\t\t\t<\/div><\/figure><figure class='gallery-item'>\n\t\t\t<div class='gallery-icon landscape'>\n\t\t\t\t<a href='https:\/\/poodles.at\/wp-content\/uploads\/2022\/08\/FB_IMG_1660068053910.jpg' rel=\"lightbox[gallery-0]\"><img loading=\"lazy\" decoding=\"async\" width=\"150\" height=\"150\" src=\"https:\/\/poodles.at\/wp-content\/uploads\/2022\/08\/FB_IMG_1660068053910-150x150.jpg\" class=\"attachment-thumbnail size-thumbnail\" alt=\"\" \/><\/a>\n\t\t\t<\/div><\/figure><figure class='gallery-item'>\n\t\t\t<div class='gallery-icon landscape'>\n\t\t\t\t<a href='https:\/\/poodles.at\/wp-content\/uploads\/2022\/08\/FB_IMG_1660068163664.jpg' rel=\"lightbox[gallery-0]\"><img loading=\"lazy\" decoding=\"async\" width=\"150\" height=\"150\" src=\"https:\/\/poodles.at\/wp-content\/uploads\/2022\/08\/FB_IMG_1660068163664-150x150.jpg\" class=\"attachment-thumbnail size-thumbnail\" alt=\"\" \/><\/a>\n\t\t\t<\/div><\/figure><figure class='gallery-item'>\n\t\t\t<div class='gallery-icon portrait'>\n\t\t\t\t<a href='https:\/\/poodles.at\/wp-content\/uploads\/2022\/08\/IMG-20220807-WA0041.jpg' rel=\"lightbox[gallery-0]\"><img loading=\"lazy\" decoding=\"async\" width=\"150\" height=\"150\" src=\"https:\/\/poodles.at\/wp-content\/uploads\/2022\/08\/IMG-20220807-WA0041-150x150.jpg\" class=\"attachment-thumbnail size-thumbnail\" alt=\"\" \/><\/a>\n\t\t\t<\/div><\/figure><figure class='gallery-item'>\n\t\t\t<div class='gallery-icon portrait'>\n\t\t\t\t<a href='https:\/\/poodles.at\/wp-content\/uploads\/2022\/06\/IMG-20220612-WA0051.jpg' rel=\"lightbox[gallery-0]\"><img loading=\"lazy\" decoding=\"async\" width=\"150\" height=\"150\" src=\"https:\/\/poodles.at\/wp-content\/uploads\/2022\/06\/IMG-20220612-WA0051-150x150.jpg\" class=\"attachment-thumbnail size-thumbnail\" alt=\"\" \/><\/a>\n\t\t\t<\/div><\/figure><figure class='gallery-item'>\n\t\t\t<div class='gallery-icon portrait'>\n\t\t\t\t<a href='https:\/\/poodles.at\/wp-content\/uploads\/2022\/06\/IMG-20220611-WA0062.jpg' rel=\"lightbox[gallery-0]\"><img loading=\"lazy\" decoding=\"async\" width=\"150\" height=\"150\" src=\"https:\/\/poodles.at\/wp-content\/uploads\/2022\/06\/IMG-20220611-WA0062-150x150.jpg\" class=\"attachment-thumbnail size-thumbnail\" alt=\"\" \/><\/a>\n\t\t\t<\/div><\/figure>\n\t\t<\/div>\n\n<p style=\"text-align: center;\"><div class=\"lyte-wrapper fourthree\" style=\"width:480px;max-width:100%;margin:5px auto;\"><div class=\"lyMe hidef\" id=\"WYL_RP-uBv909eo\"><div id=\"lyte_RP-uBv909eo\" data-src=\"https:\/\/poodles.at\/wp-content\/plugins\/wp-youtube-lyte\/lyteCache.php?origThumbUrl=%2F%2Fi.ytimg.com%2Fvi%2FRP-uBv909eo%2Fmaxresdefault.jpg\" class=\"pL\"><div class=\"tC\"><div class=\"tT\"><\/div><\/div><div class=\"play\"><\/div><div class=\"ctrl\"><div class=\"Lctrl\"><\/div><div class=\"Rctrl\"><\/div><\/div><\/div><noscript><a href=\"https:\/\/youtu.be\/RP-uBv909eo\" rel=\"nofollow\"><img loading=\"lazy\" decoding=\"async\" src=\"https:\/\/poodles.at\/wp-content\/plugins\/wp-youtube-lyte\/lyteCache.php?origThumbUrl=https%3A%2F%2Fi.ytimg.com%2Fvi%2FRP-uBv909eo%2F0.jpg\" alt=\"YouTube video thumbnail\" width=\"480\" height=\"340\" \/><\/a><\/noscript><\/div><\/div><div class=\"lL\" style=\"max-width:100%;width:480px;margin:5px auto;\"> <a href=\"https:\/\/youtu.be\/RP-uBv909eo\" target=\"_blank\">Watch this video on YouTube<\/a>.<\/div><\/p>\n<p style=\"text-align: center;\"><div class=\"lyte-wrapper fourthree\" style=\"width:480px;max-width:100%;margin:5px auto;\"><div class=\"lyMe hidef\" id=\"WYL_bdgpEYm0Xy0\"><div id=\"lyte_bdgpEYm0Xy0\" data-src=\"https:\/\/poodles.at\/wp-content\/plugins\/wp-youtube-lyte\/lyteCache.php?origThumbUrl=%2F%2Fi.ytimg.com%2Fvi%2FbdgpEYm0Xy0%2Fmaxresdefault.jpg\" class=\"pL\"><div class=\"tC\"><div class=\"tT\"><\/div><\/div><div class=\"play\"><\/div><div class=\"ctrl\"><div class=\"Lctrl\"><\/div><div class=\"Rctrl\"><\/div><\/div><\/div><noscript><a href=\"https:\/\/youtu.be\/bdgpEYm0Xy0\" rel=\"nofollow\"><img loading=\"lazy\" decoding=\"async\" src=\"https:\/\/poodles.at\/wp-content\/plugins\/wp-youtube-lyte\/lyteCache.php?origThumbUrl=https%3A%2F%2Fi.ytimg.com%2Fvi%2FbdgpEYm0Xy0%2F0.jpg\" alt=\"YouTube video thumbnail\" width=\"480\" height=\"340\" \/><\/a><\/noscript><\/div><\/div><div class=\"lL\" style=\"max-width:100%;width:480px;margin:5px auto;\"> <a href=\"https:\/\/youtu.be\/bdgpEYm0Xy0\" target=\"_blank\">Watch this video on YouTube<\/a>.<\/div><\/p>\n<p style=\"text-align: center;\"><div class=\"lyte-wrapper fourthree\" style=\"width:480px;max-width:100%;margin:5px auto;\"><div class=\"lyMe hidef\" id=\"WYL_tEo5KS6hxCw\"><div id=\"lyte_tEo5KS6hxCw\" data-src=\"https:\/\/poodles.at\/wp-content\/plugins\/wp-youtube-lyte\/lyteCache.php?origThumbUrl=%2F%2Fi.ytimg.com%2Fvi%2FtEo5KS6hxCw%2Fmaxresdefault.jpg\" class=\"pL\"><div class=\"tC\"><div class=\"tT\"><\/div><\/div><div class=\"play\"><\/div><div class=\"ctrl\"><div class=\"Lctrl\"><\/div><div class=\"Rctrl\"><\/div><\/div><\/div><noscript><a href=\"https:\/\/youtu.be\/tEo5KS6hxCw\" rel=\"nofollow\"><img loading=\"lazy\" decoding=\"async\" src=\"https:\/\/poodles.at\/wp-content\/plugins\/wp-youtube-lyte\/lyteCache.php?origThumbUrl=https%3A%2F%2Fi.ytimg.com%2Fvi%2FtEo5KS6hxCw%2F0.jpg\" alt=\"YouTube video thumbnail\" width=\"480\" height=\"340\" \/><\/a><\/noscript><\/div><\/div><div class=\"lL\" style=\"max-width:100%;width:480px;margin:5px auto;\"> <a href=\"https:\/\/youtu.be\/tEo5KS6hxCw\" target=\"_blank\">Watch this video on YouTube<\/a>.<\/div><\/p>\n<p style=\"text-align: center;\">\n","protected":false},"excerpt":{"rendered":"<p>Dream High Kai Kennel Steals The Show \u00a0 (Equerry&#8217;s Devils Dream High \u00d7 Meng Xiang Zhi Dian Italian Sexy Girl) &nbsp; geb.: 31.10.2021 Erfolge 4.6.2022 (\u00d6CP Zuchtshau &#8222;Gl\u00e4serner Pudel&#8220;, Biedermannsdorf) &#8211; J\u00fcngstenklasse. Vielversprechend, Janett Ehlerding 11.6.2022 (Oberbayern VDH\/FCI) &#8211; J\u00fcngstenklasse &#8211; VV1, Holger Hofmann (D) 12.6.2022 (Oberbayern VDH\/FCI) &#8211; J\u00fcngstenklasse &#8211; VV1, Puppy BIS-1, G\u00fcnther &#8230; <a title=\"Milo\" class=\"read-more\" href=\"https:\/\/poodles.at\/en\/milo\/\" aria-label=\"Read more about Milo\">Read more<\/a><\/p>","protected":false},"author":1,"featured_media":0,"parent":0,"menu_order":0,"comment_status":"closed","ping_status":"closed","template":"","meta":{"footnotes":""},"class_list":["post-2871","page","type-page","status-publish"],"_links":{"self":[{"href":"https:\/\/poodles.at\/en\/wp-json\/wp\/v2\/pages\/2871","targetHints":{"allow":["GET"]}}],"collection":[{"href":"https:\/\/poodles.at\/en\/wp-json\/wp\/v2\/pages"}],"about":[{"href":"https:\/\/poodles.at\/en\/wp-json\/wp\/v2\/types\/page"}],"author":[{"embeddable":true,"href":"https:\/\/poodles.at\/en\/wp-json\/wp\/v2\/users\/1"}],"replies":[{"embeddable":true,"href":"https:\/\/poodles.at\/en\/wp-json\/wp\/v2\/comments?post=2871"}],"version-history":[{"count":19,"href":"https:\/\/poodles.at\/en\/wp-json\/wp\/v2\/pages\/2871\/revisions"}],"predecessor-version":[{"id":5433,"href":"https:\/\/poodles.at\/en\/wp-json\/wp\/v2\/pages\/2871\/revisions\/5433"}],"wp:attachment":[{"href":"https:\/\/poodles.at\/en\/wp-json\/wp\/v2\/media?parent=2871"}],"curies":[{"name":"wp","href":"https:\/\/api.w.org\/{rel}","templated":true}]}}