{"id":293,"date":"2019-05-07T18:40:27","date_gmt":"2019-05-07T16:40:27","guid":{"rendered":"http:\/\/poodles.at\/?page_id=293"},"modified":"2019-09-03T15:29:34","modified_gmt":"2019-09-03T13:29:34","slug":"ueber-uns","status":"publish","type":"page","link":"https:\/\/poodles.at\/en\/ueber-uns\/","title":{"rendered":"About Us"},"content":{"rendered":"<p style=\"text-align: center;\">Mit den liebsten Gedanken an meinen verstorbenen Mann Werner Kometer!<br \/>\nMit dir hat es damals im Jahre 2009<br \/>\nmit der Pudelzucht und mit RUSSKAYA TROIKA alles angefangen&#8230;.<br \/>\nDanke dir daf\u00fcr MEIN WERNER!<br \/>\nDu bleibst f\u00fcr immer und ewig in meinem Herzen und meiner Seele&#8230;<\/p>\n<p>&nbsp;<\/p>\n<p><img loading=\"lazy\" decoding=\"async\" class=\"alignnone size-full wp-image-294 aligncenter\" src=\"http:\/\/poodles.at\/wp-content\/uploads\/2019\/05\/2.jpg\" alt=\"\" width=\"800\" height=\"480\" srcset=\"https:\/\/poodles.at\/wp-content\/uploads\/2019\/05\/2.jpg 800w, https:\/\/poodles.at\/wp-content\/uploads\/2019\/05\/2-300x180.jpg 300w, https:\/\/poodles.at\/wp-content\/uploads\/2019\/05\/2-768x461.jpg 768w\" sizes=\"auto, (max-width: 800px) 100vw, 800px\" \/><\/p>\n<p>&nbsp;<\/p>\n<p style=\"text-align: center;\">3 Zuchh\u00fcndinnen haben wir gehabt:<\/p>\n<ul>\n<li><em><strong>Schokoladnoe Dovo Lezgika S Inapat&#8217;s<\/strong><\/em> (4 Mai 2006 &#8211; Leryvas For The Record I&#8217;m Romar \u00d7 Spjashaja Krasavica Iz Russkogo Dvora) &#8211; schwarze Toyh\u00fcndin<\/li>\n<li><em><strong>Milki Laink Katti Sark<\/strong><\/em> (14 Oktober 2006 &#8211; Airi Arabeska Non Stop \u00d7 Milki Lain Chancone) &#8211; wie\u00dfe Toyh\u00fcndin<\/li>\n<li><em><strong>Of Loveley Children Hrustalnana Boginja<\/strong><\/em> (1 Dezember 2006 &#8211; Charades Panama Jack \u00d7 Sweet Kimmi Kiss Von Zietnereck) &#8211; braune Zwergh\u00fcndin<\/li>\n<\/ul>\n<div id='gallery-1' class='gallery galleryid-293 gallery-columns-3 gallery-size-thumbnail'><figure class='gallery-item'>\n\t\t\t<div class='gallery-icon landscape'>\n\t\t\t\t<a href='https:\/\/poodles.at\/wp-content\/uploads\/2019\/09\/20190822_160920.jpg' rel=\"lightbox[gallery-0]\"><img loading=\"lazy\" decoding=\"async\" width=\"150\" height=\"150\" src=\"https:\/\/poodles.at\/wp-content\/uploads\/2019\/09\/20190822_160920-150x150.jpg\" class=\"attachment-thumbnail size-thumbnail\" alt=\"\" aria-describedby=\"gallery-1-570\" \/><\/a>\n\t\t\t<\/div>\n\t\t\t\t<figcaption class='wp-caption-text gallery-caption' id='gallery-1-570'>\n\t\t\t\tKrasavica\n\t\t\t\t<\/figcaption><\/figure><figure class='gallery-item'>\n\t\t\t<div class='gallery-icon landscape'>\n\t\t\t\t<a href='https:\/\/poodles.at\/wp-content\/uploads\/2019\/09\/20190822_160907.jpg' rel=\"lightbox[gallery-0]\"><img loading=\"lazy\" decoding=\"async\" width=\"150\" height=\"150\" src=\"https:\/\/poodles.at\/wp-content\/uploads\/2019\/09\/20190822_160907-150x150.jpg\" class=\"attachment-thumbnail size-thumbnail\" alt=\"\" aria-describedby=\"gallery-1-569\" \/><\/a>\n\t\t\t<\/div>\n\t\t\t\t<figcaption class='wp-caption-text gallery-caption' id='gallery-1-569'>\n\t\t\t\tKatti\n\t\t\t\t<\/figcaption><\/figure><figure class='gallery-item'>\n\t\t\t<div class='gallery-icon landscape'>\n\t\t\t\t<a href='https:\/\/poodles.at\/wp-content\/uploads\/2019\/09\/20190822_161019.jpg' rel=\"lightbox[gallery-0]\"><img loading=\"lazy\" decoding=\"async\" width=\"150\" height=\"150\" src=\"https:\/\/poodles.at\/wp-content\/uploads\/2019\/09\/20190822_161019-150x150.jpg\" class=\"attachment-thumbnail size-thumbnail\" alt=\"\" aria-describedby=\"gallery-1-571\" srcset=\"https:\/\/poodles.at\/wp-content\/uploads\/2019\/09\/20190822_161019-150x150.jpg 150w, https:\/\/poodles.at\/wp-content\/uploads\/2019\/09\/20190822_161019-300x300.jpg 300w, https:\/\/poodles.at\/wp-content\/uploads\/2019\/09\/20190822_161019.jpg 704w\" sizes=\"auto, (max-width: 150px) 100vw, 150px\" \/><\/a>\n\t\t\t<\/div>\n\t\t\t\t<figcaption class='wp-caption-text gallery-caption' id='gallery-1-571'>\n\t\t\t\tBaby-Bon\n\t\t\t\t<\/figcaption><\/figure>\n\t\t<\/div>\n\n<p>&nbsp;<\/p>\n<p>Diese W\u00fcrfe (Welpen) haben wir mit meinem Werner gez\u00fcchtet:<\/p>\n<p><strong>A-Wurf<\/strong> &#8211; 20 M\u00e4rz 2009 &#8211; 0\/1 &#8211; Russkaya Troika Alexis (toy, wei\u00df, Sissi). Eltern: <strong><em>Milki Lain Katti Sark<\/em><\/strong> und <em>Broad Bay All That Jazz<\/em><\/p>\n<p>&nbsp;<\/p>\n<p><strong>B-Wurf<\/strong> &#8211; 18 Juli 2009 &#8211; 2\/1 &#8211; Russkaya Troika Bonaparte (toy, schwarz), Russkaya Troika Betrice (toy, schwarz) und Russkaya Troika Bonsai (toy, schwarz). Eltern: <em><strong>Schokoladnoe Divo Lezginka S Inapat&#8217;s<\/strong><\/em> und\u00a0 <em>Pagentrly Little King For Ellen Elf<\/em><\/p>\n<p>&nbsp;<\/p>\n<p><strong>C-Wurf<\/strong> &#8211; 28 Oktober 2010 &#8211; 1\/3 &#8211; Russkaya Troika (Desiree) Contessa Ciska (zwerg, schwarz), RT\u00a0 (Dolce) Chiara (zwerg, braun), RT (Dolgozhdannij) Chernij Prinz (zwerg, schwarz) und RT (Divnaja) Charovnitsa (zwerg, braun). Eltern: <em><strong>Of Loveley Chldren Hrustalnaja Boginja<\/strong><\/em> und <em>Caspian Line&#8217;s Curly Miracle<\/em><\/p>\n<p>&nbsp;<\/p>\n<p><strong>D-Wurf<\/strong> &#8211; 15 Mai 2010 &#8211; 1\/2 &#8211; RT Diva (toy, wei\u00df), RT Dolce Vita (toy, wei\u00df) und RT Dostoevskij (toy, wei\u00df). Eltern: <strong><em>Milki Lain Katti Sark<\/em><\/strong> und Yuinas JP Mister Show Brand<\/p>\n<p>&nbsp;<\/p>\n<p><strong>E-Wurf<\/strong> &#8211; 3 November 2010 &#8211; 1\/2 &#8211; RT Elisei Carevitsch (zwerg, braun), RT Enjoy (toy, schwarz) und RT Esmeralda (toy, schwarz). Eltern: <em><strong>Schokoladnoe Divo Lezginka S Inapat&#8217;s<\/strong><\/em> und <em>Caspian Line&#8217;s Curly Miracle<\/em><\/p>\n<p>&nbsp;<\/p>\n<p><strong>F-Wurf<\/strong> &#8211; 19 Juni 2011 &#8211; 0\/2 &#8211; RT Fortuna (toy, wei\u00df) und RT Ferrari (toy, wei\u00df). Eltern: <strong><em>Milki Lain Katti Sark <\/em><\/strong>und \u00dduinas JP Bravo Tayson<\/p>\n<p>&nbsp;<\/p>\n<p><strong>G-Wurf<\/strong> &#8211; 24 Dezember 2011 &#8211; 0\/1 &#8211; RT Gaischa Gloria (zwerg, braun). Eltern: <em><strong>Of Loveley Chldren Hrustalnaja Boginja<\/strong><\/em> und <em>Caspian Line&#8217;s Curly Miracle<\/em><\/p>\n<p>&nbsp;<\/p>\n<p><strong>H-Wurf<\/strong> &#8211; 4 Juli 2012 &#8211; 2\/1 &#8211; RT Happiness (toy, wei\u00df), RT Happy (toy, wei\u00df) und RT Hollywood (toy, wei\u00df). Eltern: <strong><em>Milki Lain Katti Sark<\/em><\/strong> und Yuinas JP Mister Show Brand<\/p>\n<p>&nbsp;<\/p>\n<p><strong>I-Wurf<\/strong> &#8211; 2-3 September 2012 &#8211; 3\/1 &#8211; RT Ilari (zwerg, braun), RT Iron Man (zwerg, braun), RT Incognito (zwerg, schwarz) und RT Ivan Tsarevitsch (zwerg, schwarz). Eltern: <em><strong>Of Loveley Chldren Hrustalnaja Boginja<\/strong><\/em> und <em>Caspian Line&#8217;s Curly Miracle<\/em><\/p>\n","protected":false},"excerpt":{"rendered":"<p>Mit den liebsten Gedanken an meinen verstorbenen Mann Werner Kometer! Mit dir hat es damals im Jahre 2009 mit der Pudelzucht und mit RUSSKAYA TROIKA alles angefangen&#8230;. Danke dir daf\u00fcr MEIN WERNER! Du bleibst f\u00fcr immer und ewig in meinem Herzen und meiner Seele&#8230; &nbsp; &nbsp; 3 Zuchh\u00fcndinnen haben wir gehabt: Schokoladnoe Dovo Lezgika S &#8230; <a title=\"About Us\" class=\"read-more\" href=\"https:\/\/poodles.at\/en\/ueber-uns\/\" aria-label=\"Read more about \u00dcber Uns\">Read more<\/a><\/p>","protected":false},"author":1,"featured_media":0,"parent":0,"menu_order":0,"comment_status":"closed","ping_status":"closed","template":"","meta":{"footnotes":""},"class_list":["post-293","page","type-page","status-publish"],"_links":{"self":[{"href":"https:\/\/poodles.at\/en\/wp-json\/wp\/v2\/pages\/293","targetHints":{"allow":["GET"]}}],"collection":[{"href":"https:\/\/poodles.at\/en\/wp-json\/wp\/v2\/pages"}],"about":[{"href":"https:\/\/poodles.at\/en\/wp-json\/wp\/v2\/types\/page"}],"author":[{"embeddable":true,"href":"https:\/\/poodles.at\/en\/wp-json\/wp\/v2\/users\/1"}],"replies":[{"embeddable":true,"href":"https:\/\/poodles.at\/en\/wp-json\/wp\/v2\/comments?post=293"}],"version-history":[{"count":9,"href":"https:\/\/poodles.at\/en\/wp-json\/wp\/v2\/pages\/293\/revisions"}],"predecessor-version":[{"id":575,"href":"https:\/\/poodles.at\/en\/wp-json\/wp\/v2\/pages\/293\/revisions\/575"}],"wp:attachment":[{"href":"https:\/\/poodles.at\/en\/wp-json\/wp\/v2\/media?parent=293"}],"curies":[{"name":"wp","href":"https:\/\/api.w.org\/{rel}","templated":true}]}}