{"id":3126,"date":"2022-05-25T16:09:22","date_gmt":"2022-05-25T14:09:22","guid":{"rendered":"http:\/\/poodles.at\/?page_id=3126"},"modified":"2024-12-05T18:00:42","modified_gmt":"2024-12-05T17:00:42","slug":"diva","status":"publish","type":"page","link":"https:\/\/poodles.at\/en\/diva\/","title":{"rendered":"Diva"},"content":{"rendered":"<h3 style=\"text-align: center;\"><\/h3>\r\n<h1 style=\"text-align: center;\">Diva<\/h1>\r\n<h2 style=\"text-align: center;\">Bly Ais Izabella<\/h2>\r\n<p style=\"text-align: center;\"><img loading=\"lazy\" decoding=\"async\" class=\"aligncenter wp-image-3558 size-full\" src=\"http:\/\/poodles.at\/wp-content\/uploads\/2022\/08\/DSC09666.jpg\" alt=\"\" width=\"800\" height=\"534\" srcset=\"https:\/\/poodles.at\/wp-content\/uploads\/2022\/08\/DSC09666.jpg 800w, https:\/\/poodles.at\/wp-content\/uploads\/2022\/08\/DSC09666-300x200.jpg 300w, https:\/\/poodles.at\/wp-content\/uploads\/2022\/08\/DSC09666-768x513.jpg 768w, https:\/\/poodles.at\/wp-content\/uploads\/2022\/08\/DSC09666-18x12.jpg 18w\" sizes=\"auto, (max-width: 800px) 100vw, 800px\" \/><\/p>\r\n<p style=\"text-align: center;\">\u00a0<\/p>\r\n<p style=\"text-align: center;\">geb.: 30.01.2022<\/p>\r\n<h3 style=\"text-align: center;\">Erfolge<\/h3>\r\n<p style=\"text-align: center;\"><strong>\u00d6sterreichischer Jugend-Champion<\/strong><\/p>\r\n<p>&nbsp;<\/p>\r\n<ul>\r\n<li style=\"text-align: left;\">11.6.2022 (Oberbayern VDH\/FCI) &#8211; Babyklasse &#8211; VV1, Baby BIS-1, Holger Hofmann (D)<\/li>\r\n<li>12.6.2022 (Oberbayern VDH\/FCI) &#8211; Babyklasse &#8211; VV1, Baby BIS-1, G\u00fcnther Ehrenreich (A)<\/li>\r\n<li>06.08.2022 (\u00d6CP Double Speciality, Pudel Trophy) &#8211; J\u00fcngstenklasse &#8211; VV1, J\u00fcngstentrophysieger, Mario Funk (D)<\/li>\r\n<li>07.08.2022 (\u00d6CP Double Speciality, Clubsiegerschau) &#8211; J\u00fcngstenklasse &#8211; VV1, \u00d6CP Doublewinner 2022, Marianne Slooijer (NL)<\/li>\r\n<li>2.12.2022 (IHA Wels 3xCACIB)- Jugendklasse &#8211; V1, Jugendbeste, BOB, Jugendsieger Wels 2022,Erwin Deutscher<\/li>\r\n<li>3.12.2022 (IHA Wels) &#8211; Jugendklasse &#8211; V1, bester Junghund, BOB, Jugend Winter Trophy 2022, Celina Feldmann (CH)<\/li>\r\n<li>4.12.2022 (IHA Wels) &#8211; Jugendklasse &#8211; V1, Jugendbeste, BOB, Jugend Christmas Winner 2022, Uschi Eisner (A)<\/li>\r\n<li>11.2.2023 (NDS Verona, Italien) &#8211; Jugendklasse &#8211; BOB GIO, JCAC, BOS, Bruno Nadalli (It)<\/li>\r\n<li>12.2.2023 (EDS Verona, Italine) &#8211; Jugendklasse &#8211; Exc.1, Amelia Paola Murante (It)<\/li>\r\n<li style=\"text-align: left;\">11.3.2023 (NDS Riva del Garda, Italien) &#8211; Jugendklasse &#8211; Exc.1 &amp; JCAC &amp; BOB GIO &amp; BOB, Zilli Orietta (It)<\/li>\r\n<li>12.3.2023 (IDS Riva del Garda, Italien) &#8211; Jugendklasse &#8211; JCAC &amp; BOB GIO &amp; JCACIB &amp; BOB, Gennari Rosa (It)<\/li>\r\n<li>29.4.2023 (\u00d6CP Zuchtschau, Gl\u00e4serner Pudel, Unterwei\u00dfenbach) &#8211; Jugendklasse &#8211; V1, Klassensieger, Beste H\u00fcndin, Breeding Award 2023, G\u00fcnter Wonsich (A)<\/li>\r\n<\/ul>\r\n<hr \/>\r\n<h3 style=\"text-align: center;\">Gesundheitstest<\/h3>\r\n<p style=\"text-align: center;\">ECVO &#8211; frei, Patella &#8211; 0\/0, Optigen &#8211; A, FERAGEN Pudelpacket &#8211; frei, DNA-Profil<\/p>\r\n<p style=\"text-align: center;\">Zuchttauglich seit 26.3.2023<\/p>\r\n<hr \/>\r\n<h3 style=\"text-align: center;\">Pedigree<\/h3>\r\n\r\n<table style=\"background-color: rgba(254, 245, 216, 0.09); border-color: #d2ccba; border-width: 1px; height: 565px; width: 100%;\" width=\"901\">\r\n<tbody>\r\n<tr style=\"height: 70px;\">\r\n<td style=\"text-align: center; width: 290px; height: 281px;\" rowspan=\"4\">\r\n<p>Bly Ais Vincitore<\/p>\r\n<p><img loading=\"lazy\" decoding=\"async\" class=\"alignnone wp-image-3154 size-medium\" src=\"http:\/\/poodles.at\/wp-content\/uploads\/2022\/05\/received_331925455516952-200x300.jpeg\" alt=\"\" width=\"200\" height=\"300\" srcset=\"https:\/\/poodles.at\/wp-content\/uploads\/2022\/05\/received_331925455516952-200x300.jpeg 200w, https:\/\/poodles.at\/wp-content\/uploads\/2022\/05\/received_331925455516952-8x12.jpeg 8w, https:\/\/poodles.at\/wp-content\/uploads\/2022\/05\/received_331925455516952.jpeg 533w\" sizes=\"auto, (max-width: 200px) 100vw, 200px\" \/><\/p>\r\n<\/td>\r\n<td style=\"text-align: center; width: 420px; height: 139px;\" rowspan=\"2\">Golden Strik Tuareg I<\/td>\r\n<td style=\"text-align: center; width: 191.111px; height: 68px;\">Zamoras Red Hot<\/td>\r\n<\/tr>\r\n<tr style=\"height: 71px;\">\r\n<td style=\"text-align: center; width: 191.111px; height: 71px;\">Golden Strik Alabama Fanta<\/td>\r\n<\/tr>\r\n<tr style=\"height: 71px;\">\r\n<td style=\"text-align: center; width: 420px; height: 142px;\" rowspan=\"2\">Bly Ais Askona<\/td>\r\n<td style=\"text-align: center; width: 191.111px; height: 71px;\">Golden Strik Pincel I<\/td>\r\n<\/tr>\r\n<tr style=\"height: 71px;\">\r\n<td style=\"text-align: center; width: 191.111px; height: 71px;\">Blu Ais Tseura<\/td>\r\n<\/tr>\r\n<tr style=\"height: 71px;\">\r\n<td style=\"text-align: center; width: 290px; height: 284px;\" rowspan=\"4\">Fashion Poodle Mafalda<img loading=\"lazy\" decoding=\"async\" class=\"alignnone wp-image-3153 size-medium\" src=\"http:\/\/poodles.at\/wp-content\/uploads\/2022\/05\/received_739948580718561-300x273.jpeg\" alt=\"\" width=\"300\" height=\"273\" srcset=\"https:\/\/poodles.at\/wp-content\/uploads\/2022\/05\/received_739948580718561-300x273.jpeg 300w, https:\/\/poodles.at\/wp-content\/uploads\/2022\/05\/received_739948580718561-13x12.jpeg 13w, https:\/\/poodles.at\/wp-content\/uploads\/2022\/05\/received_739948580718561.jpeg 706w\" sizes=\"auto, (max-width: 300px) 100vw, 300px\" \/><\/td>\r\n<td style=\"text-align: center; width: 420px; height: 142px;\" rowspan=\"2\">Golden Strik Tuareg I<\/td>\r\n<td style=\"text-align: center; width: 191.111px; height: 71px;\">Zamoras Red Hot<\/td>\r\n<\/tr>\r\n<tr style=\"height: 71px;\">\r\n<td style=\"text-align: center; width: 191.111px; height: 71px;\">Golden Strik Alabama Fanta<\/td>\r\n<\/tr>\r\n<tr style=\"height: 71px;\">\r\n<td style=\"text-align: center; width: 420px; height: 142px;\" rowspan=\"2\">Anfisa<\/td>\r\n<td style=\"text-align: center; width: 191.111px; height: 71px;\">Jantarnaja Komnata Pyshisty<\/td>\r\n<\/tr>\r\n<tr style=\"height: 71px;\">\r\n<td style=\"text-align: center; width: 191.111px; height: 71px;\">Bly Ais Anuta<\/td>\r\n<\/tr>\r\n<\/tbody>\r\n<\/table>\r\n<p style=\"text-align: center;\"><\/p>\r\n<h3 style=\"text-align: center;\">Foto &amp; Videogalerie<\/h3>\r\n<div id='gallery-1' class='gallery galleryid-3126 gallery-columns-4 gallery-size-thumbnail'><figure class='gallery-item'>\n\t\t\t<div class='gallery-icon portrait'>\n\t\t\t\t<a href='https:\/\/poodles.at\/wp-content\/uploads\/2022\/08\/DSC09636.jpg' rel=\"lightbox[gallery-0]\"><img loading=\"lazy\" decoding=\"async\" width=\"150\" height=\"150\" src=\"https:\/\/poodles.at\/wp-content\/uploads\/2022\/08\/DSC09636-150x150.jpg\" class=\"attachment-thumbnail size-thumbnail\" alt=\"\" \/><\/a>\n\t\t\t<\/div><\/figure><figure class='gallery-item'>\n\t\t\t<div class='gallery-icon landscape'>\n\t\t\t\t<a href='https:\/\/poodles.at\/wp-content\/uploads\/2022\/08\/DSC09621.jpg' rel=\"lightbox[gallery-0]\"><img loading=\"lazy\" decoding=\"async\" width=\"150\" height=\"150\" src=\"https:\/\/poodles.at\/wp-content\/uploads\/2022\/08\/DSC09621-150x150.jpg\" class=\"attachment-thumbnail size-thumbnail\" alt=\"\" \/><\/a>\n\t\t\t<\/div><\/figure><figure class='gallery-item'>\n\t\t\t<div class='gallery-icon portrait'>\n\t\t\t\t<a href='https:\/\/poodles.at\/wp-content\/uploads\/2022\/04\/received_1055871075008724.jpeg' rel=\"lightbox[gallery-0]\"><img loading=\"lazy\" decoding=\"async\" width=\"150\" height=\"150\" src=\"https:\/\/poodles.at\/wp-content\/uploads\/2022\/04\/received_1055871075008724-150x150.jpeg\" class=\"attachment-thumbnail size-thumbnail\" alt=\"\" \/><\/a>\n\t\t\t<\/div><\/figure><figure class='gallery-item'>\n\t\t\t<div class='gallery-icon landscape'>\n\t\t\t\t<a href='https:\/\/poodles.at\/wp-content\/uploads\/2022\/08\/DSC09666.jpg' rel=\"lightbox[gallery-0]\"><img loading=\"lazy\" decoding=\"async\" width=\"150\" height=\"150\" src=\"https:\/\/poodles.at\/wp-content\/uploads\/2022\/08\/DSC09666-150x150.jpg\" class=\"attachment-thumbnail size-thumbnail\" alt=\"\" \/><\/a>\n\t\t\t<\/div><\/figure><figure class='gallery-item'>\n\t\t\t<div class='gallery-icon landscape'>\n\t\t\t\t<a href='https:\/\/poodles.at\/wp-content\/uploads\/2022\/05\/received_357971126370193.jpeg' rel=\"lightbox[gallery-0]\"><img loading=\"lazy\" decoding=\"async\" width=\"150\" height=\"150\" src=\"https:\/\/poodles.at\/wp-content\/uploads\/2022\/05\/received_357971126370193-150x150.jpeg\" class=\"attachment-thumbnail size-thumbnail\" alt=\"\" \/><\/a>\n\t\t\t<\/div><\/figure><figure class='gallery-item'>\n\t\t\t<div class='gallery-icon landscape'>\n\t\t\t\t<a href='https:\/\/poodles.at\/wp-content\/uploads\/2022\/04\/received_670293654260099.jpeg' rel=\"lightbox[gallery-0]\"><img loading=\"lazy\" decoding=\"async\" width=\"150\" height=\"150\" src=\"https:\/\/poodles.at\/wp-content\/uploads\/2022\/04\/received_670293654260099-150x150.jpeg\" class=\"attachment-thumbnail size-thumbnail\" alt=\"\" srcset=\"https:\/\/poodles.at\/wp-content\/uploads\/2022\/04\/received_670293654260099-150x150.jpeg 150w, https:\/\/poodles.at\/wp-content\/uploads\/2022\/04\/received_670293654260099-300x300.jpeg 300w, https:\/\/poodles.at\/wp-content\/uploads\/2022\/04\/received_670293654260099.jpeg 800w, https:\/\/poodles.at\/wp-content\/uploads\/2022\/04\/received_670293654260099-768x768.jpeg 768w, https:\/\/poodles.at\/wp-content\/uploads\/2022\/04\/received_670293654260099-12x12.jpeg 12w\" sizes=\"auto, (max-width: 150px) 100vw, 150px\" \/><\/a>\n\t\t\t<\/div><\/figure><figure class='gallery-item'>\n\t\t\t<div class='gallery-icon portrait'>\n\t\t\t\t<a href='https:\/\/poodles.at\/wp-content\/uploads\/2022\/06\/IMG-20220612-WA0053.jpg' rel=\"lightbox[gallery-0]\"><img loading=\"lazy\" decoding=\"async\" width=\"150\" height=\"150\" src=\"https:\/\/poodles.at\/wp-content\/uploads\/2022\/06\/IMG-20220612-WA0053-150x150.jpg\" class=\"attachment-thumbnail size-thumbnail\" alt=\"\" \/><\/a>\n\t\t\t<\/div><\/figure><figure class='gallery-item'>\n\t\t\t<div class='gallery-icon portrait'>\n\t\t\t\t<a href='https:\/\/poodles.at\/wp-content\/uploads\/2022\/06\/IMG-20220611-WA0031.jpg' rel=\"lightbox[gallery-0]\"><img loading=\"lazy\" decoding=\"async\" width=\"150\" height=\"150\" src=\"https:\/\/poodles.at\/wp-content\/uploads\/2022\/06\/IMG-20220611-WA0031-150x150.jpg\" class=\"attachment-thumbnail size-thumbnail\" alt=\"\" \/><\/a>\n\t\t\t<\/div><\/figure><figure class='gallery-item'>\n\t\t\t<div class='gallery-icon landscape'>\n\t\t\t\t<a href='https:\/\/poodles.at\/wp-content\/uploads\/2022\/08\/DSC00122kp.jpg' rel=\"lightbox[gallery-0]\"><img loading=\"lazy\" decoding=\"async\" width=\"150\" height=\"150\" src=\"https:\/\/poodles.at\/wp-content\/uploads\/2022\/08\/DSC00122kp-150x150.jpg\" class=\"attachment-thumbnail size-thumbnail\" alt=\"\" \/><\/a>\n\t\t\t<\/div><\/figure>\n\t\t<\/div>\n\r\n<p style=\"text-align: center;\"><div class=\"lyte-wrapper fourthree\" style=\"width:480px;max-width:100%;margin:5px auto;\"><div class=\"lyMe hidef\" id=\"WYL_gPX5e0BKeHU\"><div id=\"lyte_gPX5e0BKeHU\" data-src=\"https:\/\/poodles.at\/wp-content\/plugins\/wp-youtube-lyte\/lyteCache.php?origThumbUrl=%2F%2Fi.ytimg.com%2Fvi%2FgPX5e0BKeHU%2Fmaxresdefault.jpg\" class=\"pL\"><div class=\"tC\"><div class=\"tT\"><\/div><\/div><div class=\"play\"><\/div><div class=\"ctrl\"><div class=\"Lctrl\"><\/div><div class=\"Rctrl\"><\/div><\/div><\/div><noscript><a href=\"https:\/\/youtu.be\/gPX5e0BKeHU\" rel=\"nofollow\"><img loading=\"lazy\" decoding=\"async\" src=\"https:\/\/poodles.at\/wp-content\/plugins\/wp-youtube-lyte\/lyteCache.php?origThumbUrl=https%3A%2F%2Fi.ytimg.com%2Fvi%2FgPX5e0BKeHU%2F0.jpg\" alt=\"YouTube video thumbnail\" width=\"480\" height=\"340\" \/><\/a><\/noscript><\/div><\/div><div class=\"lL\" style=\"max-width:100%;width:480px;margin:5px auto;\"> <a href=\"https:\/\/youtu.be\/gPX5e0BKeHU\" target=\"_blank\">Watch this video on YouTube<\/a>.<\/div><\/p>\r\n<p style=\"text-align: center;\"><div class=\"lyte-wrapper fourthree\" style=\"width:480px;max-width:100%;margin:5px auto;\"><div class=\"lyMe hidef\" id=\"WYL_AssN0ZCrkww\"><div id=\"lyte_AssN0ZCrkww\" data-src=\"https:\/\/poodles.at\/wp-content\/plugins\/wp-youtube-lyte\/lyteCache.php?origThumbUrl=%2F%2Fi.ytimg.com%2Fvi%2FAssN0ZCrkww%2Fmaxresdefault.jpg\" class=\"pL\"><div class=\"tC\"><div class=\"tT\"><\/div><\/div><div class=\"play\"><\/div><div class=\"ctrl\"><div class=\"Lctrl\"><\/div><div class=\"Rctrl\"><\/div><\/div><\/div><noscript><a href=\"https:\/\/youtu.be\/AssN0ZCrkww\" rel=\"nofollow\"><img loading=\"lazy\" decoding=\"async\" src=\"https:\/\/poodles.at\/wp-content\/plugins\/wp-youtube-lyte\/lyteCache.php?origThumbUrl=https%3A%2F%2Fi.ytimg.com%2Fvi%2FAssN0ZCrkww%2F0.jpg\" alt=\"YouTube video thumbnail\" width=\"480\" height=\"340\" \/><\/a><\/noscript><\/div><\/div><div class=\"lL\" style=\"max-width:100%;width:480px;margin:5px auto;\"> <a href=\"https:\/\/youtu.be\/AssN0ZCrkww\" target=\"_blank\">Watch this video on YouTube<\/a>.<\/div><\/p>\r\n<p style=\"text-align: center;\">\u00a0<\/p>","protected":false},"excerpt":{"rendered":"<p>Diva Bly Ais Izabella \u00a0 geb.: 30.01.2022 Erfolge \u00d6sterreichischer Jugend-Champion &nbsp; 11.6.2022 (Oberbayern VDH\/FCI) &#8211; Babyklasse &#8211; VV1, Baby BIS-1, Holger Hofmann (D) 12.6.2022 (Oberbayern VDH\/FCI) &#8211; Babyklasse &#8211; VV1, Baby BIS-1, G\u00fcnther Ehrenreich (A) 06.08.2022 (\u00d6CP Double Speciality, Pudel Trophy) &#8211; J\u00fcngstenklasse &#8211; VV1, J\u00fcngstentrophysieger, Mario Funk (D) 07.08.2022 (\u00d6CP Double Speciality, Clubsiegerschau) &#8211; &#8230; <a title=\"Diva\" class=\"read-more\" href=\"https:\/\/poodles.at\/en\/diva\/\" aria-label=\"Read more about Diva\">Read more<\/a><\/p>","protected":false},"author":1,"featured_media":0,"parent":0,"menu_order":0,"comment_status":"closed","ping_status":"closed","template":"","meta":{"footnotes":""},"class_list":["post-3126","page","type-page","status-publish"],"_links":{"self":[{"href":"https:\/\/poodles.at\/en\/wp-json\/wp\/v2\/pages\/3126","targetHints":{"allow":["GET"]}}],"collection":[{"href":"https:\/\/poodles.at\/en\/wp-json\/wp\/v2\/pages"}],"about":[{"href":"https:\/\/poodles.at\/en\/wp-json\/wp\/v2\/types\/page"}],"author":[{"embeddable":true,"href":"https:\/\/poodles.at\/en\/wp-json\/wp\/v2\/users\/1"}],"replies":[{"embeddable":true,"href":"https:\/\/poodles.at\/en\/wp-json\/wp\/v2\/comments?post=3126"}],"version-history":[{"count":22,"href":"https:\/\/poodles.at\/en\/wp-json\/wp\/v2\/pages\/3126\/revisions"}],"predecessor-version":[{"id":7125,"href":"https:\/\/poodles.at\/en\/wp-json\/wp\/v2\/pages\/3126\/revisions\/7125"}],"wp:attachment":[{"href":"https:\/\/poodles.at\/en\/wp-json\/wp\/v2\/media?parent=3126"}],"curies":[{"name":"wp","href":"https:\/\/api.w.org\/{rel}","templated":true}]}}