{"id":69,"date":"2019-05-03T16:05:38","date_gmt":"2019-05-03T14:05:38","guid":{"rendered":"http:\/\/poodles.at\/?page_id=69"},"modified":"2022-12-31T20:07:49","modified_gmt":"2022-12-31T19:07:49","slug":"maja","status":"publish","type":"page","link":"https:\/\/poodles.at\/en\/maja\/","title":{"rendered":"Maja"},"content":{"rendered":"<h2 style=\"text-align: center;\">Smart Connection Time To Talk<\/h2>\r\n<p style=\"text-align: center;\"><strong><span style=\"color: #800080;\"><em>Meine Maya &#8211; Papaya, meine s\u00fc\u00df &#8211; saure Gurke, du bleibst f\u00fcr immer und ewig in unserem Herzen! Mein schwierigster Hund, aber trotzdem mein ALLERLIEBESTER Liebling&#8230;. <\/em><\/span><\/strong><\/p>\r\n<p style=\"text-align: center;\"><strong><span style=\"color: #800080;\"><em>Ruhe im Frieden, mein M\u00e4dchen&#8230;<\/em><\/span><\/strong><\/p>\r\n<p style=\"text-align: center;\"><img loading=\"lazy\" decoding=\"async\" class=\"start_img aligncenter wp-image-96\" src=\"http:\/\/poodles.at\/wp-content\/uploads\/2019\/05\/WhatsApp-Image-2019-03-20-at-14.41.18-576x1024.jpeg\" alt=\"\" width=\"337\" height=\"600\" srcset=\"https:\/\/poodles.at\/wp-content\/uploads\/2019\/05\/WhatsApp-Image-2019-03-20-at-14.41.18-576x1024.jpeg 576w, https:\/\/poodles.at\/wp-content\/uploads\/2019\/05\/WhatsApp-Image-2019-03-20-at-14.41.18-169x300.jpeg 169w, https:\/\/poodles.at\/wp-content\/uploads\/2019\/05\/WhatsApp-Image-2019-03-20-at-14.41.18-768x1366.jpeg 768w, https:\/\/poodles.at\/wp-content\/uploads\/2019\/05\/WhatsApp-Image-2019-03-20-at-14.41.18.jpeg 450w\" sizes=\"auto, (max-width: 337px) 100vw, 337px\" \/><\/p>\r\n<p style=\"text-align: center;\">geb.: 1.11.2011 &#8211; 22.10.2021<\/p>\r\n<hr \/>\r\n<p style=\"text-align: center;\">Erfolge<\/p>\r\n<hr \/>\r\n<p style=\"text-align: center;\">Gesundheitsuntersuchungen<\/p>\r\n<hr \/>\r\n<p style=\"text-align: center;\">Pedigree<\/p>\r\n\r\n<table style=\"background-color: rgba(254, 245, 216, 0.09); border-color: #d2ccba; border-width: 1px; height: 567px;\" width=\"901\">\r\n<tbody>\r\n<tr style=\"height: 70px;\">\r\n<td style=\"text-align: center; width: 290px; height: 283px;\" rowspan=\"4\">Vanitonia If I was to Tell you<\/td>\r\n<td style=\"text-align: center; width: 420px; height: 141px;\" rowspan=\"2\">Smash Best Beat At Vanitonia<\/td>\r\n<td style=\"text-align: center; width: 191.111px; height: 70px;\">Smash Play with Fire<\/td>\r\n<\/tr>\r\n<tr style=\"height: 71px;\">\r\n<td style=\"text-align: center; width: 191.111px; height: 71px;\">Smash Beat<\/td>\r\n<\/tr>\r\n<tr style=\"height: 71px;\">\r\n<td style=\"text-align: center; width: 420px; height: 142px;\" rowspan=\"2\">Vanitonia Laura Lush<\/td>\r\n<td style=\"text-align: center; width: 191.111px; height: 71px;\">Marglen Master Plan At Vanitonia<\/td>\r\n<\/tr>\r\n<tr style=\"height: 71px;\">\r\n<td style=\"text-align: center; width: 191.111px; height: 71px;\">Vanitonia Clair Voyant<\/td>\r\n<\/tr>\r\n<tr style=\"height: 71px;\">\r\n<td style=\"text-align: center; width: 290px; height: 284px;\" rowspan=\"4\">Solnes Stars in her Eyes<\/td>\r\n<td style=\"text-align: center; width: 420px; height: 142px;\" rowspan=\"2\">Solnes Turkish Noel<\/td>\r\n<td style=\"text-align: center; width: 191.111px; height: 71px;\">Solnes Rain Dance<\/td>\r\n<\/tr>\r\n<tr style=\"height: 71px;\">\r\n<td style=\"text-align: center; width: 191.111px; height: 71px;\">Solnes Turkish Delight<\/td>\r\n<\/tr>\r\n<tr style=\"height: 71px;\">\r\n<td style=\"text-align: center; width: 420px; height: 142px;\" rowspan=\"2\">Djakartas Tamar<\/td>\r\n<td style=\"text-align: center; width: 191.111px; height: 71px;\">Solnes Lobster And Champagne<\/td>\r\n<\/tr>\r\n<tr style=\"height: 71px;\">\r\n<td style=\"text-align: center; width: 191.111px; height: 71px;\">Solnes Just For Fun<\/td>\r\n<\/tr>\r\n<\/tbody>\r\n<\/table>\r\n<h2 style=\"text-align: center;\">Foto &amp; Videogalerie<\/h2>\r\n<div id='gallery-1' class='gallery galleryid-69 gallery-columns-4 gallery-size-thumbnail'><figure class='gallery-item'>\n\t\t\t<div class='gallery-icon portrait'>\n\t\t\t\t<a href='https:\/\/poodles.at\/wp-content\/uploads\/2019\/05\/WhatsApp-Image-2019-03-20-at-14.40.13.jpeg' rel=\"lightbox[gallery-0]\"><img loading=\"lazy\" decoding=\"async\" width=\"150\" height=\"150\" src=\"https:\/\/poodles.at\/wp-content\/uploads\/2019\/05\/WhatsApp-Image-2019-03-20-at-14.40.13-150x150.jpeg\" class=\"attachment-thumbnail size-thumbnail\" alt=\"\" \/><\/a>\n\t\t\t<\/div><\/figure><figure class='gallery-item'>\n\t\t\t<div class='gallery-icon landscape'>\n\t\t\t\t<a href='https:\/\/poodles.at\/wp-content\/uploads\/2019\/05\/WhatsApp-Image-2019-03-20-at-14.40.121.jpeg' rel=\"lightbox[gallery-0]\"><img loading=\"lazy\" decoding=\"async\" width=\"150\" height=\"150\" src=\"https:\/\/poodles.at\/wp-content\/uploads\/2019\/05\/WhatsApp-Image-2019-03-20-at-14.40.121-150x150.jpeg\" class=\"attachment-thumbnail size-thumbnail\" alt=\"\" \/><\/a>\n\t\t\t<\/div><\/figure><figure class='gallery-item'>\n\t\t\t<div class='gallery-icon landscape'>\n\t\t\t\t<a href='https:\/\/poodles.at\/wp-content\/uploads\/2019\/05\/309398_425012914209236_1523729825_n.jpg' rel=\"lightbox[gallery-0]\"><img loading=\"lazy\" decoding=\"async\" width=\"150\" height=\"150\" src=\"https:\/\/poodles.at\/wp-content\/uploads\/2019\/05\/309398_425012914209236_1523729825_n-150x150.jpg\" class=\"attachment-thumbnail size-thumbnail\" alt=\"\" \/><\/a>\n\t\t\t<\/div><\/figure><figure class='gallery-item'>\n\t\t\t<div class='gallery-icon landscape'>\n\t\t\t\t<a href='https:\/\/poodles.at\/wp-content\/uploads\/2019\/05\/428245_324460400931155_1802781689_n.jpg' rel=\"lightbox[gallery-0]\"><img loading=\"lazy\" decoding=\"async\" width=\"150\" height=\"150\" src=\"https:\/\/poodles.at\/wp-content\/uploads\/2019\/05\/428245_324460400931155_1802781689_n-150x150.jpg\" class=\"attachment-thumbnail size-thumbnail\" alt=\"\" \/><\/a>\n\t\t\t<\/div><\/figure><figure class='gallery-item'>\n\t\t\t<div class='gallery-icon landscape'>\n\t\t\t\t<a href='https:\/\/poodles.at\/wp-content\/uploads\/2019\/05\/538521_357632437613951_1977477895_n.jpg' rel=\"lightbox[gallery-0]\"><img loading=\"lazy\" decoding=\"async\" width=\"150\" height=\"150\" src=\"https:\/\/poodles.at\/wp-content\/uploads\/2019\/05\/538521_357632437613951_1977477895_n-150x150.jpg\" class=\"attachment-thumbnail size-thumbnail\" alt=\"\" \/><\/a>\n\t\t\t<\/div><\/figure><figure class='gallery-item'>\n\t\t\t<div class='gallery-icon landscape'>\n\t\t\t\t<a href='https:\/\/poodles.at\/wp-content\/uploads\/2019\/05\/547142_397147813662413_1213663414_n.jpg' rel=\"lightbox[gallery-0]\"><img loading=\"lazy\" decoding=\"async\" width=\"150\" height=\"150\" src=\"https:\/\/poodles.at\/wp-content\/uploads\/2019\/05\/547142_397147813662413_1213663414_n-150x150.jpg\" class=\"attachment-thumbnail size-thumbnail\" alt=\"\" \/><\/a>\n\t\t\t<\/div><\/figure><figure class='gallery-item'>\n\t\t\t<div class='gallery-icon landscape'>\n\t\t\t\t<a href='https:\/\/poodles.at\/wp-content\/uploads\/2019\/05\/549035_424986344211893_1953431472_n.jpg' rel=\"lightbox[gallery-0]\"><img loading=\"lazy\" decoding=\"async\" width=\"150\" height=\"150\" src=\"https:\/\/poodles.at\/wp-content\/uploads\/2019\/05\/549035_424986344211893_1953431472_n-150x150.jpg\" class=\"attachment-thumbnail size-thumbnail\" alt=\"\" \/><\/a>\n\t\t\t<\/div><\/figure><figure class='gallery-item'>\n\t\t\t<div class='gallery-icon portrait'>\n\t\t\t\t<a href='https:\/\/poodles.at\/wp-content\/uploads\/2022\/06\/Screenshot_20220530-194105_Facebook.jpg' rel=\"lightbox[gallery-0]\"><img loading=\"lazy\" decoding=\"async\" width=\"150\" height=\"150\" src=\"https:\/\/poodles.at\/wp-content\/uploads\/2022\/06\/Screenshot_20220530-194105_Facebook-150x150.jpg\" class=\"attachment-thumbnail size-thumbnail\" alt=\"\" \/><\/a>\n\t\t\t<\/div><\/figure>\n\t\t<\/div>\n","protected":false},"excerpt":{"rendered":"<p>Smart Connection Time To Talk Meine Maya &#8211; Papaya, meine s\u00fc\u00df &#8211; saure Gurke, du bleibst f\u00fcr immer und ewig in unserem Herzen! Mein schwierigster Hund, aber trotzdem mein ALLERLIEBESTER Liebling&#8230;. Ruhe im Frieden, mein M\u00e4dchen&#8230; geb.: 1.11.2011 &#8211; 22.10.2021 Erfolge Gesundheitsuntersuchungen Pedigree Vanitonia If I was to Tell you Smash Best Beat At Vanitonia &#8230; <a title=\"Maja\" class=\"read-more\" href=\"https:\/\/poodles.at\/en\/maja\/\" aria-label=\"Read more about Maja\">Read more<\/a><\/p>","protected":false},"author":1,"featured_media":0,"parent":0,"menu_order":0,"comment_status":"closed","ping_status":"closed","template":"","meta":{"footnotes":""},"class_list":["post-69","page","type-page","status-publish"],"_links":{"self":[{"href":"https:\/\/poodles.at\/en\/wp-json\/wp\/v2\/pages\/69","targetHints":{"allow":["GET"]}}],"collection":[{"href":"https:\/\/poodles.at\/en\/wp-json\/wp\/v2\/pages"}],"about":[{"href":"https:\/\/poodles.at\/en\/wp-json\/wp\/v2\/types\/page"}],"author":[{"embeddable":true,"href":"https:\/\/poodles.at\/en\/wp-json\/wp\/v2\/users\/1"}],"replies":[{"embeddable":true,"href":"https:\/\/poodles.at\/en\/wp-json\/wp\/v2\/comments?post=69"}],"version-history":[{"count":12,"href":"https:\/\/poodles.at\/en\/wp-json\/wp\/v2\/pages\/69\/revisions"}],"predecessor-version":[{"id":4033,"href":"https:\/\/poodles.at\/en\/wp-json\/wp\/v2\/pages\/69\/revisions\/4033"}],"wp:attachment":[{"href":"https:\/\/poodles.at\/en\/wp-json\/wp\/v2\/media?parent=69"}],"curies":[{"name":"wp","href":"https:\/\/api.w.org\/{rel}","templated":true}]}}