{"id":72,"date":"2019-05-03T16:07:52","date_gmt":"2019-05-03T14:07:52","guid":{"rendered":"http:\/\/poodles.at\/?page_id=72"},"modified":"2023-01-17T22:24:27","modified_gmt":"2023-01-17T21:24:27","slug":"pippilotta","status":"publish","type":"page","link":"https:\/\/poodles.at\/en\/pippilotta\/","title":{"rendered":"Pippilotta"},"content":{"rendered":"<h2 style=\"text-align: center;\">Pajans Auenpudel Pippilotta<\/h2>\r\n<p style=\"text-align: center;\"><img loading=\"lazy\" decoding=\"async\" class=\"alignnone size-medium wp-image-3160\" src=\"http:\/\/poodles.at\/wp-content\/uploads\/2022\/05\/20220528_175820-300x300.jpg\" alt=\"\" width=\"300\" height=\"300\" srcset=\"https:\/\/poodles.at\/wp-content\/uploads\/2022\/05\/20220528_175820-300x300.jpg 300w, https:\/\/poodles.at\/wp-content\/uploads\/2022\/05\/20220528_175820-150x150.jpg 150w, https:\/\/poodles.at\/wp-content\/uploads\/2022\/05\/20220528_175820-12x12.jpg 12w, https:\/\/poodles.at\/wp-content\/uploads\/2022\/05\/20220528_175820.jpg 667w\" sizes=\"auto, (max-width: 300px) 100vw, 300px\" \/><\/p>\r\n<p><span style=\"color: #993366;\"><strong><em>Viel zu fr\u00fch hast du uns verlassen&#8230;. Du bist ein Traum von meinem gaaanzen Leben gewesen! Ein perfekter, wunderbarer, k\u00f6niglicher Pudel aller Zeiten &#8211; unsere &#8222;Pipka La Lipka&#8220;. Dein Platz in unseren Herzen bleibt f\u00fcr immer NUR\u00a0 f\u00fcr dich alleine frei! Ruhe in Frieden &#8211; unser bezauberndes M\u00e4dchen&#8230;.<\/em><\/strong><\/span><\/p>\r\n<p style=\"text-align: center;\"><img loading=\"lazy\" decoding=\"async\" class=\"start_img aligncenter wp-image-101\" src=\"http:\/\/poodles.at\/wp-content\/uploads\/2019\/05\/WhatsApp-Image-2019-03-20-at-14.48.461-e1556976543947.jpeg\" alt=\"\" width=\"454\" height=\"593\" srcset=\"https:\/\/poodles.at\/wp-content\/uploads\/2019\/05\/WhatsApp-Image-2019-03-20-at-14.48.461-e1556976543947.jpeg 613w, https:\/\/poodles.at\/wp-content\/uploads\/2019\/05\/WhatsApp-Image-2019-03-20-at-14.48.461-e1556976543947-230x300.jpeg 230w\" sizes=\"auto, (max-width: 454px) 100vw, 454px\" \/><\/p>\r\n<p style=\"text-align: center;\">geb.:18.5.2017 &#8211; 12.5.2022<\/p>\r\n<hr \/>\r\n<h3 style=\"text-align: center;\">Erfolge<\/h3>\r\n<ul>\r\n<li>8.3.2018 (IHA Salzburg) &#8211; Jugendklasse &#8211; sehr gut, Schemel Andreas<\/li>\r\n<li>29.4.2018 (Zuchtschau &#8222;Gl\u00e4serner Pudel Stetten) &#8211; Jugendklasse &#8211; V1, Klassensieger, Doris Payerl<\/li>\r\n<\/ul>\r\n<hr \/>\r\n<h3 style=\"text-align: center;\">Gesundheitsuntersuchungen<\/h3>\r\n<hr \/>\r\n<h3 style=\"text-align: center;\">Pedigree<\/h3>\r\n<p style=\"text-align: center;\"><\/p>\r\n<table style=\"background-color: rgba(254, 245, 216, 0.09); border-color: #d2ccba; border-width: 1px; height: 567px;\" width=\"901\">\r\n<tbody>\r\n<tr style=\"height: 70px;\">\r\n<td style=\"text-align: center; width: 290px; height: 283px;\" rowspan=\"4\">Artizan Might And Power<\/td>\r\n<td style=\"text-align: center; width: 420px; height: 141px;\" rowspan=\"2\">Wazky Dralion<\/td>\r\n<td style=\"text-align: center; width: 191.111px; height: 70px;\">Marechal Varekai<\/td>\r\n<\/tr>\r\n<tr style=\"height: 71px;\">\r\n<td style=\"text-align: center; width: 191.111px; height: 71px;\">Jurado Because I can<\/td>\r\n<\/tr>\r\n<tr style=\"height: 71px;\">\r\n<td style=\"text-align: center; width: 420px; height: 142px;\" rowspan=\"2\">Artzian Vanity Fair<\/td>\r\n<td style=\"text-align: center; width: 191.111px; height: 71px;\">Lycos Carzy in Love<\/td>\r\n<\/tr>\r\n<tr style=\"height: 71px;\">\r\n<td style=\"text-align: center; width: 191.111px; height: 71px;\">Retsae Espirit De Lune<\/td>\r\n<\/tr>\r\n<tr style=\"height: 71px;\">\r\n<td style=\"text-align: center; width: 290px; height: 284px;\" rowspan=\"4\">Pajans Auenpudel Nell<\/td>\r\n<td style=\"text-align: center; width: 420px; height: 142px;\" rowspan=\"2\">Calie&#8217;s Chrome CaughtmySpirit<\/td>\r\n<td style=\"text-align: center; width: 191.111px; height: 71px;\">Bar-None Corps Consulaire Calie<\/td>\r\n<\/tr>\r\n<tr style=\"height: 71px;\">\r\n<td style=\"text-align: center; width: 191.111px; height: 71px;\">Stora Bergas Sannolika Sanna<\/td>\r\n<\/tr>\r\n<tr style=\"height: 71px;\">\r\n<td style=\"text-align: center; width: 420px; height: 142px;\" rowspan=\"2\">June aus dem Hause Gryffindor<\/td>\r\n<td style=\"text-align: center; width: 191.111px; height: 71px;\">Tajurah Le Papillon<\/td>\r\n<\/tr>\r\n<tr style=\"height: 71px;\">\r\n<td style=\"text-align: center; width: 191.111px; height: 71px;\">Silver Kira vom Strahlenden Sternchen<\/td>\r\n<\/tr>\r\n<\/tbody>\r\n<\/table>\r\n<h3 style=\"text-align: center;\">Foto &amp; Videogalerie<\/h3>\r\n<div id='gallery-1' class='gallery galleryid-72 gallery-columns-4 gallery-size-thumbnail'><figure class='gallery-item'>\n\t\t\t<div class='gallery-icon portrait'>\n\t\t\t\t<a href='https:\/\/poodles.at\/wp-content\/uploads\/2019\/05\/WhatsApp-Image-2019-03-20-at-14.48.491.jpeg' rel=\"lightbox[gallery-0]\"><img loading=\"lazy\" decoding=\"async\" width=\"150\" height=\"150\" src=\"https:\/\/poodles.at\/wp-content\/uploads\/2019\/05\/WhatsApp-Image-2019-03-20-at-14.48.491-150x150.jpeg\" class=\"attachment-thumbnail size-thumbnail\" alt=\"\" \/><\/a>\n\t\t\t<\/div><\/figure><figure class='gallery-item'>\n\t\t\t<div class='gallery-icon portrait'>\n\t\t\t\t<a href='https:\/\/poodles.at\/wp-content\/uploads\/2019\/05\/WhatsApp-Image-2019-03-20-at-14.48.483.jpeg' rel=\"lightbox[gallery-0]\"><img loading=\"lazy\" decoding=\"async\" width=\"150\" height=\"150\" src=\"https:\/\/poodles.at\/wp-content\/uploads\/2019\/05\/WhatsApp-Image-2019-03-20-at-14.48.483-150x150.jpeg\" class=\"attachment-thumbnail size-thumbnail\" alt=\"\" \/><\/a>\n\t\t\t<\/div><\/figure><figure class='gallery-item'>\n\t\t\t<div class='gallery-icon portrait'>\n\t\t\t\t<a href='https:\/\/poodles.at\/wp-content\/uploads\/2019\/05\/WhatsApp-Image-2019-03-20-at-14.48.482.jpeg' rel=\"lightbox[gallery-0]\"><img loading=\"lazy\" decoding=\"async\" width=\"150\" height=\"150\" src=\"https:\/\/poodles.at\/wp-content\/uploads\/2019\/05\/WhatsApp-Image-2019-03-20-at-14.48.482-150x150.jpeg\" class=\"attachment-thumbnail size-thumbnail\" alt=\"\" \/><\/a>\n\t\t\t<\/div><\/figure><figure class='gallery-item'>\n\t\t\t<div class='gallery-icon portrait'>\n\t\t\t\t<a href='https:\/\/poodles.at\/wp-content\/uploads\/2019\/05\/WhatsApp-Image-2019-03-20-at-14.48.481.jpeg' rel=\"lightbox[gallery-0]\"><img loading=\"lazy\" decoding=\"async\" width=\"150\" height=\"150\" src=\"https:\/\/poodles.at\/wp-content\/uploads\/2019\/05\/WhatsApp-Image-2019-03-20-at-14.48.481-150x150.jpeg\" class=\"attachment-thumbnail size-thumbnail\" alt=\"\" \/><\/a>\n\t\t\t<\/div><\/figure><figure class='gallery-item'>\n\t\t\t<div class='gallery-icon landscape'>\n\t\t\t\t<a href='https:\/\/poodles.at\/wp-content\/uploads\/2019\/05\/WhatsApp-Image-2019-03-20-at-14.48.47.jpeg' rel=\"lightbox[gallery-0]\"><img loading=\"lazy\" decoding=\"async\" width=\"150\" height=\"150\" src=\"https:\/\/poodles.at\/wp-content\/uploads\/2019\/05\/WhatsApp-Image-2019-03-20-at-14.48.47-150x150.jpeg\" class=\"attachment-thumbnail size-thumbnail\" alt=\"\" \/><\/a>\n\t\t\t<\/div><\/figure><figure class='gallery-item'>\n\t\t\t<div class='gallery-icon portrait'>\n\t\t\t\t<a href='https:\/\/poodles.at\/wp-content\/uploads\/2019\/05\/WhatsApp-Image-2019-03-20-at-14.48.472.jpeg' rel=\"lightbox[gallery-0]\"><img loading=\"lazy\" decoding=\"async\" width=\"150\" height=\"150\" src=\"https:\/\/poodles.at\/wp-content\/uploads\/2019\/05\/WhatsApp-Image-2019-03-20-at-14.48.472-150x150.jpeg\" class=\"attachment-thumbnail size-thumbnail\" alt=\"\" \/><\/a>\n\t\t\t<\/div><\/figure><figure class='gallery-item'>\n\t\t\t<div class='gallery-icon portrait'>\n\t\t\t\t<a href='https:\/\/poodles.at\/wp-content\/uploads\/2019\/05\/WhatsApp-Image-2019-03-20-at-14.48.471.jpeg' rel=\"lightbox[gallery-0]\"><img loading=\"lazy\" decoding=\"async\" width=\"150\" height=\"150\" src=\"https:\/\/poodles.at\/wp-content\/uploads\/2019\/05\/WhatsApp-Image-2019-03-20-at-14.48.471-150x150.jpeg\" class=\"attachment-thumbnail size-thumbnail\" alt=\"\" \/><\/a>\n\t\t\t<\/div><\/figure><figure class='gallery-item'>\n\t\t\t<div class='gallery-icon landscape'>\n\t\t\t\t<a href='https:\/\/poodles.at\/wp-content\/uploads\/2019\/05\/WhatsApp-Image-2019-03-20-at-14.48.46.jpeg' rel=\"lightbox[gallery-0]\"><img loading=\"lazy\" decoding=\"async\" width=\"150\" height=\"150\" src=\"https:\/\/poodles.at\/wp-content\/uploads\/2019\/05\/WhatsApp-Image-2019-03-20-at-14.48.46-150x150.jpeg\" class=\"attachment-thumbnail size-thumbnail\" alt=\"\" \/><\/a>\n\t\t\t<\/div><\/figure><figure class='gallery-item'>\n\t\t\t<div class='gallery-icon portrait'>\n\t\t\t\t<a href='https:\/\/poodles.at\/wp-content\/uploads\/2019\/05\/WhatsApp-Image-2019-03-20-at-14.48.461-1.jpeg' rel=\"lightbox[gallery-0]\"><img loading=\"lazy\" decoding=\"async\" width=\"150\" height=\"150\" src=\"https:\/\/poodles.at\/wp-content\/uploads\/2019\/05\/WhatsApp-Image-2019-03-20-at-14.48.461-1-150x150.jpeg\" class=\"attachment-thumbnail size-thumbnail\" alt=\"\" \/><\/a>\n\t\t\t<\/div><\/figure><figure class='gallery-item'>\n\t\t\t<div class='gallery-icon portrait'>\n\t\t\t\t<a href='https:\/\/poodles.at\/wp-content\/uploads\/2019\/05\/WhatsApp-Image-2019-03-20-at-14.48.451.jpeg' rel=\"lightbox[gallery-0]\"><img loading=\"lazy\" decoding=\"async\" width=\"150\" height=\"150\" src=\"https:\/\/poodles.at\/wp-content\/uploads\/2019\/05\/WhatsApp-Image-2019-03-20-at-14.48.451-150x150.jpeg\" class=\"attachment-thumbnail size-thumbnail\" alt=\"\" \/><\/a>\n\t\t\t<\/div><\/figure><figure class='gallery-item'>\n\t\t\t<div class='gallery-icon portrait'>\n\t\t\t\t<a href='https:\/\/poodles.at\/wp-content\/uploads\/2019\/05\/WhatsApp-Image-2019-03-20-at-14.48.44.jpeg' rel=\"lightbox[gallery-0]\"><img loading=\"lazy\" decoding=\"async\" width=\"150\" height=\"150\" src=\"https:\/\/poodles.at\/wp-content\/uploads\/2019\/05\/WhatsApp-Image-2019-03-20-at-14.48.44-150x150.jpeg\" class=\"attachment-thumbnail size-thumbnail\" alt=\"\" \/><\/a>\n\t\t\t<\/div><\/figure><figure class='gallery-item'>\n\t\t\t<div class='gallery-icon portrait'>\n\t\t\t\t<a href='https:\/\/poodles.at\/wp-content\/uploads\/2019\/05\/WhatsApp-Image-2019-03-20-at-14.48.443.jpeg' rel=\"lightbox[gallery-0]\"><img loading=\"lazy\" decoding=\"async\" width=\"150\" height=\"150\" src=\"https:\/\/poodles.at\/wp-content\/uploads\/2019\/05\/WhatsApp-Image-2019-03-20-at-14.48.443-150x150.jpeg\" class=\"attachment-thumbnail size-thumbnail\" alt=\"\" \/><\/a>\n\t\t\t<\/div><\/figure><figure class='gallery-item'>\n\t\t\t<div class='gallery-icon landscape'>\n\t\t\t\t<a href='https:\/\/poodles.at\/wp-content\/uploads\/2019\/05\/WhatsApp-Image-2019-03-20-at-14.48.442.jpeg' rel=\"lightbox[gallery-0]\"><img loading=\"lazy\" decoding=\"async\" width=\"150\" height=\"150\" src=\"https:\/\/poodles.at\/wp-content\/uploads\/2019\/05\/WhatsApp-Image-2019-03-20-at-14.48.442-150x150.jpeg\" class=\"attachment-thumbnail size-thumbnail\" alt=\"\" srcset=\"https:\/\/poodles.at\/wp-content\/uploads\/2019\/05\/WhatsApp-Image-2019-03-20-at-14.48.442-150x150.jpeg 150w, https:\/\/poodles.at\/wp-content\/uploads\/2019\/05\/WhatsApp-Image-2019-03-20-at-14.48.442-300x300.jpeg 300w, https:\/\/poodles.at\/wp-content\/uploads\/2019\/05\/WhatsApp-Image-2019-03-20-at-14.48.442-768x768.jpeg 768w, https:\/\/poodles.at\/wp-content\/uploads\/2019\/05\/WhatsApp-Image-2019-03-20-at-14.48.442-1024x1024.jpeg 1024w, https:\/\/poodles.at\/wp-content\/uploads\/2019\/05\/WhatsApp-Image-2019-03-20-at-14.48.442.jpeg 800w\" sizes=\"auto, (max-width: 150px) 100vw, 150px\" \/><\/a>\n\t\t\t<\/div><\/figure><figure class='gallery-item'>\n\t\t\t<div class='gallery-icon landscape'>\n\t\t\t\t<a href='https:\/\/poodles.at\/wp-content\/uploads\/2019\/05\/WhatsApp-Image-2019-03-20-at-14.42.03.jpeg' rel=\"lightbox[gallery-0]\"><img loading=\"lazy\" decoding=\"async\" width=\"150\" height=\"150\" src=\"https:\/\/poodles.at\/wp-content\/uploads\/2019\/05\/WhatsApp-Image-2019-03-20-at-14.42.03-150x150.jpeg\" class=\"attachment-thumbnail size-thumbnail\" alt=\"\" \/><\/a>\n\t\t\t<\/div><\/figure><figure class='gallery-item'>\n\t\t\t<div class='gallery-icon landscape'>\n\t\t\t\t<a href='https:\/\/poodles.at\/wp-content\/uploads\/2019\/05\/WhatsApp-Image-2019-03-20-at-14.42.04.jpeg' rel=\"lightbox[gallery-0]\"><img loading=\"lazy\" decoding=\"async\" width=\"150\" height=\"150\" src=\"https:\/\/poodles.at\/wp-content\/uploads\/2019\/05\/WhatsApp-Image-2019-03-20-at-14.42.04-150x150.jpeg\" class=\"attachment-thumbnail size-thumbnail\" alt=\"\" \/><\/a>\n\t\t\t<\/div><\/figure><figure class='gallery-item'>\n\t\t\t<div class='gallery-icon landscape'>\n\t\t\t\t<a href='https:\/\/poodles.at\/wp-content\/uploads\/2019\/05\/WhatsApp-Image-2019-03-20-at-14.42.351.jpeg' rel=\"lightbox[gallery-0]\"><img loading=\"lazy\" decoding=\"async\" width=\"150\" height=\"150\" src=\"https:\/\/poodles.at\/wp-content\/uploads\/2019\/05\/WhatsApp-Image-2019-03-20-at-14.42.351-150x150.jpeg\" class=\"attachment-thumbnail size-thumbnail\" alt=\"\" \/><\/a>\n\t\t\t<\/div><\/figure><figure class='gallery-item'>\n\t\t\t<div class='gallery-icon portrait'>\n\t\t\t\t<a href='https:\/\/poodles.at\/wp-content\/uploads\/2019\/05\/WhatsApp-Image-2019-03-20-at-14.42.352.jpeg' rel=\"lightbox[gallery-0]\"><img loading=\"lazy\" decoding=\"async\" width=\"150\" height=\"150\" src=\"https:\/\/poodles.at\/wp-content\/uploads\/2019\/05\/WhatsApp-Image-2019-03-20-at-14.42.352-150x150.jpeg\" class=\"attachment-thumbnail size-thumbnail\" alt=\"\" \/><\/a>\n\t\t\t<\/div><\/figure><figure class='gallery-item'>\n\t\t\t<div class='gallery-icon portrait'>\n\t\t\t\t<a href='https:\/\/poodles.at\/wp-content\/uploads\/2019\/05\/WhatsApp-Image-2019-03-20-at-14.48.441.jpeg' rel=\"lightbox[gallery-0]\"><img loading=\"lazy\" decoding=\"async\" width=\"150\" height=\"150\" src=\"https:\/\/poodles.at\/wp-content\/uploads\/2019\/05\/WhatsApp-Image-2019-03-20-at-14.48.441-150x150.jpeg\" class=\"attachment-thumbnail size-thumbnail\" alt=\"\" \/><\/a>\n\t\t\t<\/div><\/figure><figure class='gallery-item'>\n\t\t\t<div class='gallery-icon portrait'>\n\t\t\t\t<a href='https:\/\/poodles.at\/wp-content\/uploads\/2019\/05\/WhatsApp-Image-2019-03-20-at-14.42.35.jpeg' rel=\"lightbox[gallery-0]\"><img loading=\"lazy\" decoding=\"async\" width=\"150\" height=\"150\" src=\"https:\/\/poodles.at\/wp-content\/uploads\/2019\/05\/WhatsApp-Image-2019-03-20-at-14.42.35-150x150.jpeg\" class=\"attachment-thumbnail size-thumbnail\" alt=\"\" \/><\/a>\n\t\t\t<\/div><\/figure>\n\t\t<\/div>\n","protected":false},"excerpt":{"rendered":"<p>Pajans Auenpudel Pippilotta Viel zu fr\u00fch hast du uns verlassen&#8230;. Du bist ein Traum von meinem gaaanzen Leben gewesen! Ein perfekter, wunderbarer, k\u00f6niglicher Pudel aller Zeiten &#8211; unsere &#8222;Pipka La Lipka&#8220;. Dein Platz in unseren Herzen bleibt f\u00fcr immer NUR\u00a0 f\u00fcr dich alleine frei! Ruhe in Frieden &#8211; unser bezauberndes M\u00e4dchen&#8230;. geb.:18.5.2017 &#8211; 12.5.2022 Erfolge &#8230; <a title=\"Pippilotta\" class=\"read-more\" href=\"https:\/\/poodles.at\/en\/pippilotta\/\" aria-label=\"Read more about Pippilotta\">Read more<\/a><\/p>","protected":false},"author":1,"featured_media":0,"parent":0,"menu_order":0,"comment_status":"closed","ping_status":"closed","template":"","meta":{"footnotes":""},"class_list":["post-72","page","type-page","status-publish"],"_links":{"self":[{"href":"https:\/\/poodles.at\/en\/wp-json\/wp\/v2\/pages\/72","targetHints":{"allow":["GET"]}}],"collection":[{"href":"https:\/\/poodles.at\/en\/wp-json\/wp\/v2\/pages"}],"about":[{"href":"https:\/\/poodles.at\/en\/wp-json\/wp\/v2\/types\/page"}],"author":[{"embeddable":true,"href":"https:\/\/poodles.at\/en\/wp-json\/wp\/v2\/users\/1"}],"replies":[{"embeddable":true,"href":"https:\/\/poodles.at\/en\/wp-json\/wp\/v2\/comments?post=72"}],"version-history":[{"count":16,"href":"https:\/\/poodles.at\/en\/wp-json\/wp\/v2\/pages\/72\/revisions"}],"predecessor-version":[{"id":4139,"href":"https:\/\/poodles.at\/en\/wp-json\/wp\/v2\/pages\/72\/revisions\/4139"}],"wp:attachment":[{"href":"https:\/\/poodles.at\/en\/wp-json\/wp\/v2\/media?parent=72"}],"curies":[{"name":"wp","href":"https:\/\/api.w.org\/{rel}","templated":true}]}}