{"id":74,"date":"2019-05-03T16:08:53","date_gmt":"2019-05-03T14:08:53","guid":{"rendered":"http:\/\/poodles.at\/?page_id=74"},"modified":"2024-03-21T22:27:48","modified_gmt":"2024-03-21T21:27:48","slug":"viktoria","status":"publish","type":"page","link":"https:\/\/poodles.at\/en\/viktoria\/","title":{"rendered":"Viktoria"},"content":{"rendered":"<h2 style=\"text-align: center;\">Smart Connection Utopia<\/h2>\r\n<p><img loading=\"lazy\" decoding=\"async\" class=\"aligncenter wp-image-157 size-full\" src=\"https:\/\/poodles.at\/wp-content\/uploads\/2019\/05\/WhatsApp-Image-2019-03-26-at-18.09.32.jpeg\" alt=\"\" width=\"800\" height=\"806\" srcset=\"https:\/\/poodles.at\/wp-content\/uploads\/2019\/05\/WhatsApp-Image-2019-03-26-at-18.09.32.jpeg 800w, https:\/\/poodles.at\/wp-content\/uploads\/2019\/05\/WhatsApp-Image-2019-03-26-at-18.09.32-150x150.jpeg 150w, https:\/\/poodles.at\/wp-content\/uploads\/2019\/05\/WhatsApp-Image-2019-03-26-at-18.09.32-298x300.jpeg 298w, https:\/\/poodles.at\/wp-content\/uploads\/2019\/05\/WhatsApp-Image-2019-03-26-at-18.09.32-768x774.jpeg 768w\" sizes=\"auto, (max-width: 800px) 100vw, 800px\" \/><\/p>\r\n<p style=\"text-align: center;\">geb.: 18.11.2017<\/p>\r\n<p style=\"text-align: center;\">Zuchttauglich seit 23.2.2019<\/p>\r\n<p style=\"text-align: center;\">25 cm, vollzahnig<\/p>\r\n<hr \/>\r\n<h3 style=\"text-align: center;\">Erfolge<\/h3>\r\n<p style=\"text-align: center;\"><strong><span style=\"font-family: georgia, palatino, serif;\">INTERCHAMPION<\/span><\/strong><\/p>\r\n<p style=\"text-align: center;\"><strong>\u00d6sterreichischer Champion<\/strong><\/p>\r\n<p style=\"text-align: center;\"><strong>\u00d6sterreichischer Jugend-Champion<\/strong><\/p>\r\n<p style=\"text-align: center;\"><strong>\u00d6CP Jugendclub-Champion<\/strong><\/p>\r\n<p style=\"text-align: center;\"><strong>Schweizer Ausstellungs Champion<\/strong><\/p>\r\n<p style=\"text-align: center;\"><strong>\u00d6sterreichischer Clubchampion<\/strong><\/p>\r\n<p style=\"text-align: center;\"><strong>Schweizer Sch\u00f6hnheits-Champion<\/strong><\/p>\r\n<p style=\"text-align: center;\">\u00a0<\/p>\r\n<ul>\r\n<li>28.7.2018 (\u00d6CP Winner Show Stetten) &#8211; J\u00fcngstenklasse &#8211; Versprechend, Risdan Daniela<\/li>\r\n<li>29.7.2018 (\u00d6CP Poodle Trophy Stetten) &#8211; J\u00fcngstenklasse &#8211; Vielversprechend, J\u00fcngstentrophysieger, J\u00fcngsten BIS-3, Ing.Sladekova Lucia<\/li>\r\n<li>18.8.2018 (IHA Innsbruck) &#8211; Jugendklasse &#8211; V1, Jugendbeste, Ahrens Hana<\/li>\r\n<li>19.8.2018 (IHA Innsbruck) &#8211; Jugendklasse &#8211; V1, Jugendbeste, JUGENDALPENSIEGER, BOB, W\u00e4chter Stefan<\/li>\r\n<li>29.9.2018 (IHA Tulln Crufts Qualifikation) &#8211; Jugendklasse &#8211; V1, Jugendbeste, BOB, beste H\u00fcndin, Seymour Steven<\/li>\r\n<li>30.9.2018 (IHA Tulln Bundessieger) &#8211; Jugendklasse &#8211; V1, Jugendbeste, Packer Leehy<\/li>\r\n<li>9.3.2019 (Clubshau Graz) &#8211; Jugendklasse &#8211;\u00a0 V1, Jugendbeste, BOB, beste H\u00fcndin, Peterburs Bertold<\/li>\r\n<li>10.3.2019 (IHA Graz) &#8211; Zwischenklasse &#8211; V1, CACA, CACIB, BOB, Bujisic-Vasiljevic Dragana<\/li>\r\n<li>31.3.2019 (IHA Salzburg Alpensieger) &#8211; Zwischenklasse &#8211; V1, CACA, CACIB, BOB, ALPENSIEGER, Erwin Deutscher<\/li>\r\n<li>5.5.2019 (Zuchtschau &#8222;Gl\u00e4serner Pudel&#8220; B\u00f6heimkirchen) &#8211; Zwischenklasse &#8211; V1, Breeding Award, BIS-3, Uschi Eisner<\/li>\r\n<li>12.5.2019 (IHA Wieselburg) &#8211; Zwischenklasse &#8211; V1, CACA, CACIB, BOB, Doris Payerl<\/li>\r\n<li>15.6.2019 (EUROPEAN DOG SHOW Wels) &#8211; Zwischenklasse &#8211; V2, Res CACA, Bruno Nodalli<\/li>\r\n<li>16.6.2019 (AUSTRIAN WINNER 2019 Wels) &#8211; Zwischenklasse &#8211; V3, Gabriela Ridarcikova<\/li>\r\n<li>26.9.2020 (IHA Tulln Crufts Qualifikation) &#8211; Offene Klasse, V1, CACA, CACIB, RonyDoedijns<\/li>\r\n<li>29.5.2021 (Zuchtschau \u201cGl\u00e4serner Pudel Biedermannsdorf) \u2013 Championklasse \u2013 Vorz\u00fcglich 1, Klassensieger, Gerhard P\u00f6llinger-Sorre<\/li>\r\n<li>27.8.2021\u00a0 (Fehraltorf CACIB 1, Schweiz) \u2013 Championklasse \u2013 Excellent 1, CAC, Kiss Katalin<\/li>\r\n<li>28.8.2021 (Fehraltorf CACIB 2, Schweiz) &#8211; Championklasse &#8211; Excellent 1,CAC, CACIB, BOS, Vanhoenacker Roger<\/li>\r\n<li>29.8.2021 (Fehraltorf CACIB 3, Schweiz) \u2013 Championklasse \u2013 Excellent 1, CAC, CACIB, BOS, ALPENSIEGER,\u00a0 Jaussi Yvonne<\/li>\r\n<li>18.9.2021 (Wiesfleck, \u00d6CP Pudel Trophy) &#8211; Championklasse &#8211; V1, CACA, Trophysieger, Dr. Reinhard Sch\u00e4fer<\/li>\r\n<li>19.9.2021 (Wiesfleck, \u00d6CP Clubsiegershau) &#8211; Championklasse &#8211; V1, CACA, BOB, Clubsieger, \u00d6CP Clubchampion, \u00d6CP Beste Bewegung, BEST IN SHOW 5, G\u00fcnther Ehrenreich<\/li>\r\n<li>8.10.2021 (Fehraltorf Schweiz SKG) &#8211; Championklasse &#8211; V1, CAC, Beste H\u00fcndin, BOB, Celina Feldmann<\/li>\r\n<li>8.10.2021 (Fehraltorf CACIB 1, Schweiz) &#8211; Championklasse &#8211; V1, CAC, CACIB, BOB, Maria Gabriela Veiga<\/li>\r\n<li>9.10.2021 (Fehraltorf CACIB 2, Schweiz) &#8211; Championklasse &#8211; V1, CAC, res.CACIB, Stefan W\u00e4chter<\/li>\r\n<li>10.10.2021\u00a0 (Fehraltorf CACIB 3, Schweiz) &#8211; Championklasse &#8211; V1, CAC, CACIB, BOB, Guido Sch\u00e4fer<\/li>\r\n<li>23.10.2021 (IHA Salzburg) &#8211; Championklasse &#8211; V1, CACA, G\u00fcnter Wonisch<\/li>\r\n<li>24.10.2021(IHA Salzburg, Alpensieger) &#8211; Championklasse &#8211; V1, CACA, CACIB, BOB, ALPENSIEGER, Maria-Luise Doppelreiter<\/li>\r\n<li>06.08.2022 (\u00d6CP Double Speciality, Pudel Trophy) &#8211; Championklasse &#8211; V1, CACA,\u00a0 Trophysieger, BOB, Best in Show 5, Mario Funk (D)<\/li>\r\n<li>07.08.2022 (\u00d6CP Double Speciality, Clubsiegerschau) &#8211; Championklasse &#8211; V1, CACA, \u00d6CP Doublewinner 2022, Marianne Slooijer (NL)<\/li>\r\n<li>20.08.2022 (Polhograjski Dolomiti Dog Show, Slowenien) &#8211; Championklasse &#8211; V1, CAC, CACIB, BOS, Tomislav Canic<\/li>\r\n<li>27.8.2022 (Swiss Dogshow, Luzern ) &#8211; Championklasse &#8211; V1, CACA, CACIB, BOB, Liz Gonzales (GI)<\/li>\r\n<li>27.8.2022 (IHA Luzern -1) &#8211; Championklasse &#8211; V, res.CAC, G\u00fcnter Wonisch (A)<\/li>\r\n<\/ul>\r\n<hr \/>\r\n<h3 style=\"text-align: center;\">Gesundheitsuntersuchungen<\/h3>\r\n<p style=\"text-align: center;\">Optigen A<br \/>Patella 0\/0 <br \/>PRA (ECVO) &#8211; frei<\/p>\r\n<hr \/>\r\n<h3 style=\"text-align: center;\">Pedigree<\/h3>\r\n\r\n<table style=\"background-color: rgba(254, 245, 216, 0.09); border-color: #d2ccba; border-width: 1px; height: 569px;\" width=\"901\">\r\n<tbody>\r\n<tr style=\"height: 70px;\">\r\n<td style=\"text-align: center; width: 290px; height: 283px;\" rowspan=\"4\">\r\n<p>Vanitonia If I was to tell you<br \/><a href=\"http:\/\/poodles.at\/wp-content\/uploads\/2019\/05\/WhatsApp-Image-2019-03-20-at-14.49.491.jpeg\" rel=\"lightbox-0\"><img loading=\"lazy\" decoding=\"async\" class=\"alignnone size-thumbnail wp-image-143\" src=\"http:\/\/poodles.at\/wp-content\/uploads\/2019\/05\/WhatsApp-Image-2019-03-20-at-14.49.491-150x150.jpeg\" alt=\"\" width=\"150\" height=\"150\" \/><\/a><\/p>\r\n<p>&nbsp;<\/p>\r\n<\/td>\r\n<td style=\"text-align: center; width: 420px; height: 141px;\" rowspan=\"2\">Smash Beat<\/td>\r\n<td style=\"text-align: center; width: 191px; height: 70px;\">Smash Play With Fire<\/td>\r\n<\/tr>\r\n<tr style=\"height: 71px;\">\r\n<td style=\"text-align: center; width: 191px; height: 71px;\">Smash Beat<\/td>\r\n<\/tr>\r\n<tr style=\"height: 71px;\">\r\n<td style=\"text-align: center; width: 420px; height: 142px;\" rowspan=\"2\">Vanitonia Laura Lush<\/td>\r\n<td style=\"text-align: center; width: 191px; height: 71px;\">Marglen Master Plan At Vanitonia<\/td>\r\n<\/tr>\r\n<tr style=\"height: 71px;\">\r\n<td style=\"text-align: center; width: 191px; height: 71px;\">Vanitonia Clair Voyant<\/td>\r\n<\/tr>\r\n<tr style=\"height: 71px;\">\r\n<td style=\"text-align: center; width: 290px; height: 286px;\" rowspan=\"4\">Smart Connection Timeless Equerry<br \/><a href=\"http:\/\/poodles.at\/wp-content\/uploads\/2019\/05\/WhatsApp-Image-2019-03-20-at-14.49.49.jpeg\" rel=\"lightbox-1\"><img loading=\"lazy\" decoding=\"async\" class=\"alignnone size-thumbnail wp-image-144\" src=\"http:\/\/poodles.at\/wp-content\/uploads\/2019\/05\/WhatsApp-Image-2019-03-20-at-14.49.49-150x150.jpeg\" alt=\"\" width=\"150\" height=\"150\" \/><\/a><\/td>\r\n<td style=\"text-align: center; width: 420px; height: 144px;\" rowspan=\"2\">Equerry&#8217;s Latest Hit<\/td>\r\n<td style=\"text-align: center; width: 191px; height: 71px;\">Pandorans Incognito<\/td>\r\n<\/tr>\r\n<tr style=\"height: 71px;\">\r\n<td style=\"text-align: center; width: 191px; height: 73px;\">Canmoy&#8217;s Kiss FM<\/td>\r\n<\/tr>\r\n<tr style=\"height: 71px;\">\r\n<td style=\"text-align: center; width: 420px; height: 142px;\" rowspan=\"2\">Equerry&#8217;s Take your Time<\/td>\r\n<td style=\"text-align: center; width: 191px; height: 71px;\">Kudos Time out<\/td>\r\n<\/tr>\r\n<tr style=\"height: 71px;\">\r\n<td style=\"text-align: center; width: 191px; height: 71px;\">Equerry&#8217;s Makes A Mess<\/td>\r\n<\/tr>\r\n<\/tbody>\r\n<\/table>\r\n<h3 style=\"text-align: center;\">Foto &amp; Videogalerie<\/h3>\r\n<div id='gallery-1' class='gallery galleryid-74 gallery-columns-4 gallery-size-thumbnail'><figure class='gallery-item'>\n\t\t\t<div class='gallery-icon landscape'>\n\t\t\t\t<a href='https:\/\/poodles.at\/wp-content\/uploads\/2022\/08\/DSC00740.jpg' rel=\"lightbox[gallery-0]\"><img loading=\"lazy\" decoding=\"async\" width=\"150\" height=\"150\" src=\"https:\/\/poodles.at\/wp-content\/uploads\/2022\/08\/DSC00740-150x150.jpg\" class=\"attachment-thumbnail size-thumbnail\" alt=\"\" \/><\/a>\n\t\t\t<\/div><\/figure><figure class='gallery-item'>\n\t\t\t<div class='gallery-icon landscape'>\n\t\t\t\t<a href='https:\/\/poodles.at\/wp-content\/uploads\/2019\/05\/WhatsApp-Image-2019-03-20-at-14.49.502.jpeg' rel=\"lightbox[gallery-0]\"><img loading=\"lazy\" decoding=\"async\" width=\"150\" height=\"150\" src=\"https:\/\/poodles.at\/wp-content\/uploads\/2019\/05\/WhatsApp-Image-2019-03-20-at-14.49.502-150x150.jpeg\" class=\"attachment-thumbnail size-thumbnail\" alt=\"\" \/><\/a>\n\t\t\t<\/div><\/figure><figure class='gallery-item'>\n\t\t\t<div class='gallery-icon landscape'>\n\t\t\t\t<a href='https:\/\/poodles.at\/wp-content\/uploads\/2019\/05\/WhatsApp-Image-2019-03-20-at-14.49.503.jpeg' rel=\"lightbox[gallery-0]\"><img loading=\"lazy\" decoding=\"async\" width=\"150\" height=\"150\" src=\"https:\/\/poodles.at\/wp-content\/uploads\/2019\/05\/WhatsApp-Image-2019-03-20-at-14.49.503-150x150.jpeg\" class=\"attachment-thumbnail size-thumbnail\" alt=\"\" srcset=\"https:\/\/poodles.at\/wp-content\/uploads\/2019\/05\/WhatsApp-Image-2019-03-20-at-14.49.503-150x150.jpeg 150w, https:\/\/poodles.at\/wp-content\/uploads\/2019\/05\/WhatsApp-Image-2019-03-20-at-14.49.503-300x298.jpeg 300w, https:\/\/poodles.at\/wp-content\/uploads\/2019\/05\/WhatsApp-Image-2019-03-20-at-14.49.503.jpeg 700w\" sizes=\"auto, (max-width: 150px) 100vw, 150px\" \/><\/a>\n\t\t\t<\/div><\/figure><figure class='gallery-item'>\n\t\t\t<div class='gallery-icon portrait'>\n\t\t\t\t<a href='https:\/\/poodles.at\/wp-content\/uploads\/2019\/05\/WhatsApp-Image-2019-03-20-at-14.49.50.jpeg' rel=\"lightbox[gallery-0]\"><img loading=\"lazy\" decoding=\"async\" width=\"150\" height=\"150\" src=\"https:\/\/poodles.at\/wp-content\/uploads\/2019\/05\/WhatsApp-Image-2019-03-20-at-14.49.50-150x150.jpeg\" class=\"attachment-thumbnail size-thumbnail\" alt=\"\" \/><\/a>\n\t\t\t<\/div><\/figure><figure class='gallery-item'>\n\t\t\t<div class='gallery-icon portrait'>\n\t\t\t\t<a href='https:\/\/poodles.at\/wp-content\/uploads\/2019\/05\/WhatsApp-Image-2019-03-20-at-14.49.511.jpeg' rel=\"lightbox[gallery-0]\"><img loading=\"lazy\" decoding=\"async\" width=\"150\" height=\"150\" src=\"https:\/\/poodles.at\/wp-content\/uploads\/2019\/05\/WhatsApp-Image-2019-03-20-at-14.49.511-150x150.jpeg\" class=\"attachment-thumbnail size-thumbnail\" alt=\"\" \/><\/a>\n\t\t\t<\/div><\/figure><figure class='gallery-item'>\n\t\t\t<div class='gallery-icon portrait'>\n\t\t\t\t<a href='https:\/\/poodles.at\/wp-content\/uploads\/2019\/05\/WhatsApp-Image-2019-03-20-at-14.49.51.jpeg' rel=\"lightbox[gallery-0]\"><img loading=\"lazy\" decoding=\"async\" width=\"150\" height=\"150\" src=\"https:\/\/poodles.at\/wp-content\/uploads\/2019\/05\/WhatsApp-Image-2019-03-20-at-14.49.51-150x150.jpeg\" class=\"attachment-thumbnail size-thumbnail\" alt=\"\" srcset=\"https:\/\/poodles.at\/wp-content\/uploads\/2019\/05\/WhatsApp-Image-2019-03-20-at-14.49.51-150x150.jpeg 150w, https:\/\/poodles.at\/wp-content\/uploads\/2019\/05\/WhatsApp-Image-2019-03-20-at-14.49.51-298x300.jpeg 298w, https:\/\/poodles.at\/wp-content\/uploads\/2019\/05\/WhatsApp-Image-2019-03-20-at-14.49.51-768x774.jpeg 768w, https:\/\/poodles.at\/wp-content\/uploads\/2019\/05\/WhatsApp-Image-2019-03-20-at-14.49.51.jpeg 800w\" sizes=\"auto, (max-width: 150px) 100vw, 150px\" \/><\/a>\n\t\t\t<\/div><\/figure><figure class='gallery-item'>\n\t\t\t<div class='gallery-icon landscape'>\n\t\t\t\t<a href='https:\/\/poodles.at\/wp-content\/uploads\/2019\/05\/WhatsApp-Image-2019-03-20-at-14.55.591.jpeg' rel=\"lightbox[gallery-0]\"><img loading=\"lazy\" decoding=\"async\" width=\"150\" height=\"150\" src=\"https:\/\/poodles.at\/wp-content\/uploads\/2019\/05\/WhatsApp-Image-2019-03-20-at-14.55.591-150x150.jpeg\" class=\"attachment-thumbnail size-thumbnail\" alt=\"\" \/><\/a>\n\t\t\t<\/div><\/figure><figure class='gallery-item'>\n\t\t\t<div class='gallery-icon portrait'>\n\t\t\t\t<a href='https:\/\/poodles.at\/wp-content\/uploads\/2019\/05\/WhatsApp-Image-2019-03-20-at-14.55.59.jpeg' rel=\"lightbox[gallery-0]\"><img loading=\"lazy\" decoding=\"async\" width=\"150\" height=\"150\" src=\"https:\/\/poodles.at\/wp-content\/uploads\/2019\/05\/WhatsApp-Image-2019-03-20-at-14.55.59-150x150.jpeg\" class=\"attachment-thumbnail size-thumbnail\" alt=\"\" \/><\/a>\n\t\t\t<\/div><\/figure><figure class='gallery-item'>\n\t\t\t<div class='gallery-icon portrait'>\n\t\t\t\t<a href='https:\/\/poodles.at\/wp-content\/uploads\/2019\/05\/WhatsApp-Image-2019-03-20-at-14.56.002.jpeg' rel=\"lightbox[gallery-0]\"><img loading=\"lazy\" decoding=\"async\" width=\"150\" height=\"150\" src=\"https:\/\/poodles.at\/wp-content\/uploads\/2019\/05\/WhatsApp-Image-2019-03-20-at-14.56.002-150x150.jpeg\" class=\"attachment-thumbnail size-thumbnail\" alt=\"\" \/><\/a>\n\t\t\t<\/div><\/figure><figure class='gallery-item'>\n\t\t\t<div class='gallery-icon portrait'>\n\t\t\t\t<a href='https:\/\/poodles.at\/wp-content\/uploads\/2020\/09\/20200927_203440.jpg' rel=\"lightbox[gallery-0]\"><img loading=\"lazy\" decoding=\"async\" width=\"150\" height=\"150\" src=\"https:\/\/poodles.at\/wp-content\/uploads\/2020\/09\/20200927_203440-150x150.jpg\" class=\"attachment-thumbnail size-thumbnail\" alt=\"\" \/><\/a>\n\t\t\t<\/div><\/figure><figure class='gallery-item'>\n\t\t\t<div class='gallery-icon landscape'>\n\t\t\t\t<a href='https:\/\/poodles.at\/wp-content\/uploads\/2022\/08\/235toypudelschwarzweiss.jpg' rel=\"lightbox[gallery-0]\"><img loading=\"lazy\" decoding=\"async\" width=\"150\" height=\"150\" src=\"https:\/\/poodles.at\/wp-content\/uploads\/2022\/08\/235toypudelschwarzweiss-150x150.jpg\" class=\"attachment-thumbnail size-thumbnail\" alt=\"\" \/><\/a>\n\t\t\t<\/div><\/figure><figure class='gallery-item'>\n\t\t\t<div class='gallery-icon portrait'>\n\t\t\t\t<a href='https:\/\/poodles.at\/wp-content\/uploads\/2022\/08\/20220827_101510.jpg' rel=\"lightbox[gallery-0]\"><img loading=\"lazy\" decoding=\"async\" width=\"150\" height=\"150\" src=\"https:\/\/poodles.at\/wp-content\/uploads\/2022\/08\/20220827_101510-150x150.jpg\" class=\"attachment-thumbnail size-thumbnail\" alt=\"\" \/><\/a>\n\t\t\t<\/div><\/figure><figure class='gallery-item'>\n\t\t\t<div class='gallery-icon portrait'>\n\t\t\t\t<a href='https:\/\/poodles.at\/wp-content\/uploads\/2022\/08\/20220827_101535.jpg' rel=\"lightbox[gallery-0]\"><img loading=\"lazy\" decoding=\"async\" width=\"150\" height=\"150\" src=\"https:\/\/poodles.at\/wp-content\/uploads\/2022\/08\/20220827_101535-150x150.jpg\" class=\"attachment-thumbnail size-thumbnail\" alt=\"\" \/><\/a>\n\t\t\t<\/div><\/figure>\n\t\t<\/div>\n","protected":false},"excerpt":{"rendered":"<p>Smart Connection Utopia geb.: 18.11.2017 Zuchttauglich seit 23.2.2019 25 cm, vollzahnig Erfolge INTERCHAMPION \u00d6sterreichischer Champion \u00d6sterreichischer Jugend-Champion \u00d6CP Jugendclub-Champion Schweizer Ausstellungs Champion \u00d6sterreichischer Clubchampion Schweizer Sch\u00f6hnheits-Champion \u00a0 28.7.2018 (\u00d6CP Winner Show Stetten) &#8211; J\u00fcngstenklasse &#8211; Versprechend, Risdan Daniela 29.7.2018 (\u00d6CP Poodle Trophy Stetten) &#8211; J\u00fcngstenklasse &#8211; Vielversprechend, J\u00fcngstentrophysieger, J\u00fcngsten BIS-3, Ing.Sladekova Lucia 18.8.2018 (IHA Innsbruck) &#8230; <a title=\"Viktoria\" class=\"read-more\" href=\"https:\/\/poodles.at\/en\/viktoria\/\" aria-label=\"Read more about Viktoria\">Read more<\/a><\/p>","protected":false},"author":1,"featured_media":0,"parent":0,"menu_order":0,"comment_status":"closed","ping_status":"closed","template":"","meta":{"footnotes":""},"class_list":["post-74","page","type-page","status-publish"],"_links":{"self":[{"href":"https:\/\/poodles.at\/en\/wp-json\/wp\/v2\/pages\/74","targetHints":{"allow":["GET"]}}],"collection":[{"href":"https:\/\/poodles.at\/en\/wp-json\/wp\/v2\/pages"}],"about":[{"href":"https:\/\/poodles.at\/en\/wp-json\/wp\/v2\/types\/page"}],"author":[{"embeddable":true,"href":"https:\/\/poodles.at\/en\/wp-json\/wp\/v2\/users\/1"}],"replies":[{"embeddable":true,"href":"https:\/\/poodles.at\/en\/wp-json\/wp\/v2\/comments?post=74"}],"version-history":[{"count":38,"href":"https:\/\/poodles.at\/en\/wp-json\/wp\/v2\/pages\/74\/revisions"}],"predecessor-version":[{"id":6180,"href":"https:\/\/poodles.at\/en\/wp-json\/wp\/v2\/pages\/74\/revisions\/6180"}],"wp:attachment":[{"href":"https:\/\/poodles.at\/en\/wp-json\/wp\/v2\/media?parent=74"}],"curies":[{"name":"wp","href":"https:\/\/api.w.org\/{rel}","templated":true}]}}