{"id":76,"date":"2019-05-03T16:09:30","date_gmt":"2019-05-03T14:09:30","guid":{"rendered":"http:\/\/poodles.at\/?page_id=76"},"modified":"2025-05-13T15:59:37","modified_gmt":"2025-05-13T13:59:37","slug":"gloria","status":"publish","type":"page","link":"https:\/\/poodles.at\/en\/gloria\/","title":{"rendered":"Gloria"},"content":{"rendered":"<h2 style=\"text-align: center;\">Airi Arabeska Una Piccola<\/h2>\r\n<p style=\"text-align: center;\"><img loading=\"lazy\" decoding=\"async\" class=\"start_img aligncenter wp-image-262 size-full\" src=\"http:\/\/poodles.at\/wp-content\/uploads\/2019\/05\/start.jpg\" alt=\"\" width=\"700\" height=\"702\" srcset=\"https:\/\/poodles.at\/wp-content\/uploads\/2019\/05\/start.jpg 700w, https:\/\/poodles.at\/wp-content\/uploads\/2019\/05\/start-150x150.jpg 150w, https:\/\/poodles.at\/wp-content\/uploads\/2019\/05\/start-300x300.jpg 300w\" sizes=\"auto, (max-width: 700px) 100vw, 700px\" \/><\/p>\r\n<p style=\"text-align: center;\">geb.: 13.4.2018<\/p>\r\n<p style=\"text-align: center;\">Zuchttauglich seit 17.8.2019<\/p>\r\n<p style=\"text-align: center;\">25,5 cm, vollzahnig<\/p>\r\n<hr \/>\r\n<h3 style=\"text-align: center;\">Erfolge<\/h3>\r\n<p style=\"text-align: center;\"><strong>\u00d6sterreichischer Champion<\/strong><\/p>\r\n<p style=\"text-align: center;\"><strong>EUROPEAN JUNIOR WINNER 2019<\/strong><\/p>\r\n<p style=\"text-align: center;\"><strong>\u00d6sterreichischer Jugend-Champion<\/strong><\/p>\r\n<p style=\"text-align: center;\"><strong>\u00d6CP Jugendclub-Champion<\/strong><\/p>\r\n<ul>\r\n<li style=\"text-align: left;\">28.7.2018 (\u00d6CP Winner Show Stetten) &#8211; Babyklasse &#8211; Versprechend, Risdan Daniela<\/li>\r\n<li>29.7.2018 (\u00d6CP Poodle Trophy Stetten) &#8211; Babyklasse &#8211; Vielversprechend, Baby BIS-1, Ing.Lucia Sladekova<\/li>\r\n<li>9.3.2019 (Clubshau Graz) &#8211; Jugendklasse &#8211; V1, Jugendbeste, Peterburs Bertold<\/li>\r\n<li>10.3.2019 (IHA Graz) &#8211; Jugendklasse &#8211; V1, Jugendbeste, bester Junghund, Bujisic-Vasiljevic Dragana<\/li>\r\n<li>31.3.2019 (IHA Salzburg) &#8211; Jugendklasse &#8211; V1, Jugendbeste, bester Junghund, ALPENJUGENDSIEGER, Erwin Deutscher<\/li>\r\n<li>5.5.2019 (Zuchtshau &#8222;Gl\u00e4serner Pudel&#8220; B\u00f6heimkirchen) &#8211; Jugendklasse &#8211; V1<\/li>\r\n<li>15.6.2019 (EUROPEAN DOG SHOW Wels) &#8211; Jugendklasse &#8211; V1, Jugendbester, EUROPEAN JUNIOR WINNER 2019, Bruno Nodalli<\/li>\r\n<li>16.6.2019 (AUSTRIAN WINNER 2019 Wels) &#8211; Jugendklasse &#8211; Sehr gut 1, Gabriela Ridarcikova<\/li>\r\n<li>18.8.2019 (IHA Innsbruck) &#8211; Zwischenklasse &#8211; V1, CACA, Branislav Rajic<\/li>\r\n<li>28.9.2019 (IHA Tulln Crufts Qualification) &#8211; Zwischenklasse &#8211; V1, CACA, resCACIB, Uschi Eisner<\/li>\r\n<li>29.9.2019 (IHA Tulln Bundessieger) &#8211; Zwischenklasse &#8211; V1, CACA, resCACIB, Dr. Henrik Hannelius<\/li>\r\n<li>26.9.2020 (IHA Tulln Crufts Qualification) &#8211; Offene Klasse &#8211; V1, CACA, Rony Doedijns<\/li>\r\n<li>27.9.2020 (IHA Tulln Bundessieger) &#8211; Offene Klasse &#8211; V1, CACA,Vija Klucniece<\/li>\r\n<\/ul>\r\n<hr \/>\r\n<h3 style=\"text-align: center;\">Gesundheitstest<\/h3>\r\n<p style=\"text-align: center;\">Optigen A<\/p>\r\n<p style=\"text-align: center;\">Patella 0\/0<\/p>\r\n<p style=\"text-align: center;\">PRA (ECVO) &#8211; frei<\/p>\r\n<hr \/>\r\n<h3 style=\"text-align: center;\">Pedigree<\/h3>\r\n\r\n<table style=\"background-color: rgba(254, 245, 216, 0.09); border-color: #d2ccba; border-width: 1px; height: 567px;\" width=\"901\">\r\n<tbody>\r\n<tr style=\"height: 70px;\">\r\n<td style=\"text-align: center; width: 290px; height: 283px;\" rowspan=\"4\">Airi Arabeska Zoom-Zoom<br \/><a href=\"http:\/\/poodles.at\/wp-content\/uploads\/2019\/05\/WhatsApp-Image-2019-03-20-at-14.57.24.jpeg\" rel=\"lightbox-0\"><img loading=\"lazy\" decoding=\"async\" class=\"aligncenter wp-image-177 size-thumbnail\" src=\"http:\/\/poodles.at\/wp-content\/uploads\/2019\/05\/WhatsApp-Image-2019-03-20-at-14.57.24-150x150.jpeg\" alt=\"\" width=\"150\" height=\"150\" \/><\/a><\/td>\r\n<td style=\"text-align: center; width: 420px; height: 141px;\" rowspan=\"2\">Yuinas Mister Show Brand<\/td>\r\n<td style=\"text-align: center; width: 191.111px; height: 70px;\">Silk of Ichiba Tokyo<\/td>\r\n<\/tr>\r\n<tr style=\"height: 71px;\">\r\n<td style=\"text-align: center; width: 191.111px; height: 71px;\">Smash Big Hit<\/td>\r\n<\/tr>\r\n<tr style=\"height: 71px;\">\r\n<td style=\"text-align: center; width: 420px; height: 142px;\" rowspan=\"2\">Airi Arabska Freelove<\/td>\r\n<td style=\"text-align: center; width: 191.111px; height: 71px;\">Magicstar Love on Puymeras<\/td>\r\n<\/tr>\r\n<tr style=\"height: 71px;\">\r\n<td style=\"text-align: center; width: 191.111px; height: 71px;\">Airi Arbska Yashma<\/td>\r\n<\/tr>\r\n<tr style=\"height: 71px;\">\r\n<td style=\"text-align: center; width: 290px; height: 284px;\" rowspan=\"4\">Airi Arbaska Skarlet O&#8217;Hara<br \/><a href=\"http:\/\/poodles.at\/wp-content\/uploads\/2019\/05\/WhatsApp-Image-2019-03-20-at-14.56.32.jpeg\" rel=\"lightbox-1\"><img loading=\"lazy\" decoding=\"async\" class=\"alignnone size-thumbnail wp-image-170\" src=\"http:\/\/poodles.at\/wp-content\/uploads\/2019\/05\/WhatsApp-Image-2019-03-20-at-14.56.32-150x150.jpeg\" alt=\"\" width=\"150\" height=\"150\" \/><\/a><br \/><br \/><br \/><\/td>\r\n<td style=\"text-align: center; width: 420px; height: 142px;\" rowspan=\"2\">Shantaram Hypnosis-B<\/td>\r\n<td style=\"text-align: center; width: 191.111px; height: 71px;\">Foxmore Arabesque Austin<\/td>\r\n<\/tr>\r\n<tr style=\"height: 71px;\">\r\n<td style=\"text-align: center; width: 191.111px; height: 71px;\">Silkwind Moonlight At Zahir-N<\/td>\r\n<\/tr>\r\n<tr style=\"height: 71px;\">\r\n<td style=\"text-align: center; width: 420px; height: 142px;\" rowspan=\"2\">Airi Arabeskas Windi-Wendi II<\/td>\r\n<td style=\"text-align: center; width: 191.111px; height: 71px;\">Smash Pokorn<\/td>\r\n<\/tr>\r\n<tr style=\"height: 71px;\">\r\n<td style=\"text-align: center; width: 191.111px; height: 71px;\">Airi Arabska Formula I<\/td>\r\n<\/tr>\r\n<\/tbody>\r\n<\/table>\r\n<p style=\"text-align: center;\"><\/p>\r\n<h3 style=\"text-align: center;\">Foto &amp; Videogalerie<\/h3>\r\n<p>&nbsp;<\/p>\r\n<div id='gallery-1' class='gallery galleryid-76 gallery-columns-4 gallery-size-thumbnail'><figure class='gallery-item'>\n\t\t\t<div class='gallery-icon portrait'>\n\t\t\t\t<a href='https:\/\/poodles.at\/wp-content\/uploads\/2019\/05\/WhatsApp-Image-2019-03-20-at-15.10.48.jpeg' rel=\"lightbox[gallery-0]\"><img loading=\"lazy\" decoding=\"async\" width=\"150\" height=\"150\" src=\"https:\/\/poodles.at\/wp-content\/uploads\/2019\/05\/WhatsApp-Image-2019-03-20-at-15.10.48-150x150.jpeg\" class=\"attachment-thumbnail size-thumbnail\" alt=\"\" \/><\/a>\n\t\t\t<\/div><\/figure><figure class='gallery-item'>\n\t\t\t<div class='gallery-icon landscape'>\n\t\t\t\t<a href='https:\/\/poodles.at\/wp-content\/uploads\/2019\/05\/WhatsApp-Image-2019-03-20-at-15.00.51.jpeg' rel=\"lightbox[gallery-0]\"><img loading=\"lazy\" decoding=\"async\" width=\"150\" height=\"150\" src=\"https:\/\/poodles.at\/wp-content\/uploads\/2019\/05\/WhatsApp-Image-2019-03-20-at-15.00.51-150x150.jpeg\" class=\"attachment-thumbnail size-thumbnail\" alt=\"\" srcset=\"https:\/\/poodles.at\/wp-content\/uploads\/2019\/05\/WhatsApp-Image-2019-03-20-at-15.00.51-150x150.jpeg 150w, https:\/\/poodles.at\/wp-content\/uploads\/2019\/05\/WhatsApp-Image-2019-03-20-at-15.00.51-300x300.jpeg 300w, https:\/\/poodles.at\/wp-content\/uploads\/2019\/05\/WhatsApp-Image-2019-03-20-at-15.00.51-768x768.jpeg 768w, https:\/\/poodles.at\/wp-content\/uploads\/2019\/05\/WhatsApp-Image-2019-03-20-at-15.00.51-1024x1024.jpeg 1024w, https:\/\/poodles.at\/wp-content\/uploads\/2019\/05\/WhatsApp-Image-2019-03-20-at-15.00.51.jpeg 800w\" sizes=\"auto, (max-width: 150px) 100vw, 150px\" \/><\/a>\n\t\t\t<\/div><\/figure><figure class='gallery-item'>\n\t\t\t<div class='gallery-icon portrait'>\n\t\t\t\t<a href='https:\/\/poodles.at\/wp-content\/uploads\/2019\/05\/WhatsApp-Image-2019-03-20-at-15.00.49.jpeg' rel=\"lightbox[gallery-0]\"><img loading=\"lazy\" decoding=\"async\" width=\"150\" height=\"150\" src=\"https:\/\/poodles.at\/wp-content\/uploads\/2019\/05\/WhatsApp-Image-2019-03-20-at-15.00.49-150x150.jpeg\" class=\"attachment-thumbnail size-thumbnail\" alt=\"\" \/><\/a>\n\t\t\t<\/div><\/figure><figure class='gallery-item'>\n\t\t\t<div class='gallery-icon portrait'>\n\t\t\t\t<a href='https:\/\/poodles.at\/wp-content\/uploads\/2019\/05\/WhatsApp-Image-2019-03-20-at-15.00.46.jpeg' rel=\"lightbox[gallery-0]\"><img loading=\"lazy\" decoding=\"async\" width=\"150\" height=\"150\" src=\"https:\/\/poodles.at\/wp-content\/uploads\/2019\/05\/WhatsApp-Image-2019-03-20-at-15.00.46-150x150.jpeg\" class=\"attachment-thumbnail size-thumbnail\" alt=\"\" \/><\/a>\n\t\t\t<\/div><\/figure><figure class='gallery-item'>\n\t\t\t<div class='gallery-icon portrait'>\n\t\t\t\t<a href='https:\/\/poodles.at\/wp-content\/uploads\/2019\/05\/WhatsApp-Image-2019-03-20-at-14.57.23.jpeg' rel=\"lightbox[gallery-0]\"><img loading=\"lazy\" decoding=\"async\" width=\"150\" height=\"150\" src=\"https:\/\/poodles.at\/wp-content\/uploads\/2019\/05\/WhatsApp-Image-2019-03-20-at-14.57.23-150x150.jpeg\" class=\"attachment-thumbnail size-thumbnail\" alt=\"\" \/><\/a>\n\t\t\t<\/div><\/figure><figure class='gallery-item'>\n\t\t\t<div class='gallery-icon portrait'>\n\t\t\t\t<a href='https:\/\/poodles.at\/wp-content\/uploads\/2019\/05\/WhatsApp-Image-2019-03-20-at-14.57.27.jpeg' rel=\"lightbox[gallery-0]\"><img loading=\"lazy\" decoding=\"async\" width=\"150\" height=\"150\" src=\"https:\/\/poodles.at\/wp-content\/uploads\/2019\/05\/WhatsApp-Image-2019-03-20-at-14.57.27-150x150.jpeg\" class=\"attachment-thumbnail size-thumbnail\" alt=\"\" \/><\/a>\n\t\t\t<\/div><\/figure><figure class='gallery-item'>\n\t\t\t<div class='gallery-icon portrait'>\n\t\t\t\t<a href='https:\/\/poodles.at\/wp-content\/uploads\/2019\/05\/WhatsApp-Image-2019-03-20-at-14.57.36.jpeg' rel=\"lightbox[gallery-0]\"><img loading=\"lazy\" decoding=\"async\" width=\"150\" height=\"150\" src=\"https:\/\/poodles.at\/wp-content\/uploads\/2019\/05\/WhatsApp-Image-2019-03-20-at-14.57.36-150x150.jpeg\" class=\"attachment-thumbnail size-thumbnail\" alt=\"\" \/><\/a>\n\t\t\t<\/div><\/figure><figure class='gallery-item'>\n\t\t\t<div class='gallery-icon landscape'>\n\t\t\t\t<a href='https:\/\/poodles.at\/wp-content\/uploads\/2019\/05\/WhatsApp-Image-2019-03-20-at-14.57.59.jpeg' rel=\"lightbox[gallery-0]\"><img loading=\"lazy\" decoding=\"async\" width=\"150\" height=\"150\" src=\"https:\/\/poodles.at\/wp-content\/uploads\/2019\/05\/WhatsApp-Image-2019-03-20-at-14.57.59-150x150.jpeg\" class=\"attachment-thumbnail size-thumbnail\" alt=\"\" \/><\/a>\n\t\t\t<\/div><\/figure><figure class='gallery-item'>\n\t\t\t<div class='gallery-icon portrait'>\n\t\t\t\t<a href='https:\/\/poodles.at\/wp-content\/uploads\/2019\/05\/WhatsApp-Image-2019-03-20-at-14.58.01.jpeg' rel=\"lightbox[gallery-0]\"><img loading=\"lazy\" decoding=\"async\" width=\"150\" height=\"150\" src=\"https:\/\/poodles.at\/wp-content\/uploads\/2019\/05\/WhatsApp-Image-2019-03-20-at-14.58.01-150x150.jpeg\" class=\"attachment-thumbnail size-thumbnail\" alt=\"\" \/><\/a>\n\t\t\t<\/div><\/figure><figure class='gallery-item'>\n\t\t\t<div class='gallery-icon landscape'>\n\t\t\t\t<a href='https:\/\/poodles.at\/wp-content\/uploads\/2019\/05\/WhatsApp-Image-2019-03-20-at-14.57.15.jpeg' rel=\"lightbox[gallery-0]\"><img loading=\"lazy\" decoding=\"async\" width=\"150\" height=\"150\" src=\"https:\/\/poodles.at\/wp-content\/uploads\/2019\/05\/WhatsApp-Image-2019-03-20-at-14.57.15-150x150.jpeg\" class=\"attachment-thumbnail size-thumbnail\" alt=\"\" \/><\/a>\n\t\t\t<\/div><\/figure><figure class='gallery-item'>\n\t\t\t<div class='gallery-icon landscape'>\n\t\t\t\t<a href='https:\/\/poodles.at\/wp-content\/uploads\/2019\/05\/WhatsApp-Image-2019-03-20-at-14.57.13.jpeg' rel=\"lightbox[gallery-0]\"><img loading=\"lazy\" decoding=\"async\" width=\"150\" height=\"150\" src=\"https:\/\/poodles.at\/wp-content\/uploads\/2019\/05\/WhatsApp-Image-2019-03-20-at-14.57.13-150x150.jpeg\" class=\"attachment-thumbnail size-thumbnail\" alt=\"\" \/><\/a>\n\t\t\t<\/div><\/figure><figure class='gallery-item'>\n\t\t\t<div class='gallery-icon landscape'>\n\t\t\t\t<a href='https:\/\/poodles.at\/wp-content\/uploads\/2019\/05\/WhatsApp-Image-2019-03-20-at-14.56.33.jpeg' rel=\"lightbox[gallery-0]\"><img loading=\"lazy\" decoding=\"async\" width=\"150\" height=\"150\" src=\"https:\/\/poodles.at\/wp-content\/uploads\/2019\/05\/WhatsApp-Image-2019-03-20-at-14.56.33-150x150.jpeg\" class=\"attachment-thumbnail size-thumbnail\" alt=\"\" \/><\/a>\n\t\t\t<\/div><\/figure><figure class='gallery-item'>\n\t\t\t<div class='gallery-icon portrait'>\n\t\t\t\t<a href='https:\/\/poodles.at\/wp-content\/uploads\/2019\/05\/WhatsApp-Image-2019-03-20-at-14.56.321.jpeg' rel=\"lightbox[gallery-0]\"><img loading=\"lazy\" decoding=\"async\" width=\"150\" height=\"150\" src=\"https:\/\/poodles.at\/wp-content\/uploads\/2019\/05\/WhatsApp-Image-2019-03-20-at-14.56.321-150x150.jpeg\" class=\"attachment-thumbnail size-thumbnail\" alt=\"\" \/><\/a>\n\t\t\t<\/div><\/figure><figure class='gallery-item'>\n\t\t\t<div class='gallery-icon landscape'>\n\t\t\t\t<a href='https:\/\/poodles.at\/wp-content\/uploads\/2019\/05\/WhatsApp-Image-2019-03-20-at-14.56.30.jpeg' rel=\"lightbox[gallery-0]\"><img loading=\"lazy\" decoding=\"async\" width=\"150\" height=\"150\" src=\"https:\/\/poodles.at\/wp-content\/uploads\/2019\/05\/WhatsApp-Image-2019-03-20-at-14.56.30-150x150.jpeg\" class=\"attachment-thumbnail size-thumbnail\" alt=\"\" \/><\/a>\n\t\t\t<\/div><\/figure><figure class='gallery-item'>\n\t\t\t<div class='gallery-icon portrait'>\n\t\t\t\t<a href='https:\/\/poodles.at\/wp-content\/uploads\/2019\/05\/WhatsApp-Image-2019-03-20-at-14.56.27.jpeg' rel=\"lightbox[gallery-0]\"><img loading=\"lazy\" decoding=\"async\" width=\"150\" height=\"150\" src=\"https:\/\/poodles.at\/wp-content\/uploads\/2019\/05\/WhatsApp-Image-2019-03-20-at-14.56.27-150x150.jpeg\" class=\"attachment-thumbnail size-thumbnail\" alt=\"\" \/><\/a>\n\t\t\t<\/div><\/figure><figure class='gallery-item'>\n\t\t\t<div class='gallery-icon portrait'>\n\t\t\t\t<a href='https:\/\/poodles.at\/wp-content\/uploads\/2020\/09\/20200926_194328.jpg' rel=\"lightbox[gallery-0]\"><img loading=\"lazy\" decoding=\"async\" width=\"150\" height=\"150\" src=\"https:\/\/poodles.at\/wp-content\/uploads\/2020\/09\/20200926_194328-150x150.jpg\" class=\"attachment-thumbnail size-thumbnail\" alt=\"\" \/><\/a>\n\t\t\t<\/div><\/figure><figure class='gallery-item'>\n\t\t\t<div class='gallery-icon portrait'>\n\t\t\t\t<a href='https:\/\/poodles.at\/wp-content\/uploads\/2020\/09\/IMG-20200927-WA0000.jpg' rel=\"lightbox[gallery-0]\"><img loading=\"lazy\" decoding=\"async\" width=\"150\" height=\"150\" src=\"https:\/\/poodles.at\/wp-content\/uploads\/2020\/09\/IMG-20200927-WA0000-150x150.jpg\" class=\"attachment-thumbnail size-thumbnail\" alt=\"\" \/><\/a>\n\t\t\t<\/div><\/figure><figure class='gallery-item'>\n\t\t\t<div class='gallery-icon portrait'>\n\t\t\t\t<a href='https:\/\/poodles.at\/wp-content\/uploads\/2020\/09\/IMG-20200927-WA0036.jpg' rel=\"lightbox[gallery-0]\"><img loading=\"lazy\" decoding=\"async\" width=\"150\" height=\"150\" src=\"https:\/\/poodles.at\/wp-content\/uploads\/2020\/09\/IMG-20200927-WA0036-150x150.jpg\" class=\"attachment-thumbnail size-thumbnail\" alt=\"\" \/><\/a>\n\t\t\t<\/div><\/figure>\n\t\t<\/div>\n\r\n<div class=\"lyte-wrapper fourthree\" style=\"width:480px;max-width:100%;margin:5px auto;\"><div class=\"lyMe hidef\" id=\"WYL_eVZ2WttdOd8\"><div id=\"lyte_eVZ2WttdOd8\" data-src=\"https:\/\/poodles.at\/wp-content\/plugins\/wp-youtube-lyte\/lyteCache.php?origThumbUrl=%2F%2Fi.ytimg.com%2Fvi%2FeVZ2WttdOd8%2Fmaxresdefault.jpg\" class=\"pL\"><div class=\"tC\"><div class=\"tT\"><\/div><\/div><div class=\"play\"><\/div><div class=\"ctrl\"><div class=\"Lctrl\"><\/div><div class=\"Rctrl\"><\/div><\/div><\/div><noscript><a href=\"https:\/\/youtu.be\/eVZ2WttdOd8\" rel=\"nofollow\"><img loading=\"lazy\" decoding=\"async\" src=\"https:\/\/poodles.at\/wp-content\/plugins\/wp-youtube-lyte\/lyteCache.php?origThumbUrl=https%3A%2F%2Fi.ytimg.com%2Fvi%2FeVZ2WttdOd8%2F0.jpg\" alt=\"YouTube video thumbnail\" width=\"480\" height=\"340\" \/><\/a><\/noscript><\/div><\/div><div class=\"lL\" style=\"max-width:100%;width:480px;margin:5px auto;\"> <a href=\"https:\/\/youtu.be\/eVZ2WttdOd8\" target=\"_blank\">Watch this video on YouTube<\/a>.<\/div><\/p>\r\n<p>&nbsp;<\/p>","protected":false},"excerpt":{"rendered":"<p>Airi Arabeska Una Piccola geb.: 13.4.2018 Zuchttauglich seit 17.8.2019 25,5 cm, vollzahnig Erfolge \u00d6sterreichischer Champion EUROPEAN JUNIOR WINNER 2019 \u00d6sterreichischer Jugend-Champion \u00d6CP Jugendclub-Champion 28.7.2018 (\u00d6CP Winner Show Stetten) &#8211; Babyklasse &#8211; Versprechend, Risdan Daniela 29.7.2018 (\u00d6CP Poodle Trophy Stetten) &#8211; Babyklasse &#8211; Vielversprechend, Baby BIS-1, Ing.Lucia Sladekova 9.3.2019 (Clubshau Graz) &#8211; Jugendklasse &#8211; V1, Jugendbeste, &#8230; <a title=\"Gloria\" class=\"read-more\" href=\"https:\/\/poodles.at\/en\/gloria\/\" aria-label=\"Read more about Gloria\">Read more<\/a><\/p>","protected":false},"author":1,"featured_media":0,"parent":0,"menu_order":0,"comment_status":"closed","ping_status":"closed","template":"","meta":{"footnotes":""},"class_list":["post-76","page","type-page","status-publish"],"_links":{"self":[{"href":"https:\/\/poodles.at\/en\/wp-json\/wp\/v2\/pages\/76","targetHints":{"allow":["GET"]}}],"collection":[{"href":"https:\/\/poodles.at\/en\/wp-json\/wp\/v2\/pages"}],"about":[{"href":"https:\/\/poodles.at\/en\/wp-json\/wp\/v2\/types\/page"}],"author":[{"embeddable":true,"href":"https:\/\/poodles.at\/en\/wp-json\/wp\/v2\/users\/1"}],"replies":[{"embeddable":true,"href":"https:\/\/poodles.at\/en\/wp-json\/wp\/v2\/comments?post=76"}],"version-history":[{"count":31,"href":"https:\/\/poodles.at\/en\/wp-json\/wp\/v2\/pages\/76\/revisions"}],"predecessor-version":[{"id":8051,"href":"https:\/\/poodles.at\/en\/wp-json\/wp\/v2\/pages\/76\/revisions\/8051"}],"wp:attachment":[{"href":"https:\/\/poodles.at\/en\/wp-json\/wp\/v2\/media?parent=76"}],"curies":[{"name":"wp","href":"https:\/\/api.w.org\/{rel}","templated":true}]}}