{"id":78,"date":"2019-05-03T16:11:13","date_gmt":"2019-05-03T14:11:13","guid":{"rendered":"http:\/\/poodles.at\/?page_id=78"},"modified":"2023-01-17T22:23:52","modified_gmt":"2023-01-17T21:23:52","slug":"meghan","status":"publish","type":"page","link":"https:\/\/poodles.at\/en\/meghan\/","title":{"rendered":"Meghan"},"content":{"rendered":"<h2 style=\"text-align: center; padding-left: 40px;\">Smart Connection Meghan<\/h2>\r\n<p style=\"text-align: center;\"><strong><span style=\"color: #800080;\"><em>Wenn ihr mich sucht, suchet mich in euren Herzen. Habe ich dort einen Platz gefunden, werde ich immer bei euch sein. (Antoine de Saint-Exup\u00e9ry)<\/em><\/span><\/strong><\/p>\r\n<p style=\"text-align: center;\"><strong><span style=\"color: #800080;\"><em>Ruhe in Frieden mein M\u00e4dchen &#8211; du bleibst f\u00fcr immer und ewig in unseren Herzen, unser unvergessliches Baby&#8230;.\u00a0<\/em><\/span><\/strong><\/p>\r\n<p style=\"text-align: center;\"><a href=\"http:\/\/poodles.at\/wp-content\/uploads\/2020\/05\/20200526_100221.jpg\" rel=\"lightbox-0\"><img loading=\"lazy\" decoding=\"async\" class=\"alignnone wp-image-1342 size-large\" src=\"http:\/\/poodles.at\/wp-content\/uploads\/2020\/05\/20200526_100221-600x800.jpg\" alt=\"\" width=\"600\" height=\"800\" srcset=\"https:\/\/poodles.at\/wp-content\/uploads\/2020\/05\/20200526_100221.jpg 600w, https:\/\/poodles.at\/wp-content\/uploads\/2020\/05\/20200526_100221-225x300.jpg 225w\" sizes=\"auto, (max-width: 600px) 100vw, 600px\" \/><\/a><\/p>\r\n<p style=\"text-align: center;\">\u00a0<\/p>\r\n<p style=\"text-align: center;\"><a href=\"http:\/\/poodles.at\/wp-content\/uploads\/2019\/09\/71213442_10211698985230313_8016601434881523712_n.jpg\" rel=\"lightbox-1\"><img loading=\"lazy\" decoding=\"async\" class=\"alignnone size-full wp-image-619\" src=\"http:\/\/poodles.at\/wp-content\/uploads\/2019\/09\/71213442_10211698985230313_8016601434881523712_n.jpg\" alt=\"\" width=\"600\" height=\"689\" srcset=\"https:\/\/poodles.at\/wp-content\/uploads\/2019\/09\/71213442_10211698985230313_8016601434881523712_n.jpg 600w, https:\/\/poodles.at\/wp-content\/uploads\/2019\/09\/71213442_10211698985230313_8016601434881523712_n-261x300.jpg 261w\" sizes=\"auto, (max-width: 600px) 100vw, 600px\" \/><\/a><\/p>\r\n<p style=\"text-align: center;\">geb.: 5.10.2018 &#8211; 25.5.2020<\/p>\r\n<p style=\"text-align: center;\">Zuchttauglich seit 22.2.2020<\/p>\r\n<p style=\"text-align: center;\">26 cm, vollzahnig<\/p>\r\n<p><a href=\"http:\/\/poodles.at\/wp-content\/uploads\/2020\/05\/20200505_113116.jpg\" rel=\"lightbox-2\"><img loading=\"lazy\" decoding=\"async\" class=\"wp-image-1343 size-large aligncenter\" src=\"http:\/\/poodles.at\/wp-content\/uploads\/2020\/05\/20200505_113116-450x800.jpg\" alt=\"\" width=\"450\" height=\"800\" srcset=\"https:\/\/poodles.at\/wp-content\/uploads\/2020\/05\/20200505_113116.jpg 450w, https:\/\/poodles.at\/wp-content\/uploads\/2020\/05\/20200505_113116-169x300.jpg 169w\" sizes=\"auto, (max-width: 450px) 100vw, 450px\" \/><\/a><\/p>\r\n<hr \/>\r\n<h3 style=\"text-align: center;\">Erfolge<\/h3>\r\n<p style=\"text-align: center;\"><strong>\u00d6CP J\u00fcngstenclub-Champion<\/strong><\/p>\r\n<p style=\"text-align: center;\"><b>\u00d6sterreichischer\u00a0 Jugend-Champion<\/b><\/p>\r\n<p style=\"text-align: center;\"><strong>Alpen-Jugend Champion<\/strong><\/p>\r\n<ul>\r\n<li>9.3.2019 (Clubshau Graz) &#8211; Babyklasse &#8211; Vielversprechend, Peterburs Bertold<\/li>\r\n<li>5.5.2019 (Zuchtschau &#8222;Gl\u00e4serner Pudel B\u00f6heimkirchen) &#8211; J\u00fcngstenklasse &#8211; Vielversprechend, J\u00fcngsten &#8211; BIS 2, Uschi Eisner<\/li>\r\n<li>12.5.2019 (IHA Wieselburg) &#8211; J\u00fcngstenklasse &#8211; Vielversprechend, Best Puppy Wieselburg, Doris Payerl<\/li>\r\n<li>15.6.2019 (EUROPEAN DOG SHOW Wels) &#8211; J\u00fcngstenklasse &#8211; Vielversprechend, Best Puppy in schwarz, BEST PUPPY alle Farben, Bruno Nodalli<\/li>\r\n<li>16.6.2019 (AUSTRIAN WINNER 2019 Wels) &#8211; J\u00fcngstenklasse &#8211; Vielversprechend, Gabriela Ridarcikova<\/li>\r\n<li>4.8.2019 (EDS Kreuzlingen, Schweiz) &#8211; Jugendklasse &#8211; V1, CAC Jugend, Jugendsieger, Alpenjugendsieger und BOB alle Toys, Anna Tiets<\/li>\r\n<li>17.8.2019 (IHA Innsbruck) &#8211; Jugendklasse &#8211; V1, Jugend Bester, Bester Junghund, Elisabeth Feuz<\/li>\r\n<li>18.8.2019 (IHA Innsbruck) &#8211; Jugendklasse &#8211; V1, Jugendbester, Alpen &#8211; Jugendsieger, Branislav Rajic<\/li>\r\n<li>28.9.2019 (IHA Tulln Crufts Qualification) &#8211; Jugendklasse &#8211; V1, Jugendbeste, bester Junghund, Uschi Eisner<\/li>\r\n<li>29.9.2019 (IHA Tulln Bundessieger) &#8211; Jugendklasse &#8211; V1, Jugendbeste, BUNDESJUGENDSIEGER, Dr. Henrik Hannelius<\/li>\r\n<\/ul>\r\n<h3>\u00a0<\/h3>\r\n<h3 style=\"text-align: center;\">Gesundheitstest<\/h3>\r\n<p style=\"text-align: center;\">Optigen A<\/p>\r\n<p style=\"text-align: center;\">Patella 0\/0<\/p>\r\n<p style=\"text-align: center;\">PRA (ECVO) \u2013 frei<\/p>\r\n<hr \/>\r\n<h3 style=\"text-align: center;\">Pedigree<\/h3>\r\n\r\n<table style=\"background-color: rgba(254, 245, 216, 0.09); border-color: #d2ccba; border-width: 1px; height: 567px;\" width=\"901\">\r\n<tbody>\r\n<tr style=\"height: 70px;\">\r\n<td style=\"text-align: center; width: 427px; height: 283px;\" rowspan=\"4\">Vanitonia Such As It Is<br \/>\r\n<p><a href=\"http:\/\/poodles.at\/wp-content\/uploads\/2019\/05\/WhatsApp-Image-2019-03-20-at-15.12.44.jpeg\" rel=\"lightbox-3\"><img loading=\"lazy\" decoding=\"async\" class=\"aligncenter wp-image-204 size-thumbnail\" src=\"http:\/\/poodles.at\/wp-content\/uploads\/2019\/05\/WhatsApp-Image-2019-03-20-at-15.12.44-150x150.jpeg\" alt=\"\" width=\"150\" height=\"150\" \/><\/a><\/p>\r\n<\/td>\r\n<td style=\"text-align: center; width: 613px; height: 141px;\" rowspan=\"2\">Vanitonia I Thought so Too<\/td>\r\n<td style=\"text-align: center; width: 283px; height: 70px;\">Brymac Smart &#8218;N&#8217;Sinful<\/td>\r\n<\/tr>\r\n<tr style=\"height: 71px;\">\r\n<td style=\"text-align: center; width: 283px; height: 71px;\">Vanitonia Laura Lush<\/td>\r\n<\/tr>\r\n<tr style=\"height: 71px;\">\r\n<td style=\"text-align: center; width: 613px; height: 142px;\" rowspan=\"2\">Vanitonia if the Shoe Fits At Seldo<\/td>\r\n<td style=\"text-align: center; width: 283px; height: 71px;\">Tuttlebees Witch Trader<\/td>\r\n<\/tr>\r\n<tr style=\"height: 71px;\">\r\n<td style=\"text-align: center; width: 283px; height: 71px;\">Vanitonia Grace Kelly<\/td>\r\n<\/tr>\r\n<tr style=\"height: 71px;\">\r\n<td style=\"text-align: center; width: 427px; height: 284px;\" rowspan=\"4\">Bhanyanan Smart Connection<br \/>\r\n<p><a href=\"http:\/\/poodles.at\/wp-content\/uploads\/2019\/05\/WhatsApp-Image-2019-03-20-at-15.12.43.jpeg\" rel=\"lightbox-4\"><img loading=\"lazy\" decoding=\"async\" class=\"aligncenter wp-image-203 size-thumbnail\" src=\"http:\/\/poodles.at\/wp-content\/uploads\/2019\/05\/WhatsApp-Image-2019-03-20-at-15.12.43-150x150.jpeg\" alt=\"\" width=\"150\" height=\"150\" srcset=\"https:\/\/poodles.at\/wp-content\/uploads\/2019\/05\/WhatsApp-Image-2019-03-20-at-15.12.43-150x150.jpeg 150w, https:\/\/poodles.at\/wp-content\/uploads\/2019\/05\/WhatsApp-Image-2019-03-20-at-15.12.43-300x300.jpeg 300w, https:\/\/poodles.at\/wp-content\/uploads\/2019\/05\/WhatsApp-Image-2019-03-20-at-15.12.43-768x768.jpeg 768w, https:\/\/poodles.at\/wp-content\/uploads\/2019\/05\/WhatsApp-Image-2019-03-20-at-15.12.43-1024x1024.jpeg 1024w, https:\/\/poodles.at\/wp-content\/uploads\/2019\/05\/WhatsApp-Image-2019-03-20-at-15.12.43.jpeg 800w\" sizes=\"auto, (max-width: 150px) 100vw, 150px\" \/><\/a><\/p>\r\n<\/td>\r\n<td style=\"text-align: center; width: 613px; height: 142px;\" rowspan=\"2\">Bhanyanan Party with Montaires<\/td>\r\n<td style=\"text-align: center; width: 283px; height: 71px;\">Vanitonia if I was to tell you<\/td>\r\n<\/tr>\r\n<tr style=\"height: 71px;\">\r\n<td style=\"text-align: center; width: 283px; height: 71px;\">Bhanyanan M S Killer Queen<\/td>\r\n<\/tr>\r\n<tr style=\"height: 71px;\">\r\n<td style=\"text-align: center; width: 613px; height: 142px;\" rowspan=\"2\">Solnes Stars in her Eyes<\/td>\r\n<td style=\"text-align: center; width: 283px; height: 71px;\">Solnes Turkish Noel<\/td>\r\n<\/tr>\r\n<tr style=\"height: 71px;\">\r\n<td style=\"text-align: center; width: 283px; height: 71px;\">Djakartas Tamara<\/td>\r\n<\/tr>\r\n<\/tbody>\r\n<\/table>\r\n\r\n<h3 style=\"text-align: center;\">Foto &amp; Videogalerie<\/h3>\r\n<p><img loading=\"lazy\" decoding=\"async\" class=\"start_img aligncenter wp-image-241\" src=\"http:\/\/poodles.at\/wp-content\/uploads\/2019\/05\/startbild.jpg\" alt=\"\" width=\"527\" height=\"606\" srcset=\"https:\/\/poodles.at\/wp-content\/uploads\/2019\/05\/startbild.jpg 700w, https:\/\/poodles.at\/wp-content\/uploads\/2019\/05\/startbild-261x300.jpg 261w\" sizes=\"auto, (max-width: 527px) 100vw, 527px\" \/><\/p>\r\n<p style=\"text-align: center;\"><a href=\"http:\/\/poodles.at\/wp-content\/uploads\/2019\/08\/20190801_090736.jpg\" rel=\"lightbox-5\"><img loading=\"lazy\" decoding=\"async\" class=\"alignnone wp-image-488 size-full\" src=\"http:\/\/poodles.at\/wp-content\/uploads\/2019\/08\/20190801_090736.jpg\" alt=\"\" width=\"447\" height=\"522\" srcset=\"https:\/\/poodles.at\/wp-content\/uploads\/2019\/08\/20190801_090736.jpg 447w, https:\/\/poodles.at\/wp-content\/uploads\/2019\/08\/20190801_090736-257x300.jpg 257w\" sizes=\"auto, (max-width: 447px) 100vw, 447px\" \/><\/a><\/p>\r\n<div id='gallery-1' class='gallery galleryid-78 gallery-columns-4 gallery-size-thumbnail'><figure class='gallery-item'>\n\t\t\t<div class='gallery-icon portrait'>\n\t\t\t\t<a href='https:\/\/poodles.at\/wp-content\/uploads\/2019\/05\/WhatsApp-Image-2019-03-20-at-15.14.00.jpeg' rel=\"lightbox[gallery-0]\"><img loading=\"lazy\" decoding=\"async\" width=\"150\" height=\"150\" src=\"https:\/\/poodles.at\/wp-content\/uploads\/2019\/05\/WhatsApp-Image-2019-03-20-at-15.14.00-150x150.jpeg\" class=\"attachment-thumbnail size-thumbnail\" alt=\"\" \/><\/a>\n\t\t\t<\/div><\/figure><figure class='gallery-item'>\n\t\t\t<div class='gallery-icon portrait'>\n\t\t\t\t<a href='https:\/\/poodles.at\/wp-content\/uploads\/2019\/05\/WhatsApp-Image-2019-03-20-at-15.14.001.jpeg' rel=\"lightbox[gallery-0]\"><img loading=\"lazy\" decoding=\"async\" width=\"150\" height=\"150\" src=\"https:\/\/poodles.at\/wp-content\/uploads\/2019\/05\/WhatsApp-Image-2019-03-20-at-15.14.001-150x150.jpeg\" class=\"attachment-thumbnail size-thumbnail\" alt=\"\" \/><\/a>\n\t\t\t<\/div><\/figure><figure class='gallery-item'>\n\t\t\t<div class='gallery-icon portrait'>\n\t\t\t\t<a href='https:\/\/poodles.at\/wp-content\/uploads\/2019\/05\/WhatsApp-Image-2019-03-20-at-15.12.47.jpeg' rel=\"lightbox[gallery-0]\"><img loading=\"lazy\" decoding=\"async\" width=\"150\" height=\"150\" src=\"https:\/\/poodles.at\/wp-content\/uploads\/2019\/05\/WhatsApp-Image-2019-03-20-at-15.12.47-150x150.jpeg\" class=\"attachment-thumbnail size-thumbnail\" alt=\"\" \/><\/a>\n\t\t\t<\/div><\/figure><figure class='gallery-item'>\n\t\t\t<div class='gallery-icon portrait'>\n\t\t\t\t<a href='https:\/\/poodles.at\/wp-content\/uploads\/2019\/05\/WhatsApp-Image-2019-03-20-at-15.12.472.jpeg' rel=\"lightbox[gallery-0]\"><img loading=\"lazy\" decoding=\"async\" width=\"150\" height=\"150\" src=\"https:\/\/poodles.at\/wp-content\/uploads\/2019\/05\/WhatsApp-Image-2019-03-20-at-15.12.472-150x150.jpeg\" class=\"attachment-thumbnail size-thumbnail\" alt=\"\" \/><\/a>\n\t\t\t<\/div><\/figure><figure class='gallery-item'>\n\t\t\t<div class='gallery-icon portrait'>\n\t\t\t\t<a href='https:\/\/poodles.at\/wp-content\/uploads\/2019\/05\/WhatsApp-Image-2019-03-20-at-15.12.471.jpeg' rel=\"lightbox[gallery-0]\"><img loading=\"lazy\" decoding=\"async\" width=\"150\" height=\"150\" src=\"https:\/\/poodles.at\/wp-content\/uploads\/2019\/05\/WhatsApp-Image-2019-03-20-at-15.12.471-150x150.jpeg\" class=\"attachment-thumbnail size-thumbnail\" alt=\"\" \/><\/a>\n\t\t\t<\/div><\/figure><figure class='gallery-item'>\n\t\t\t<div class='gallery-icon portrait'>\n\t\t\t\t<a href='https:\/\/poodles.at\/wp-content\/uploads\/2019\/05\/WhatsApp-Image-2019-03-20-at-15.12.461.jpeg' rel=\"lightbox[gallery-0]\"><img loading=\"lazy\" decoding=\"async\" width=\"150\" height=\"150\" src=\"https:\/\/poodles.at\/wp-content\/uploads\/2019\/05\/WhatsApp-Image-2019-03-20-at-15.12.461-150x150.jpeg\" class=\"attachment-thumbnail size-thumbnail\" alt=\"\" \/><\/a>\n\t\t\t<\/div><\/figure><figure class='gallery-item'>\n\t\t\t<div class='gallery-icon portrait'>\n\t\t\t\t<a href='https:\/\/poodles.at\/wp-content\/uploads\/2019\/05\/WhatsApp-Image-2019-03-20-at-15.12.45.jpeg' rel=\"lightbox[gallery-0]\"><img loading=\"lazy\" decoding=\"async\" width=\"150\" height=\"150\" src=\"https:\/\/poodles.at\/wp-content\/uploads\/2019\/05\/WhatsApp-Image-2019-03-20-at-15.12.45-150x150.jpeg\" class=\"attachment-thumbnail size-thumbnail\" alt=\"\" \/><\/a>\n\t\t\t<\/div><\/figure><figure class='gallery-item'>\n\t\t\t<div class='gallery-icon landscape'>\n\t\t\t\t<a href='https:\/\/poodles.at\/wp-content\/uploads\/2019\/05\/WhatsApp-Image-2019-03-20-at-15.12.451.jpeg' rel=\"lightbox[gallery-0]\"><img loading=\"lazy\" decoding=\"async\" width=\"150\" height=\"150\" src=\"https:\/\/poodles.at\/wp-content\/uploads\/2019\/05\/WhatsApp-Image-2019-03-20-at-15.12.451-150x150.jpeg\" class=\"attachment-thumbnail size-thumbnail\" alt=\"\" \/><\/a>\n\t\t\t<\/div><\/figure><figure class='gallery-item'>\n\t\t\t<div class='gallery-icon landscape'>\n\t\t\t\t<a href='https:\/\/poodles.at\/wp-content\/uploads\/2019\/05\/WhatsApp-Image-2019-03-20-at-15.12.491.jpeg' rel=\"lightbox[gallery-0]\"><img loading=\"lazy\" decoding=\"async\" width=\"150\" height=\"150\" src=\"https:\/\/poodles.at\/wp-content\/uploads\/2019\/05\/WhatsApp-Image-2019-03-20-at-15.12.491-150x150.jpeg\" class=\"attachment-thumbnail size-thumbnail\" alt=\"\" \/><\/a>\n\t\t\t<\/div><\/figure><figure class='gallery-item'>\n\t\t\t<div class='gallery-icon landscape'>\n\t\t\t\t<a href='https:\/\/poodles.at\/wp-content\/uploads\/2019\/05\/WhatsApp-Image-2019-03-20-at-15.12.492.jpeg' rel=\"lightbox[gallery-0]\"><img loading=\"lazy\" decoding=\"async\" width=\"150\" height=\"150\" src=\"https:\/\/poodles.at\/wp-content\/uploads\/2019\/05\/WhatsApp-Image-2019-03-20-at-15.12.492-150x150.jpeg\" class=\"attachment-thumbnail size-thumbnail\" alt=\"\" \/><\/a>\n\t\t\t<\/div><\/figure>\n\t\t<\/div>\n\r\n<p>&nbsp;<\/p>","protected":false},"excerpt":{"rendered":"<p>Smart Connection Meghan Wenn ihr mich sucht, suchet mich in euren Herzen. Habe ich dort einen Platz gefunden, werde ich immer bei euch sein. (Antoine de Saint-Exup\u00e9ry) Ruhe in Frieden mein M\u00e4dchen &#8211; du bleibst f\u00fcr immer und ewig in unseren Herzen, unser unvergessliches Baby&#8230;.\u00a0 \u00a0 geb.: 5.10.2018 &#8211; 25.5.2020 Zuchttauglich seit 22.2.2020 26 cm, &#8230; <a title=\"Meghan\" class=\"read-more\" href=\"https:\/\/poodles.at\/en\/meghan\/\" aria-label=\"Read more about Meghan\">Read more<\/a><\/p>","protected":false},"author":1,"featured_media":0,"parent":0,"menu_order":0,"comment_status":"closed","ping_status":"closed","template":"","meta":{"footnotes":""},"class_list":["post-78","page","type-page","status-publish"],"_links":{"self":[{"href":"https:\/\/poodles.at\/en\/wp-json\/wp\/v2\/pages\/78","targetHints":{"allow":["GET"]}}],"collection":[{"href":"https:\/\/poodles.at\/en\/wp-json\/wp\/v2\/pages"}],"about":[{"href":"https:\/\/poodles.at\/en\/wp-json\/wp\/v2\/types\/page"}],"author":[{"embeddable":true,"href":"https:\/\/poodles.at\/en\/wp-json\/wp\/v2\/users\/1"}],"replies":[{"embeddable":true,"href":"https:\/\/poodles.at\/en\/wp-json\/wp\/v2\/comments?post=78"}],"version-history":[{"count":41,"href":"https:\/\/poodles.at\/en\/wp-json\/wp\/v2\/pages\/78\/revisions"}],"predecessor-version":[{"id":4138,"href":"https:\/\/poodles.at\/en\/wp-json\/wp\/v2\/pages\/78\/revisions\/4138"}],"wp:attachment":[{"href":"https:\/\/poodles.at\/en\/wp-json\/wp\/v2\/media?parent=78"}],"curies":[{"name":"wp","href":"https:\/\/api.w.org\/{rel}","templated":true}]}}