{"id":8219,"date":"2025-07-02T15:57:47","date_gmt":"2025-07-02T13:57:47","guid":{"rendered":"https:\/\/poodles.at\/?page_id=8219"},"modified":"2025-12-11T13:49:27","modified_gmt":"2025-12-11T12:49:27","slug":"zana","status":"publish","type":"page","link":"https:\/\/poodles.at\/en\/zana\/","title":{"rendered":"Zana"},"content":{"rendered":"<h1 style=\"text-align: center;\">Zana<\/h1>\r\n<h2 style=\"text-align: center;\">Russkaya Troika Azzurra<\/h2>\r\n<p style=\"text-align: center;\"><img loading=\"lazy\" decoding=\"async\" class=\"wp-image-8913 size-full aligncenter\" src=\"https:\/\/poodles.at\/wp-content\/uploads\/2025\/12\/IMG-20251129-WA0024.jpg\" alt=\"\" width=\"800\" height=\"771\" srcset=\"https:\/\/poodles.at\/wp-content\/uploads\/2025\/12\/IMG-20251129-WA0024.jpg 800w, https:\/\/poodles.at\/wp-content\/uploads\/2025\/12\/IMG-20251129-WA0024-300x289.jpg 300w, https:\/\/poodles.at\/wp-content\/uploads\/2025\/12\/IMG-20251129-WA0024-768x740.jpg 768w, https:\/\/poodles.at\/wp-content\/uploads\/2025\/12\/IMG-20251129-WA0024-12x12.jpg 12w\" sizes=\"auto, (max-width: 800px) 100vw, 800px\" \/><\/p>\r\n<p style=\"text-align: center;\">geb.: 22.5.2025<\/p>\r\n<p style=\"text-align: center;\">\u00a0cm, vollzahnig<\/p>\r\n<hr \/>\r\n<h3 style=\"text-align: center;\">Erfolge<\/h3>\r\n<ul>\r\n<li>13.9.2025 (\u00d6CP-Clubsiegerschau 2025, Schloss Zeillern, \u00d6sterreich) &#8211; Babyklasse &#8211; Vielversprechend, Baby BIS1 Eija Halonen (FI)<\/li>\r\n<li>13.9.2025 (\u00d6CP Speciality 2025, Schloss Zeillern, \u00d6sterreich) &#8211; Babyklasse &#8211; Vielversprechend, Baby BIS3, Edita Kralova (SK)<\/li>\r\n<li>5.12.2025 (CACIB Sieger Wels, \u00d6sterreich) &#8211; J\u00fcngstenklasse &#8211; Vielversprechend, Best Puppy, Sieger Wels Puppy, George Kostopoulos (GR)<\/li>\r\n<li>6.12.2025 (CAC Ober\u00f6sterreich Sieger, \u00d6sterreich) &#8211; J\u00fcngstenklasse &#8211; Vielversprechend 1, O\u00d6 Sieger Puppy, Dusan Paunovic (RS)<\/li>\r\n<li>6.12.2025 (CACIB Winter Trophy, \u00d6sterreich) &#8211; J\u00fcngstenklasse &#8211; Vielversprechend 1, Winter Trophy Winner Puppy, Celine Bottussi Jocquel (FR)<\/li>\r\n<li>7.12.2025 (CACIB Christmas Winner, \u00d6sterreich) &#8211; J\u00fcngstenklasse &#8211; Vielversprechend 1, X-Mas Winner Puppy, Jadranka Mijatovic (HR)<\/li>\r\n<li>\u00a0<\/li>\r\n<\/ul>\r\n<hr \/>\r\n<h3 style=\"text-align: center;\">Gesundheitstest<\/h3>\r\n<p style=\"text-align: center;\">\u00a0<\/p>\r\n<hr \/>\r\n<h3 style=\"text-align: center;\">Pedigree<\/h3>\r\n\r\n<table style=\"background-color: rgba(254, 245, 216, 0.09); border-color: #d2ccba; border-width: 1px; height: 567px; width: 100%;\" width=\"901\">\r\n<tbody>\r\n<tr style=\"height: 70px;\">\r\n<td style=\"text-align: center; width: 29.3255%; height: 283px;\" rowspan=\"4\">Smart Connection Paparazzi<\/td>\r\n<td style=\"text-align: center; width: 45.4545%; height: 141px;\" rowspan=\"2\">Diving Rod&#8217;s Happy Afterglow<\/td>\r\n<td style=\"text-align: center; width: 22.5806%; height: 70px;\">Sarahill Play My Game<\/td>\r\n<\/tr>\r\n<tr style=\"height: 71px;\">\r\n<td style=\"text-align: center; width: 22.5806%; height: 71px;\">Diving Rod&#8217;s J&#8217;adore<\/td>\r\n<\/tr>\r\n<tr style=\"height: 71px;\">\r\n<td style=\"text-align: center; width: 45.4545%; height: 142px;\" rowspan=\"2\">Bhanyanan Jane Doe<\/td>\r\n<td style=\"text-align: center; width: 22.5806%; height: 71px;\">Bhanyanan Party With Monataires<\/td>\r\n<\/tr>\r\n<tr style=\"height: 71px;\">\r\n<td style=\"text-align: center; width: 22.5806%; height: 71px;\">Canmoy Watergate<\/td>\r\n<\/tr>\r\n<tr style=\"height: 71px;\">\r\n<td style=\"text-align: center; width: 29.3255%; height: 284px;\" rowspan=\"4\">Smart Connection Skydive<\/td>\r\n<td style=\"text-align: center; width: 45.4545%; height: 142px;\" rowspan=\"2\">Ewak&#8217;S Watermark<\/td>\r\n<td style=\"text-align: center; width: 22.5806%; height: 71px;\">Pandorans Catch The Wind<\/td>\r\n<\/tr>\r\n<tr style=\"height: 71px;\">\r\n<td style=\"text-align: center; width: 22.5806%; height: 71px;\">Fidel Zina<\/td>\r\n<\/tr>\r\n<tr style=\"height: 71px;\">\r\n<td style=\"text-align: center; width: 45.4545%; height: 142px;\" rowspan=\"2\">Smart Connection Illusion<\/td>\r\n<td style=\"text-align: center; width: 22.5806%; height: 71px;\">Vanitonia Such As It Is<\/td>\r\n<\/tr>\r\n<tr style=\"height: 71px;\">\r\n<td style=\"text-align: center; width: 22.5806%; height: 71px;\">Smart Connection Timeless Equerry<\/td>\r\n<\/tr>\r\n<\/tbody>\r\n<\/table>\r\n<p style=\"text-align: center;\"><\/p>\r\n<h3 style=\"text-align: center;\">Foto &amp; Videogalerie<\/h3>\r\n<div id='gallery-1' class='gallery galleryid-8219 gallery-columns-5 gallery-size-thumbnail'><figure class='gallery-item'>\n\t\t\t<div class='gallery-icon portrait'>\n\t\t\t\t<a href='https:\/\/poodles.at\/wp-content\/uploads\/2025\/07\/20250627_114709.jpg' rel=\"lightbox[gallery-0]\"><img loading=\"lazy\" decoding=\"async\" width=\"150\" height=\"150\" src=\"https:\/\/poodles.at\/wp-content\/uploads\/2025\/07\/20250627_114709-150x150.jpg\" class=\"attachment-thumbnail size-thumbnail\" alt=\"\" \/><\/a>\n\t\t\t<\/div><\/figure><figure class='gallery-item'>\n\t\t\t<div class='gallery-icon portrait'>\n\t\t\t\t<a href='https:\/\/poodles.at\/wp-content\/uploads\/2025\/07\/20250627_114647.jpg' rel=\"lightbox[gallery-0]\"><img loading=\"lazy\" decoding=\"async\" width=\"150\" height=\"150\" src=\"https:\/\/poodles.at\/wp-content\/uploads\/2025\/07\/20250627_114647-150x150.jpg\" class=\"attachment-thumbnail size-thumbnail\" alt=\"\" \/><\/a>\n\t\t\t<\/div><\/figure><figure class='gallery-item'>\n\t\t\t<div class='gallery-icon portrait'>\n\t\t\t\t<a href='https:\/\/poodles.at\/wp-content\/uploads\/2025\/07\/20250627_114706.jpg' rel=\"lightbox[gallery-0]\"><img loading=\"lazy\" decoding=\"async\" width=\"150\" height=\"150\" src=\"https:\/\/poodles.at\/wp-content\/uploads\/2025\/07\/20250627_114706-150x150.jpg\" class=\"attachment-thumbnail size-thumbnail\" alt=\"\" \/><\/a>\n\t\t\t<\/div><\/figure><figure class='gallery-item'>\n\t\t\t<div class='gallery-icon portrait'>\n\t\t\t\t<a href='https:\/\/poodles.at\/wp-content\/uploads\/2025\/06\/20250617_155144.jpg' rel=\"lightbox[gallery-0]\"><img loading=\"lazy\" decoding=\"async\" width=\"150\" height=\"150\" src=\"https:\/\/poodles.at\/wp-content\/uploads\/2025\/06\/20250617_155144-150x150.jpg\" class=\"attachment-thumbnail size-thumbnail\" alt=\"\" \/><\/a>\n\t\t\t<\/div><\/figure><figure class='gallery-item'>\n\t\t\t<div class='gallery-icon portrait'>\n\t\t\t\t<a href='https:\/\/poodles.at\/wp-content\/uploads\/2025\/06\/Screenshot_20250617_195923_Gallery.jpg' rel=\"lightbox[gallery-0]\"><img loading=\"lazy\" decoding=\"async\" width=\"150\" height=\"150\" src=\"https:\/\/poodles.at\/wp-content\/uploads\/2025\/06\/Screenshot_20250617_195923_Gallery-150x150.jpg\" class=\"attachment-thumbnail size-thumbnail\" alt=\"\" \/><\/a>\n\t\t\t<\/div><\/figure><figure class='gallery-item'>\n\t\t\t<div class='gallery-icon portrait'>\n\t\t\t\t<a href='https:\/\/poodles.at\/wp-content\/uploads\/2025\/06\/20250603_164309.jpg' rel=\"lightbox[gallery-0]\"><img loading=\"lazy\" decoding=\"async\" width=\"150\" height=\"150\" src=\"https:\/\/poodles.at\/wp-content\/uploads\/2025\/06\/20250603_164309-150x150.jpg\" class=\"attachment-thumbnail size-thumbnail\" alt=\"\" \/><\/a>\n\t\t\t<\/div><\/figure><figure class='gallery-item'>\n\t\t\t<div class='gallery-icon portrait'>\n\t\t\t\t<a href='https:\/\/poodles.at\/wp-content\/uploads\/2025\/06\/20250604_125457.jpg' rel=\"lightbox[gallery-0]\"><img loading=\"lazy\" decoding=\"async\" width=\"150\" height=\"150\" src=\"https:\/\/poodles.at\/wp-content\/uploads\/2025\/06\/20250604_125457-150x150.jpg\" class=\"attachment-thumbnail size-thumbnail\" alt=\"\" \/><\/a>\n\t\t\t<\/div><\/figure><figure class='gallery-item'>\n\t\t\t<div class='gallery-icon landscape'>\n\t\t\t\t<a href='https:\/\/poodles.at\/wp-content\/uploads\/2025\/06\/20250604_125158.jpg' rel=\"lightbox[gallery-0]\"><img loading=\"lazy\" decoding=\"async\" width=\"150\" height=\"150\" src=\"https:\/\/poodles.at\/wp-content\/uploads\/2025\/06\/20250604_125158-150x150.jpg\" class=\"attachment-thumbnail size-thumbnail\" alt=\"\" srcset=\"https:\/\/poodles.at\/wp-content\/uploads\/2025\/06\/20250604_125158-150x150.jpg 150w, https:\/\/poodles.at\/wp-content\/uploads\/2025\/06\/20250604_125158-13x12.jpg 13w\" sizes=\"auto, (max-width: 150px) 100vw, 150px\" \/><\/a>\n\t\t\t<\/div><\/figure><figure class='gallery-item'>\n\t\t\t<div class='gallery-icon portrait'>\n\t\t\t\t<a href='https:\/\/poodles.at\/wp-content\/uploads\/2025\/12\/IMG-20251129-WA0023.jpg' rel=\"lightbox[gallery-0]\"><img loading=\"lazy\" decoding=\"async\" width=\"150\" height=\"150\" src=\"https:\/\/poodles.at\/wp-content\/uploads\/2025\/12\/IMG-20251129-WA0023-150x150.jpg\" class=\"attachment-thumbnail size-thumbnail\" alt=\"\" srcset=\"https:\/\/poodles.at\/wp-content\/uploads\/2025\/12\/IMG-20251129-WA0023-150x150.jpg 150w, https:\/\/poodles.at\/wp-content\/uploads\/2025\/12\/IMG-20251129-WA0023-11x12.jpg 11w\" sizes=\"auto, (max-width: 150px) 100vw, 150px\" \/><\/a>\n\t\t\t<\/div><\/figure><figure class='gallery-item'>\n\t\t\t<div class='gallery-icon landscape'>\n\t\t\t\t<a href='https:\/\/poodles.at\/wp-content\/uploads\/2025\/12\/IMG-20251129-WA0024.jpg' rel=\"lightbox[gallery-0]\"><img loading=\"lazy\" decoding=\"async\" width=\"150\" height=\"150\" src=\"https:\/\/poodles.at\/wp-content\/uploads\/2025\/12\/IMG-20251129-WA0024-150x150.jpg\" class=\"attachment-thumbnail size-thumbnail\" alt=\"\" srcset=\"https:\/\/poodles.at\/wp-content\/uploads\/2025\/12\/IMG-20251129-WA0024-150x150.jpg 150w, https:\/\/poodles.at\/wp-content\/uploads\/2025\/12\/IMG-20251129-WA0024-12x12.jpg 12w\" sizes=\"auto, (max-width: 150px) 100vw, 150px\" \/><\/a>\n\t\t\t<\/div><\/figure><figure class='gallery-item'>\n\t\t\t<div class='gallery-icon portrait'>\n\t\t\t\t<a href='https:\/\/poodles.at\/wp-content\/uploads\/2025\/12\/Messenger_creation_DB51DFF1-9A3D-46DC-B21B-DB947341593A.jpeg' rel=\"lightbox[gallery-0]\"><img loading=\"lazy\" decoding=\"async\" width=\"150\" height=\"150\" src=\"https:\/\/poodles.at\/wp-content\/uploads\/2025\/12\/Messenger_creation_DB51DFF1-9A3D-46DC-B21B-DB947341593A-150x150.jpeg\" class=\"attachment-thumbnail size-thumbnail\" alt=\"\" \/><\/a>\n\t\t\t<\/div><\/figure><figure class='gallery-item'>\n\t\t\t<div class='gallery-icon portrait'>\n\t\t\t\t<a href='https:\/\/poodles.at\/wp-content\/uploads\/2025\/12\/Messenger_creation_7A876F5A-E87D-4E0D-84F2-43BA934B2809.jpeg' rel=\"lightbox[gallery-0]\"><img loading=\"lazy\" decoding=\"async\" width=\"150\" height=\"150\" src=\"https:\/\/poodles.at\/wp-content\/uploads\/2025\/12\/Messenger_creation_7A876F5A-E87D-4E0D-84F2-43BA934B2809-150x150.jpeg\" class=\"attachment-thumbnail size-thumbnail\" alt=\"\" \/><\/a>\n\t\t\t<\/div><\/figure>\n\t\t<\/div>\n\r\n<p style=\"text-align: center;\"><div class=\"lyte-wrapper fourthree\" style=\"width:480px;max-width:100%;margin:5px auto;\"><div class=\"lyMe hidef\" id=\"WYL_6KmOgAJBtzo\"><div id=\"lyte_6KmOgAJBtzo\" data-src=\"https:\/\/poodles.at\/wp-content\/plugins\/wp-youtube-lyte\/lyteCache.php?origThumbUrl=%2F%2Fi.ytimg.com%2Fvi%2F6KmOgAJBtzo%2Fmaxresdefault.jpg\" class=\"pL\"><div class=\"tC\"><div class=\"tT\"><\/div><\/div><div class=\"play\"><\/div><div class=\"ctrl\"><div class=\"Lctrl\"><\/div><div class=\"Rctrl\"><\/div><\/div><\/div><noscript><a href=\"https:\/\/youtu.be\/6KmOgAJBtzo\" rel=\"nofollow\"><img loading=\"lazy\" decoding=\"async\" src=\"https:\/\/poodles.at\/wp-content\/plugins\/wp-youtube-lyte\/lyteCache.php?origThumbUrl=https%3A%2F%2Fi.ytimg.com%2Fvi%2F6KmOgAJBtzo%2F0.jpg\" alt=\"YouTube video thumbnail\" width=\"480\" height=\"340\" \/><\/a><\/noscript><\/div><\/div><div class=\"lL\" style=\"max-width:100%;width:480px;margin:5px auto;\"> <a href=\"https:\/\/youtu.be\/6KmOgAJBtzo\" target=\"_blank\">Watch this video on YouTube<\/a>.<\/div><\/p>\r\n<p>&nbsp;<\/p>\r\n<p style=\"text-align: center;\"><div class=\"lyte-wrapper fourthree\" style=\"width:480px;max-width:100%;margin:5px auto;\"><div class=\"lyMe hidef\" id=\"WYL_AE0ScHtBTpM\"><div id=\"lyte_AE0ScHtBTpM\" data-src=\"https:\/\/poodles.at\/wp-content\/plugins\/wp-youtube-lyte\/lyteCache.php?origThumbUrl=%2F%2Fi.ytimg.com%2Fvi%2FAE0ScHtBTpM%2Fmaxresdefault.jpg\" class=\"pL\"><div class=\"tC\"><div class=\"tT\"><\/div><\/div><div class=\"play\"><\/div><div class=\"ctrl\"><div class=\"Lctrl\"><\/div><div class=\"Rctrl\"><\/div><\/div><\/div><noscript><a href=\"https:\/\/youtu.be\/AE0ScHtBTpM\" rel=\"nofollow\"><img loading=\"lazy\" decoding=\"async\" src=\"https:\/\/poodles.at\/wp-content\/plugins\/wp-youtube-lyte\/lyteCache.php?origThumbUrl=https%3A%2F%2Fi.ytimg.com%2Fvi%2FAE0ScHtBTpM%2F0.jpg\" alt=\"YouTube video thumbnail\" width=\"480\" height=\"340\" \/><\/a><\/noscript><\/div><\/div><div class=\"lL\" style=\"max-width:100%;width:480px;margin:5px auto;\"> <a href=\"https:\/\/youtu.be\/AE0ScHtBTpM\" target=\"_blank\">Watch this video on YouTube<\/a>.<\/div><\/p>\r\n<p style=\"text-align: center;\"><div class=\"lyte-wrapper fourthree\" style=\"width:480px;max-width:100%;margin:5px auto;\"><div class=\"lyMe hidef\" id=\"WYL_azsfJp8hsLI\"><div id=\"lyte_azsfJp8hsLI\" data-src=\"https:\/\/poodles.at\/wp-content\/plugins\/wp-youtube-lyte\/lyteCache.php?origThumbUrl=%2F%2Fi.ytimg.com%2Fvi%2FazsfJp8hsLI%2Fmaxresdefault.jpg\" class=\"pL\"><div class=\"tC\"><div class=\"tT\"><\/div><\/div><div class=\"play\"><\/div><div class=\"ctrl\"><div class=\"Lctrl\"><\/div><div class=\"Rctrl\"><\/div><\/div><\/div><noscript><a href=\"https:\/\/youtu.be\/azsfJp8hsLI\" rel=\"nofollow\"><img loading=\"lazy\" decoding=\"async\" src=\"https:\/\/poodles.at\/wp-content\/plugins\/wp-youtube-lyte\/lyteCache.php?origThumbUrl=https%3A%2F%2Fi.ytimg.com%2Fvi%2FazsfJp8hsLI%2F0.jpg\" alt=\"YouTube video thumbnail\" width=\"480\" height=\"340\" \/><\/a><\/noscript><\/div><\/div><div class=\"lL\" style=\"max-width:100%;width:480px;margin:5px auto;\"> <a href=\"https:\/\/youtu.be\/azsfJp8hsLI\" target=\"_blank\">Watch this video on YouTube<\/a>.<\/div><\/p>\r\n<p style=\"text-align: center;\"><div class=\"lyte-wrapper fourthree\" style=\"width:480px;max-width:100%;margin:5px auto;\"><div class=\"lyMe hidef\" id=\"WYL_la8iC5H3FmA\"><div id=\"lyte_la8iC5H3FmA\" data-src=\"https:\/\/poodles.at\/wp-content\/plugins\/wp-youtube-lyte\/lyteCache.php?origThumbUrl=%2F%2Fi.ytimg.com%2Fvi%2Fla8iC5H3FmA%2Fmaxresdefault.jpg\" class=\"pL\"><div class=\"tC\"><div class=\"tT\"><\/div><\/div><div class=\"play\"><\/div><div class=\"ctrl\"><div class=\"Lctrl\"><\/div><div class=\"Rctrl\"><\/div><\/div><\/div><noscript><a href=\"https:\/\/youtu.be\/la8iC5H3FmA\" rel=\"nofollow\"><img loading=\"lazy\" decoding=\"async\" src=\"https:\/\/poodles.at\/wp-content\/plugins\/wp-youtube-lyte\/lyteCache.php?origThumbUrl=https%3A%2F%2Fi.ytimg.com%2Fvi%2Fla8iC5H3FmA%2F0.jpg\" alt=\"YouTube video thumbnail\" width=\"480\" height=\"340\" \/><\/a><\/noscript><\/div><\/div><div class=\"lL\" style=\"max-width:100%;width:480px;margin:5px auto;\"> <a href=\"https:\/\/youtu.be\/la8iC5H3FmA\" target=\"_blank\">Watch this video on YouTube<\/a>.<\/div><\/p>","protected":false},"excerpt":{"rendered":"<p>Zana Russkaya Troika Azzurra geb.: 22.5.2025 \u00a0cm, vollzahnig Erfolge 13.9.2025 (\u00d6CP-Clubsiegerschau 2025, Schloss Zeillern, \u00d6sterreich) &#8211; Babyklasse &#8211; Vielversprechend, Baby BIS1 Eija Halonen (FI) 13.9.2025 (\u00d6CP Speciality 2025, Schloss Zeillern, \u00d6sterreich) &#8211; Babyklasse &#8211; Vielversprechend, Baby BIS3, Edita Kralova (SK) 5.12.2025 (CACIB Sieger Wels, \u00d6sterreich) &#8211; J\u00fcngstenklasse &#8211; Vielversprechend, Best Puppy, Sieger Wels Puppy, George &#8230; <a title=\"Zana\" class=\"read-more\" href=\"https:\/\/poodles.at\/en\/zana\/\" aria-label=\"Read more about Zana\">Read more<\/a><\/p>","protected":false},"author":1,"featured_media":0,"parent":0,"menu_order":0,"comment_status":"closed","ping_status":"closed","template":"","meta":{"footnotes":""},"class_list":["post-8219","page","type-page","status-publish"],"_links":{"self":[{"href":"https:\/\/poodles.at\/en\/wp-json\/wp\/v2\/pages\/8219","targetHints":{"allow":["GET"]}}],"collection":[{"href":"https:\/\/poodles.at\/en\/wp-json\/wp\/v2\/pages"}],"about":[{"href":"https:\/\/poodles.at\/en\/wp-json\/wp\/v2\/types\/page"}],"author":[{"embeddable":true,"href":"https:\/\/poodles.at\/en\/wp-json\/wp\/v2\/users\/1"}],"replies":[{"embeddable":true,"href":"https:\/\/poodles.at\/en\/wp-json\/wp\/v2\/comments?post=8219"}],"version-history":[{"count":8,"href":"https:\/\/poodles.at\/en\/wp-json\/wp\/v2\/pages\/8219\/revisions"}],"predecessor-version":[{"id":9024,"href":"https:\/\/poodles.at\/en\/wp-json\/wp\/v2\/pages\/8219\/revisions\/9024"}],"wp:attachment":[{"href":"https:\/\/poodles.at\/en\/wp-json\/wp\/v2\/media?parent=8219"}],"curies":[{"name":"wp","href":"https:\/\/api.w.org\/{rel}","templated":true}]}}