{"id":8224,"date":"2025-07-02T16:03:29","date_gmt":"2025-07-02T14:03:29","guid":{"rendered":"https:\/\/poodles.at\/?page_id=8224"},"modified":"2025-12-11T13:53:06","modified_gmt":"2025-12-11T12:53:06","slug":"nika","status":"publish","type":"page","link":"https:\/\/poodles.at\/en\/nika\/","title":{"rendered":"Nika"},"content":{"rendered":"<h1 style=\"text-align: center;\">Nika<\/h1>\r\n<h2 style=\"text-align: center;\">Airy Arabeska Unique Russkaya Troika<\/h2>\r\n<p style=\"text-align: center;\"><img loading=\"lazy\" decoding=\"async\" class=\"wp-image-8596 size-full aligncenter\" src=\"https:\/\/poodles.at\/wp-content\/uploads\/2025\/09\/FB_IMG_1757684370552.jpg\" alt=\"\" width=\"736\" height=\"800\" srcset=\"https:\/\/poodles.at\/wp-content\/uploads\/2025\/09\/FB_IMG_1757684370552.jpg 736w, https:\/\/poodles.at\/wp-content\/uploads\/2025\/09\/FB_IMG_1757684370552-276x300.jpg 276w, https:\/\/poodles.at\/wp-content\/uploads\/2025\/09\/FB_IMG_1757684370552-11x12.jpg 11w\" sizes=\"auto, (max-width: 736px) 100vw, 736px\" \/><\/p>\r\n<p style=\"text-align: center;\">\u00a0<\/p>\r\n<p style=\"text-align: center;\">geb.: 24.3.2025<\/p>\r\n<p style=\"text-align: center;\">\u00a0cm, vollzahnig<\/p>\r\n<hr \/>\r\n<h3 style=\"text-align: center;\">Erfolge<\/h3>\r\n<ul>\r\n<li>13.9.2025 (\u00d6CP-Clubsiegerschau 2025, Schloss Zeillern, \u00d6sterreich) &#8211; Babyklasse &#8211; Vielversprechend, Baby BIS2, Eija Halonen (FI)<\/li>\r\n<li>13.9.2025 (\u00d6CP Speciality 2025, Schloss Zeillern, \u00d6sterreich) &#8211; Babyklasse &#8211; Vielversprechend, Baby BIS2, Edita Kralova (SK)<\/li>\r\n<li>5.12.2025 (CACIB Sieger Wels, \u00d6sterreich) &#8211; J\u00fcngstenklasse &#8211; Vielversprechend, Best Puppy, Sieger Wels Puppy, George Kostopoulos (GR)<\/li>\r\n<li>6.12.2025 (CAC Ober\u00f6sterreich Sieger, \u00d6sterreich) &#8211; J\u00fcngstenklasse &#8211; Vielversprechend 1, O\u00d6 Sieger Puppy, Dusan Paunovic (RS)<\/li>\r\n<li>6.12.2025 (CACIB Winter Trophy, \u00d6sterreich) &#8211; J\u00fcngstenklasse &#8211; Vielversprechend 1, Winter Trophy Winner Puppy, Celine Bottussi Jocquel (FR)<\/li>\r\n<li>7.12.2025 (CACIB Christmas Winner, \u00d6sterreich) &#8211; J\u00fcngstenklasse &#8211; Vielversprechend 1, X-Mas Winner Puppy, Jadranka Mijatovic (HR)<\/li>\r\n<li>\u00a0<\/li>\r\n<\/ul>\r\n<hr \/>\r\n<h3 style=\"text-align: center;\">Gesundheitstest<\/h3>\r\n<p style=\"text-align: center;\">\u00a0<\/p>\r\n<hr \/>\r\n<h3 style=\"text-align: center;\">Pedigree<\/h3>\r\n\r\n<table style=\"background-color: rgba(254, 245, 216, 0.09); border-color: #d2ccba; border-width: 1px; height: 567px; width: 100%;\" width=\"901\">\r\n<tbody>\r\n<tr style=\"height: 70px;\">\r\n<td style=\"text-align: center; width: 29.3255%; height: 283px;\" rowspan=\"4\">Airy Arabeska Brillant Boss<\/td>\r\n<td style=\"text-align: center; width: 45.4545%; height: 141px;\" rowspan=\"2\">Airi Arabeska\u00a0 Walking On Water<\/td>\r\n<td style=\"text-align: center; width: 22.5806%; height: 70px;\">Pop Trick JP Walking Dead<\/td>\r\n<\/tr>\r\n<tr style=\"height: 71px;\">\r\n<td style=\"text-align: center; width: 22.5806%; height: 71px;\">Airi Arabeska OMG<\/td>\r\n<\/tr>\r\n<tr style=\"height: 71px;\">\r\n<td style=\"text-align: center; width: 45.4545%; height: 142px;\" rowspan=\"2\">Airi Arabeska All Diamonds<\/td>\r\n<td style=\"text-align: center; width: 22.5806%; height: 71px;\">Montaries Dream Maker<\/td>\r\n<\/tr>\r\n<tr style=\"height: 71px;\">\r\n<td style=\"text-align: center; width: 22.5806%; height: 71px;\">Airi Arabeska Russian Brilliant<\/td>\r\n<\/tr>\r\n<tr style=\"height: 71px;\">\r\n<td style=\"text-align: center; width: 29.3255%; height: 284px;\" rowspan=\"4\">Airi Arabeska Dreamgirl<\/td>\r\n<td style=\"text-align: center; width: 45.4545%; height: 142px;\" rowspan=\"2\">Sharabelle Right Here Right Now<\/td>\r\n<td style=\"text-align: center; width: 22.5806%; height: 71px;\">Sharabelle Greg-Mar Macaroon<\/td>\r\n<\/tr>\r\n<tr style=\"height: 71px;\">\r\n<td style=\"text-align: center; width: 22.5806%; height: 71px;\">Sharabelle Secret Love<\/td>\r\n<\/tr>\r\n<tr style=\"height: 71px;\">\r\n<td style=\"text-align: center; width: 45.4545%; height: 142px;\" rowspan=\"2\">Airi Arabeska Skarlet O&#8217;Hara<\/td>\r\n<td style=\"text-align: center; width: 22.5806%; height: 71px;\">Shantaram Hipnosis-B<\/td>\r\n<\/tr>\r\n<tr style=\"height: 71px;\">\r\n<td style=\"text-align: center; width: 22.5806%; height: 71px;\">Airi Arabeska Wendi Wendi II<\/td>\r\n<\/tr>\r\n<\/tbody>\r\n<\/table>\r\n<p style=\"text-align: center;\"><\/p>\r\n<h3 style=\"text-align: center;\">Foto &amp; Videogalerie<\/h3>\r\n<div id='gallery-1' class='gallery galleryid-8224 gallery-columns-5 gallery-size-thumbnail'><figure class='gallery-item'>\n\t\t\t<div class='gallery-icon portrait'>\n\t\t\t\t<a href='https:\/\/poodles.at\/wp-content\/uploads\/2025\/07\/IMG-20250628-WA0001.jpg' rel=\"lightbox[gallery-0]\"><img loading=\"lazy\" decoding=\"async\" width=\"150\" height=\"150\" src=\"https:\/\/poodles.at\/wp-content\/uploads\/2025\/07\/IMG-20250628-WA0001-150x150.jpg\" class=\"attachment-thumbnail size-thumbnail\" alt=\"\" \/><\/a>\n\t\t\t<\/div><\/figure><figure class='gallery-item'>\n\t\t\t<div class='gallery-icon portrait'>\n\t\t\t\t<a href='https:\/\/poodles.at\/wp-content\/uploads\/2025\/07\/IMG-20250628-WA0002.jpg' rel=\"lightbox[gallery-0]\"><img loading=\"lazy\" decoding=\"async\" width=\"150\" height=\"150\" src=\"https:\/\/poodles.at\/wp-content\/uploads\/2025\/07\/IMG-20250628-WA0002-150x150.jpg\" class=\"attachment-thumbnail size-thumbnail\" alt=\"\" \/><\/a>\n\t\t\t<\/div><\/figure><figure class='gallery-item'>\n\t\t\t<div class='gallery-icon portrait'>\n\t\t\t\t<a href='https:\/\/poodles.at\/wp-content\/uploads\/2025\/06\/IMG-20250619-WA0028.jpg' rel=\"lightbox[gallery-0]\"><img loading=\"lazy\" decoding=\"async\" width=\"150\" height=\"150\" src=\"https:\/\/poodles.at\/wp-content\/uploads\/2025\/06\/IMG-20250619-WA0028-150x150.jpg\" class=\"attachment-thumbnail size-thumbnail\" alt=\"\" \/><\/a>\n\t\t\t<\/div><\/figure><figure class='gallery-item'>\n\t\t\t<div class='gallery-icon portrait'>\n\t\t\t\t<a href='https:\/\/poodles.at\/wp-content\/uploads\/2025\/06\/IMG-20250619-WA0029.jpg' rel=\"lightbox[gallery-0]\"><img loading=\"lazy\" decoding=\"async\" width=\"150\" height=\"150\" src=\"https:\/\/poodles.at\/wp-content\/uploads\/2025\/06\/IMG-20250619-WA0029-150x150.jpg\" class=\"attachment-thumbnail size-thumbnail\" alt=\"\" \/><\/a>\n\t\t\t<\/div><\/figure><figure class='gallery-item'>\n\t\t\t<div class='gallery-icon portrait'>\n\t\t\t\t<a href='https:\/\/poodles.at\/wp-content\/uploads\/2025\/06\/IMG-20250619-WA0030.jpg' rel=\"lightbox[gallery-0]\"><img loading=\"lazy\" decoding=\"async\" width=\"150\" height=\"150\" src=\"https:\/\/poodles.at\/wp-content\/uploads\/2025\/06\/IMG-20250619-WA0030-150x150.jpg\" class=\"attachment-thumbnail size-thumbnail\" alt=\"\" \/><\/a>\n\t\t\t<\/div><\/figure><figure class='gallery-item'>\n\t\t\t<div class='gallery-icon portrait'>\n\t\t\t\t<a href='https:\/\/poodles.at\/wp-content\/uploads\/2025\/06\/IMG_20250625_091717_584.jpg' rel=\"lightbox[gallery-0]\"><img loading=\"lazy\" decoding=\"async\" width=\"150\" height=\"150\" src=\"https:\/\/poodles.at\/wp-content\/uploads\/2025\/06\/IMG_20250625_091717_584-150x150.jpg\" class=\"attachment-thumbnail size-thumbnail\" alt=\"\" \/><\/a>\n\t\t\t<\/div><\/figure><figure class='gallery-item'>\n\t\t\t<div class='gallery-icon portrait'>\n\t\t\t\t<a href='https:\/\/poodles.at\/wp-content\/uploads\/2025\/06\/IMG_20250625_091747_335.jpg' rel=\"lightbox[gallery-0]\"><img loading=\"lazy\" decoding=\"async\" width=\"150\" height=\"150\" src=\"https:\/\/poodles.at\/wp-content\/uploads\/2025\/06\/IMG_20250625_091747_335-150x150.jpg\" class=\"attachment-thumbnail size-thumbnail\" alt=\"\" \/><\/a>\n\t\t\t<\/div><\/figure><figure class='gallery-item'>\n\t\t\t<div class='gallery-icon portrait'>\n\t\t\t\t<a href='https:\/\/poodles.at\/wp-content\/uploads\/2025\/06\/IMG_20250625_091731_911.jpg' rel=\"lightbox[gallery-0]\"><img loading=\"lazy\" decoding=\"async\" width=\"150\" height=\"150\" src=\"https:\/\/poodles.at\/wp-content\/uploads\/2025\/06\/IMG_20250625_091731_911-150x150.jpg\" class=\"attachment-thumbnail size-thumbnail\" alt=\"\" \/><\/a>\n\t\t\t<\/div><\/figure><figure class='gallery-item'>\n\t\t\t<div class='gallery-icon portrait'>\n\t\t\t\t<a href='https:\/\/poodles.at\/wp-content\/uploads\/2025\/06\/IMG_20250625_091804_739.jpg' rel=\"lightbox[gallery-0]\"><img loading=\"lazy\" decoding=\"async\" width=\"150\" height=\"150\" src=\"https:\/\/poodles.at\/wp-content\/uploads\/2025\/06\/IMG_20250625_091804_739-150x150.jpg\" class=\"attachment-thumbnail size-thumbnail\" alt=\"\" \/><\/a>\n\t\t\t<\/div><\/figure><figure class='gallery-item'>\n\t\t\t<div class='gallery-icon landscape'>\n\t\t\t\t<a href='https:\/\/poodles.at\/wp-content\/uploads\/2025\/06\/IMG_20250625_091818_640.jpg' rel=\"lightbox[gallery-0]\"><img loading=\"lazy\" decoding=\"async\" width=\"150\" height=\"150\" src=\"https:\/\/poodles.at\/wp-content\/uploads\/2025\/06\/IMG_20250625_091818_640-150x150.jpg\" class=\"attachment-thumbnail size-thumbnail\" alt=\"\" \/><\/a>\n\t\t\t<\/div><\/figure><figure class='gallery-item'>\n\t\t\t<div class='gallery-icon portrait'>\n\t\t\t\t<a href='https:\/\/poodles.at\/wp-content\/uploads\/2025\/06\/IMG_20250625_091855_027.jpg' rel=\"lightbox[gallery-0]\"><img loading=\"lazy\" decoding=\"async\" width=\"150\" height=\"150\" src=\"https:\/\/poodles.at\/wp-content\/uploads\/2025\/06\/IMG_20250625_091855_027-150x150.jpg\" class=\"attachment-thumbnail size-thumbnail\" alt=\"\" \/><\/a>\n\t\t\t<\/div><\/figure><figure class='gallery-item'>\n\t\t\t<div class='gallery-icon portrait'>\n\t\t\t\t<a href='https:\/\/poodles.at\/wp-content\/uploads\/2025\/05\/IMG_20250506_095944_377.jpg' rel=\"lightbox[gallery-0]\"><img loading=\"lazy\" decoding=\"async\" width=\"150\" height=\"150\" src=\"https:\/\/poodles.at\/wp-content\/uploads\/2025\/05\/IMG_20250506_095944_377-150x150.jpg\" class=\"attachment-thumbnail size-thumbnail\" alt=\"\" \/><\/a>\n\t\t\t<\/div><\/figure><figure class='gallery-item'>\n\t\t\t<div class='gallery-icon portrait'>\n\t\t\t\t<a href='https:\/\/poodles.at\/wp-content\/uploads\/2025\/05\/IMG_20250506_095409_428.jpg' rel=\"lightbox[gallery-0]\"><img loading=\"lazy\" decoding=\"async\" width=\"150\" height=\"150\" src=\"https:\/\/poodles.at\/wp-content\/uploads\/2025\/05\/IMG_20250506_095409_428-150x150.jpg\" class=\"attachment-thumbnail size-thumbnail\" alt=\"\" \/><\/a>\n\t\t\t<\/div><\/figure><figure class='gallery-item'>\n\t\t\t<div class='gallery-icon portrait'>\n\t\t\t\t<a href='https:\/\/poodles.at\/wp-content\/uploads\/2025\/09\/FB_IMG_1757684370552.jpg' rel=\"lightbox[gallery-0]\"><img loading=\"lazy\" decoding=\"async\" width=\"150\" height=\"150\" src=\"https:\/\/poodles.at\/wp-content\/uploads\/2025\/09\/FB_IMG_1757684370552-150x150.jpg\" class=\"attachment-thumbnail size-thumbnail\" alt=\"\" srcset=\"https:\/\/poodles.at\/wp-content\/uploads\/2025\/09\/FB_IMG_1757684370552-150x150.jpg 150w, https:\/\/poodles.at\/wp-content\/uploads\/2025\/09\/FB_IMG_1757684370552-11x12.jpg 11w\" sizes=\"auto, (max-width: 150px) 100vw, 150px\" \/><\/a>\n\t\t\t<\/div><\/figure><figure class='gallery-item'>\n\t\t\t<div class='gallery-icon landscape'>\n\t\t\t\t<a href='https:\/\/poodles.at\/wp-content\/uploads\/2025\/09\/FB_IMG_1757684352177.jpg' rel=\"lightbox[gallery-0]\"><img loading=\"lazy\" decoding=\"async\" width=\"150\" height=\"150\" src=\"https:\/\/poodles.at\/wp-content\/uploads\/2025\/09\/FB_IMG_1757684352177-150x150.jpg\" class=\"attachment-thumbnail size-thumbnail\" alt=\"\" \/><\/a>\n\t\t\t<\/div><\/figure><figure class='gallery-item'>\n\t\t\t<div class='gallery-icon landscape'>\n\t\t\t\t<a href='https:\/\/poodles.at\/wp-content\/uploads\/2025\/12\/IMG-20251129-WA0026.jpg' rel=\"lightbox[gallery-0]\"><img loading=\"lazy\" decoding=\"async\" width=\"150\" height=\"150\" src=\"https:\/\/poodles.at\/wp-content\/uploads\/2025\/12\/IMG-20251129-WA0026-150x150.jpg\" class=\"attachment-thumbnail size-thumbnail\" alt=\"\" srcset=\"https:\/\/poodles.at\/wp-content\/uploads\/2025\/12\/IMG-20251129-WA0026-150x150.jpg 150w, https:\/\/poodles.at\/wp-content\/uploads\/2025\/12\/IMG-20251129-WA0026-13x12.jpg 13w\" sizes=\"auto, (max-width: 150px) 100vw, 150px\" \/><\/a>\n\t\t\t<\/div><\/figure><figure class='gallery-item'>\n\t\t\t<div class='gallery-icon landscape'>\n\t\t\t\t<a href='https:\/\/poodles.at\/wp-content\/uploads\/2025\/12\/IMG-20251129-WA0028.jpg' rel=\"lightbox[gallery-0]\"><img loading=\"lazy\" decoding=\"async\" width=\"150\" height=\"150\" src=\"https:\/\/poodles.at\/wp-content\/uploads\/2025\/12\/IMG-20251129-WA0028-150x150.jpg\" class=\"attachment-thumbnail size-thumbnail\" alt=\"\" srcset=\"https:\/\/poodles.at\/wp-content\/uploads\/2025\/12\/IMG-20251129-WA0028-150x150.jpg 150w, https:\/\/poodles.at\/wp-content\/uploads\/2025\/12\/IMG-20251129-WA0028-13x12.jpg 13w\" sizes=\"auto, (max-width: 150px) 100vw, 150px\" \/><\/a>\n\t\t\t<\/div><\/figure><figure class='gallery-item'>\n\t\t\t<div class='gallery-icon landscape'>\n\t\t\t\t<a href='https:\/\/poodles.at\/wp-content\/uploads\/2025\/12\/IMG-20251129-WA0029.jpg' rel=\"lightbox[gallery-0]\"><img loading=\"lazy\" decoding=\"async\" width=\"150\" height=\"150\" src=\"https:\/\/poodles.at\/wp-content\/uploads\/2025\/12\/IMG-20251129-WA0029-150x150.jpg\" class=\"attachment-thumbnail size-thumbnail\" alt=\"\" srcset=\"https:\/\/poodles.at\/wp-content\/uploads\/2025\/12\/IMG-20251129-WA0029-150x150.jpg 150w, https:\/\/poodles.at\/wp-content\/uploads\/2025\/12\/IMG-20251129-WA0029-12x12.jpg 12w\" sizes=\"auto, (max-width: 150px) 100vw, 150px\" \/><\/a>\n\t\t\t<\/div><\/figure><figure class='gallery-item'>\n\t\t\t<div class='gallery-icon portrait'>\n\t\t\t\t<a href='https:\/\/poodles.at\/wp-content\/uploads\/2025\/12\/IMG-20251129-WA0030.jpg' rel=\"lightbox[gallery-0]\"><img loading=\"lazy\" decoding=\"async\" width=\"150\" height=\"150\" src=\"https:\/\/poodles.at\/wp-content\/uploads\/2025\/12\/IMG-20251129-WA0030-150x150.jpg\" class=\"attachment-thumbnail size-thumbnail\" alt=\"\" srcset=\"https:\/\/poodles.at\/wp-content\/uploads\/2025\/12\/IMG-20251129-WA0030-150x150.jpg 150w, https:\/\/poodles.at\/wp-content\/uploads\/2025\/12\/IMG-20251129-WA0030-11x12.jpg 11w\" sizes=\"auto, (max-width: 150px) 100vw, 150px\" \/><\/a>\n\t\t\t<\/div><\/figure><figure class='gallery-item'>\n\t\t\t<div class='gallery-icon portrait'>\n\t\t\t\t<a href='https:\/\/poodles.at\/wp-content\/uploads\/2025\/12\/20251129_162015.jpg' rel=\"lightbox[gallery-0]\"><img loading=\"lazy\" decoding=\"async\" width=\"150\" height=\"150\" src=\"https:\/\/poodles.at\/wp-content\/uploads\/2025\/12\/20251129_162015-150x150.jpg\" class=\"attachment-thumbnail size-thumbnail\" alt=\"\" \/><\/a>\n\t\t\t<\/div><\/figure><figure class='gallery-item'>\n\t\t\t<div class='gallery-icon portrait'>\n\t\t\t\t<a href='https:\/\/poodles.at\/wp-content\/uploads\/2025\/12\/20251129_162018.jpg' rel=\"lightbox[gallery-0]\"><img loading=\"lazy\" decoding=\"async\" width=\"150\" height=\"150\" src=\"https:\/\/poodles.at\/wp-content\/uploads\/2025\/12\/20251129_162018-150x150.jpg\" class=\"attachment-thumbnail size-thumbnail\" alt=\"\" \/><\/a>\n\t\t\t<\/div><\/figure><figure class='gallery-item'>\n\t\t\t<div class='gallery-icon landscape'>\n\t\t\t\t<a href='https:\/\/poodles.at\/wp-content\/uploads\/2025\/12\/IMG-20251129-WA0011.jpg' rel=\"lightbox[gallery-0]\"><img loading=\"lazy\" decoding=\"async\" width=\"150\" height=\"150\" src=\"https:\/\/poodles.at\/wp-content\/uploads\/2025\/12\/IMG-20251129-WA0011-150x150.jpg\" class=\"attachment-thumbnail size-thumbnail\" alt=\"\" \/><\/a>\n\t\t\t<\/div><\/figure><figure class='gallery-item'>\n\t\t\t<div class='gallery-icon portrait'>\n\t\t\t\t<a href='https:\/\/poodles.at\/wp-content\/uploads\/2025\/12\/Messenger_creation_F6D5CC10-96A8-40EB-8B1A-D8BB3E3B7603.jpeg' rel=\"lightbox[gallery-0]\"><img loading=\"lazy\" decoding=\"async\" width=\"150\" height=\"150\" src=\"https:\/\/poodles.at\/wp-content\/uploads\/2025\/12\/Messenger_creation_F6D5CC10-96A8-40EB-8B1A-D8BB3E3B7603-150x150.jpeg\" class=\"attachment-thumbnail size-thumbnail\" alt=\"\" \/><\/a>\n\t\t\t<\/div><\/figure><figure class='gallery-item'>\n\t\t\t<div class='gallery-icon landscape'>\n\t\t\t\t<a href='https:\/\/poodles.at\/wp-content\/uploads\/2025\/12\/Messenger_creation_303AA693-04A1-437A-AAF3-E76CA793216E.jpeg' rel=\"lightbox[gallery-0]\"><img loading=\"lazy\" decoding=\"async\" width=\"150\" height=\"150\" src=\"https:\/\/poodles.at\/wp-content\/uploads\/2025\/12\/Messenger_creation_303AA693-04A1-437A-AAF3-E76CA793216E-150x150.jpeg\" class=\"attachment-thumbnail size-thumbnail\" alt=\"\" \/><\/a>\n\t\t\t<\/div><\/figure><figure class='gallery-item'>\n\t\t\t<div class='gallery-icon landscape'>\n\t\t\t\t<a href='https:\/\/poodles.at\/wp-content\/uploads\/2025\/12\/Messenger_creation_FD66F962-374B-4D61-A96D-9381A3413412.jpeg' rel=\"lightbox[gallery-0]\"><img loading=\"lazy\" decoding=\"async\" width=\"150\" height=\"150\" src=\"https:\/\/poodles.at\/wp-content\/uploads\/2025\/12\/Messenger_creation_FD66F962-374B-4D61-A96D-9381A3413412-150x150.jpeg\" class=\"attachment-thumbnail size-thumbnail\" alt=\"\" \/><\/a>\n\t\t\t<\/div><\/figure><figure class='gallery-item'>\n\t\t\t<div class='gallery-icon portrait'>\n\t\t\t\t<a href='https:\/\/poodles.at\/wp-content\/uploads\/2025\/12\/Messenger_creation_8CB5A449-CC74-42F8-A504-B20A2DEC4F3E.jpeg' rel=\"lightbox[gallery-0]\"><img loading=\"lazy\" decoding=\"async\" width=\"150\" height=\"150\" src=\"https:\/\/poodles.at\/wp-content\/uploads\/2025\/12\/Messenger_creation_8CB5A449-CC74-42F8-A504-B20A2DEC4F3E-150x150.jpeg\" class=\"attachment-thumbnail size-thumbnail\" alt=\"\" \/><\/a>\n\t\t\t<\/div><\/figure><figure class='gallery-item'>\n\t\t\t<div class='gallery-icon portrait'>\n\t\t\t\t<a href='https:\/\/poodles.at\/wp-content\/uploads\/2025\/12\/Messenger_creation_586EA556-ED38-4427-B0D0-FE42943C3ED8.jpeg' rel=\"lightbox[gallery-0]\"><img loading=\"lazy\" decoding=\"async\" width=\"150\" height=\"150\" src=\"https:\/\/poodles.at\/wp-content\/uploads\/2025\/12\/Messenger_creation_586EA556-ED38-4427-B0D0-FE42943C3ED8-150x150.jpeg\" class=\"attachment-thumbnail size-thumbnail\" alt=\"\" \/><\/a>\n\t\t\t<\/div><\/figure><figure class='gallery-item'>\n\t\t\t<div class='gallery-icon portrait'>\n\t\t\t\t<a href='https:\/\/poodles.at\/wp-content\/uploads\/2025\/12\/Messenger_creation_0E2448FC-D6C6-4D1C-950F-33938FEE677C.jpeg' rel=\"lightbox[gallery-0]\"><img loading=\"lazy\" decoding=\"async\" width=\"150\" height=\"150\" src=\"https:\/\/poodles.at\/wp-content\/uploads\/2025\/12\/Messenger_creation_0E2448FC-D6C6-4D1C-950F-33938FEE677C-150x150.jpeg\" class=\"attachment-thumbnail size-thumbnail\" alt=\"\" \/><\/a>\n\t\t\t<\/div><\/figure>\n\t\t<\/div>\n\r\n<p style=\"text-align: center;\"><div class=\"lyte-wrapper fourthree\" style=\"width:480px;max-width:100%;margin:5px auto;\"><div class=\"lyMe hidef\" id=\"WYL_mbGaVze4uhk\"><div id=\"lyte_mbGaVze4uhk\" data-src=\"https:\/\/poodles.at\/wp-content\/plugins\/wp-youtube-lyte\/lyteCache.php?origThumbUrl=%2F%2Fi.ytimg.com%2Fvi%2FmbGaVze4uhk%2Fmaxresdefault.jpg\" class=\"pL\"><div class=\"tC\"><div class=\"tT\"><\/div><\/div><div class=\"play\"><\/div><div class=\"ctrl\"><div class=\"Lctrl\"><\/div><div class=\"Rctrl\"><\/div><\/div><\/div><noscript><a href=\"https:\/\/youtu.be\/mbGaVze4uhk\" rel=\"nofollow\"><img loading=\"lazy\" decoding=\"async\" src=\"https:\/\/poodles.at\/wp-content\/plugins\/wp-youtube-lyte\/lyteCache.php?origThumbUrl=https%3A%2F%2Fi.ytimg.com%2Fvi%2FmbGaVze4uhk%2F0.jpg\" alt=\"YouTube video thumbnail\" width=\"480\" height=\"340\" \/><\/a><\/noscript><\/div><\/div><div class=\"lL\" style=\"max-width:100%;width:480px;margin:5px auto;\"> <a href=\"https:\/\/youtu.be\/mbGaVze4uhk\" target=\"_blank\">Watch this video on YouTube<\/a>.<\/div><\/p>\r\n<p style=\"text-align: center;\"><div class=\"lyte-wrapper fourthree\" style=\"width:480px;max-width:100%;margin:5px auto;\"><div class=\"lyMe hidef\" id=\"WYL_VZlO8yLJRiE\"><div id=\"lyte_VZlO8yLJRiE\" data-src=\"https:\/\/poodles.at\/wp-content\/plugins\/wp-youtube-lyte\/lyteCache.php?origThumbUrl=%2F%2Fi.ytimg.com%2Fvi%2FVZlO8yLJRiE%2Fmaxresdefault.jpg\" class=\"pL\"><div class=\"tC\"><div class=\"tT\"><\/div><\/div><div class=\"play\"><\/div><div class=\"ctrl\"><div class=\"Lctrl\"><\/div><div class=\"Rctrl\"><\/div><\/div><\/div><noscript><a href=\"https:\/\/youtu.be\/VZlO8yLJRiE\" rel=\"nofollow\"><img loading=\"lazy\" decoding=\"async\" src=\"https:\/\/poodles.at\/wp-content\/plugins\/wp-youtube-lyte\/lyteCache.php?origThumbUrl=https%3A%2F%2Fi.ytimg.com%2Fvi%2FVZlO8yLJRiE%2F0.jpg\" alt=\"YouTube video thumbnail\" width=\"480\" height=\"340\" \/><\/a><\/noscript><\/div><\/div><div class=\"lL\" style=\"max-width:100%;width:480px;margin:5px auto;\"> <a href=\"https:\/\/youtu.be\/VZlO8yLJRiE\" target=\"_blank\">Watch this video on YouTube<\/a>.<\/div><\/p>\r\n<p>&nbsp;<\/p>\r\n<p style=\"text-align: center;\"><div class=\"lyte-wrapper fourthree\" style=\"width:480px;max-width:100%;margin:5px auto;\"><div class=\"lyMe hidef\" id=\"WYL_11W218FRrQA\"><div id=\"lyte_11W218FRrQA\" data-src=\"https:\/\/poodles.at\/wp-content\/plugins\/wp-youtube-lyte\/lyteCache.php?origThumbUrl=%2F%2Fi.ytimg.com%2Fvi%2F11W218FRrQA%2Fmaxresdefault.jpg\" class=\"pL\"><div class=\"tC\"><div class=\"tT\"><\/div><\/div><div class=\"play\"><\/div><div class=\"ctrl\"><div class=\"Lctrl\"><\/div><div class=\"Rctrl\"><\/div><\/div><\/div><noscript><a href=\"https:\/\/youtu.be\/11W218FRrQA\" rel=\"nofollow\"><img loading=\"lazy\" decoding=\"async\" src=\"https:\/\/poodles.at\/wp-content\/plugins\/wp-youtube-lyte\/lyteCache.php?origThumbUrl=https%3A%2F%2Fi.ytimg.com%2Fvi%2F11W218FRrQA%2F0.jpg\" alt=\"YouTube video thumbnail\" width=\"480\" height=\"340\" \/><\/a><\/noscript><\/div><\/div><div class=\"lL\" style=\"max-width:100%;width:480px;margin:5px auto;\"> <a href=\"https:\/\/youtu.be\/11W218FRrQA\" target=\"_blank\">Watch this video on YouTube<\/a>.<\/div><\/p>\r\n<p style=\"text-align: center;\">\u00a0 <div class=\"lyte-wrapper fourthree\" style=\"width:480px;max-width:100%;margin:5px auto;\"><div class=\"lyMe hidef\" id=\"WYL_WZPIJlYEd7g\"><div id=\"lyte_WZPIJlYEd7g\" data-src=\"https:\/\/poodles.at\/wp-content\/plugins\/wp-youtube-lyte\/lyteCache.php?origThumbUrl=%2F%2Fi.ytimg.com%2Fvi%2FWZPIJlYEd7g%2Fmaxresdefault.jpg\" class=\"pL\"><div class=\"tC\"><div class=\"tT\"><\/div><\/div><div class=\"play\"><\/div><div class=\"ctrl\"><div class=\"Lctrl\"><\/div><div class=\"Rctrl\"><\/div><\/div><\/div><noscript><a href=\"https:\/\/youtu.be\/WZPIJlYEd7g\" rel=\"nofollow\"><img loading=\"lazy\" decoding=\"async\" src=\"https:\/\/poodles.at\/wp-content\/plugins\/wp-youtube-lyte\/lyteCache.php?origThumbUrl=https%3A%2F%2Fi.ytimg.com%2Fvi%2FWZPIJlYEd7g%2F0.jpg\" alt=\"YouTube video thumbnail\" width=\"480\" height=\"340\" \/><\/a><\/noscript><\/div><\/div><div class=\"lL\" style=\"max-width:100%;width:480px;margin:5px auto;\"> <a href=\"https:\/\/youtu.be\/WZPIJlYEd7g\" target=\"_blank\">Watch this video on YouTube<\/a>.<\/div><\/p>\r\n<p style=\"text-align: center;\"><div class=\"lyte-wrapper fourthree\" style=\"width:480px;max-width:100%;margin:5px auto;\"><div class=\"lyMe hidef\" id=\"WYL_hYVR2xbn254\"><div id=\"lyte_hYVR2xbn254\" data-src=\"https:\/\/poodles.at\/wp-content\/plugins\/wp-youtube-lyte\/lyteCache.php?origThumbUrl=%2F%2Fi.ytimg.com%2Fvi%2FhYVR2xbn254%2Fmaxresdefault.jpg\" class=\"pL\"><div class=\"tC\"><div class=\"tT\"><\/div><\/div><div class=\"play\"><\/div><div class=\"ctrl\"><div class=\"Lctrl\"><\/div><div class=\"Rctrl\"><\/div><\/div><\/div><noscript><a href=\"https:\/\/youtu.be\/hYVR2xbn254\" rel=\"nofollow\"><img loading=\"lazy\" decoding=\"async\" src=\"https:\/\/poodles.at\/wp-content\/plugins\/wp-youtube-lyte\/lyteCache.php?origThumbUrl=https%3A%2F%2Fi.ytimg.com%2Fvi%2FhYVR2xbn254%2F0.jpg\" alt=\"YouTube video thumbnail\" width=\"480\" height=\"340\" \/><\/a><\/noscript><\/div><\/div><div class=\"lL\" style=\"max-width:100%;width:480px;margin:5px auto;\"> <a href=\"https:\/\/youtu.be\/hYVR2xbn254\" target=\"_blank\">Watch this video on YouTube<\/a>.<\/div><\/p>\r\n<p style=\"text-align: center;\"><div class=\"lyte-wrapper fourthree\" style=\"width:480px;max-width:100%;margin:5px auto;\"><div class=\"lyMe hidef\" id=\"WYL_MMZPMFWQBn8\"><div id=\"lyte_MMZPMFWQBn8\" data-src=\"https:\/\/poodles.at\/wp-content\/plugins\/wp-youtube-lyte\/lyteCache.php?origThumbUrl=%2F%2Fi.ytimg.com%2Fvi%2FMMZPMFWQBn8%2Fmaxresdefault.jpg\" class=\"pL\"><div class=\"tC\"><div class=\"tT\"><\/div><\/div><div class=\"play\"><\/div><div class=\"ctrl\"><div class=\"Lctrl\"><\/div><div class=\"Rctrl\"><\/div><\/div><\/div><noscript><a href=\"https:\/\/youtu.be\/MMZPMFWQBn8\" rel=\"nofollow\"><img loading=\"lazy\" decoding=\"async\" src=\"https:\/\/poodles.at\/wp-content\/plugins\/wp-youtube-lyte\/lyteCache.php?origThumbUrl=https%3A%2F%2Fi.ytimg.com%2Fvi%2FMMZPMFWQBn8%2F0.jpg\" alt=\"YouTube video thumbnail\" width=\"480\" height=\"340\" \/><\/a><\/noscript><\/div><\/div><div class=\"lL\" style=\"max-width:100%;width:480px;margin:5px auto;\"> <a href=\"https:\/\/youtu.be\/MMZPMFWQBn8\" target=\"_blank\">Watch this video on YouTube<\/a>.<\/div><\/p>","protected":false},"excerpt":{"rendered":"<p>Nika Airy Arabeska Unique Russkaya Troika \u00a0 geb.: 24.3.2025 \u00a0cm, vollzahnig Erfolge 13.9.2025 (\u00d6CP-Clubsiegerschau 2025, Schloss Zeillern, \u00d6sterreich) &#8211; Babyklasse &#8211; Vielversprechend, Baby BIS2, Eija Halonen (FI) 13.9.2025 (\u00d6CP Speciality 2025, Schloss Zeillern, \u00d6sterreich) &#8211; Babyklasse &#8211; Vielversprechend, Baby BIS2, Edita Kralova (SK) 5.12.2025 (CACIB Sieger Wels, \u00d6sterreich) &#8211; J\u00fcngstenklasse &#8211; Vielversprechend, Best Puppy, Sieger &#8230; <a title=\"Nika\" class=\"read-more\" href=\"https:\/\/poodles.at\/en\/nika\/\" aria-label=\"Read more about Nika\">Read more<\/a><\/p>","protected":false},"author":1,"featured_media":0,"parent":0,"menu_order":0,"comment_status":"closed","ping_status":"closed","template":"","meta":{"footnotes":""},"class_list":["post-8224","page","type-page","status-publish"],"_links":{"self":[{"href":"https:\/\/poodles.at\/en\/wp-json\/wp\/v2\/pages\/8224","targetHints":{"allow":["GET"]}}],"collection":[{"href":"https:\/\/poodles.at\/en\/wp-json\/wp\/v2\/pages"}],"about":[{"href":"https:\/\/poodles.at\/en\/wp-json\/wp\/v2\/types\/page"}],"author":[{"embeddable":true,"href":"https:\/\/poodles.at\/en\/wp-json\/wp\/v2\/users\/1"}],"replies":[{"embeddable":true,"href":"https:\/\/poodles.at\/en\/wp-json\/wp\/v2\/comments?post=8224"}],"version-history":[{"count":9,"href":"https:\/\/poodles.at\/en\/wp-json\/wp\/v2\/pages\/8224\/revisions"}],"predecessor-version":[{"id":9025,"href":"https:\/\/poodles.at\/en\/wp-json\/wp\/v2\/pages\/8224\/revisions\/9025"}],"wp:attachment":[{"href":"https:\/\/poodles.at\/en\/wp-json\/wp\/v2\/media?parent=8224"}],"curies":[{"name":"wp","href":"https:\/\/api.w.org\/{rel}","templated":true}]}}