{"id":8226,"date":"2025-07-02T16:04:21","date_gmt":"2025-07-02T14:04:21","guid":{"rendered":"https:\/\/poodles.at\/?page_id=8226"},"modified":"2025-12-11T14:00:20","modified_gmt":"2025-12-11T13:00:20","slug":"odin","status":"publish","type":"page","link":"https:\/\/poodles.at\/en\/odin\/","title":{"rendered":"Odin"},"content":{"rendered":"<h1 style=\"text-align: center;\">Odin<\/h1>\r\n<h2 style=\"text-align: center;\">Aedan Fighting Fit<\/h2>\r\n<p style=\"text-align: center;\"><img loading=\"lazy\" decoding=\"async\" class=\"wp-image-8924 size-full aligncenter\" src=\"https:\/\/poodles.at\/wp-content\/uploads\/2025\/12\/IMG-20251129-WA0034.jpg\" alt=\"\" width=\"800\" height=\"758\" srcset=\"https:\/\/poodles.at\/wp-content\/uploads\/2025\/12\/IMG-20251129-WA0034.jpg 800w, https:\/\/poodles.at\/wp-content\/uploads\/2025\/12\/IMG-20251129-WA0034-300x284.jpg 300w, https:\/\/poodles.at\/wp-content\/uploads\/2025\/12\/IMG-20251129-WA0034-768x728.jpg 768w, https:\/\/poodles.at\/wp-content\/uploads\/2025\/12\/IMG-20251129-WA0034-13x12.jpg 13w\" sizes=\"auto, (max-width: 800px) 100vw, 800px\" \/><\/p>\r\n<p style=\"text-align: center;\">\u00a0<\/p>\r\n<p style=\"text-align: center;\">geb.: 15.3.2025<\/p>\r\n<p style=\"text-align: center;\">\u00a0cm, vollzahnig<\/p>\r\n<hr \/>\r\n<h3 style=\"text-align: center;\">Erfolge<\/h3>\r\n<ul>\r\n<li>13.9.2025 (\u00d6CP-Clubsiegerschau 2025, Schloss Zeillern, \u00d6sterreich) &#8211; Babyklasse &#8211; Vielversprechend, Eija Halonen (FI)<\/li>\r\n<li>13.9.2025 (\u00d6CP Speciality 2025, Schloss Zeillern, \u00d6sterreich) &#8211; Babyklasse &#8211; Vielversprechend, Baby BIS1, Edita Kralova (SK)<\/li>\r\n<li>5.12.2025 (CACIB Sieger Wels, \u00d6sterreich) &#8211; J\u00fcngstenklasse &#8211; Vielversprechend, Best Puppy, Sieger Wels Puppy, George Kostopoulos (GR)<\/li>\r\n<li>6.12.2025 (CAC Ober\u00f6sterreich Sieger, \u00d6sterreich) &#8211; J\u00fcngstenklasse &#8211; Vielversprechend 1, O\u00d6 Sieger Puppy, Dusan Paunovic (RS)<\/li>\r\n<li>6.12.2025 (CACIB Winter Trophy, \u00d6sterreich) &#8211; J\u00fcngstenklasse &#8211; Vielversprechend 1, Winter Trophy Winner Puppy, Celine Bottussi Jocquel (FR)<\/li>\r\n<li>7.12.2025 (CACIB Christmas Winner, \u00d6sterreich) &#8211; J\u00fcngstenklasse &#8211; Versprechend 1, X-Mas Winner Puppy, Jadranka Mijatovic (HR)<\/li>\r\n<li>\u00a0<\/li>\r\n<\/ul>\r\n<hr \/>\r\n<h3 style=\"text-align: center;\">Gesundheitstest<\/h3>\r\n<p style=\"text-align: center;\">\u00a0<\/p>\r\n<hr \/>\r\n<h3 style=\"text-align: center;\">Pedigree<\/h3>\r\n\r\n<table style=\"background-color: rgba(254, 245, 216, 0.09); border-color: #d2ccba; border-width: 1px; height: 567px; width: 100%;\" width=\"901\">\r\n<tbody>\r\n<tr style=\"height: 70px;\">\r\n<td style=\"text-align: center; width: 29.3255%; height: 283px;\" rowspan=\"4\">Aedan Fight For This Love<\/td>\r\n<td style=\"text-align: center; width: 45.4545%; height: 141px;\" rowspan=\"2\">Aedan Fighting Talk<\/td>\r\n<td style=\"text-align: center; width: 22.5806%; height: 70px;\">Inapat&#8217;s Jenuin Sensation<\/td>\r\n<\/tr>\r\n<tr style=\"height: 71px;\">\r\n<td style=\"text-align: center; width: 22.5806%; height: 71px;\">Aedan Sweet Talk<\/td>\r\n<\/tr>\r\n<tr style=\"height: 71px;\">\r\n<td style=\"text-align: center; width: 45.4545%; height: 142px;\" rowspan=\"2\">Aedan Toast Of The Town<\/td>\r\n<td style=\"text-align: center; width: 22.5806%; height: 71px;\">Smash JP Happy New Year<\/td>\r\n<\/tr>\r\n<tr style=\"height: 71px;\">\r\n<td style=\"text-align: center; width: 22.5806%; height: 71px;\">Aedan Talk Of The Town<\/td>\r\n<\/tr>\r\n<tr style=\"height: 71px;\">\r\n<td style=\"text-align: center; width: 29.3255%; height: 284px;\" rowspan=\"4\">Volgarus Devil Wears Prada<\/td>\r\n<td style=\"text-align: center; width: 45.4545%; height: 142px;\" rowspan=\"2\">Aedan Talk Of The Devil<\/td>\r\n<td style=\"text-align: center; width: 22.5806%; height: 71px;\">Tuttlebees With Trader<\/td>\r\n<\/tr>\r\n<tr style=\"height: 71px;\">\r\n<td style=\"text-align: center; width: 22.5806%; height: 71px;\">Aedan Now You&#8217;re Talking<\/td>\r\n<\/tr>\r\n<tr style=\"height: 71px;\">\r\n<td style=\"text-align: center; width: 45.4545%; height: 142px;\" rowspan=\"2\">Solnes Sweet Alyssum For Volgarus<\/td>\r\n<td style=\"text-align: center; width: 22.5806%; height: 71px;\">Cezz&#8217;s Cayene<\/td>\r\n<\/tr>\r\n<tr style=\"height: 71px;\">\r\n<td style=\"text-align: center; width: 22.5806%; height: 71px;\">Solnes Black Lilly<\/td>\r\n<\/tr>\r\n<\/tbody>\r\n<\/table>\r\n<p style=\"text-align: center;\"><\/p>\r\n<h3 style=\"text-align: center;\">Foto &amp; Videogalerie<\/h3>\r\n<div id='gallery-1' class='gallery galleryid-8226 gallery-columns-5 gallery-size-thumbnail'><figure class='gallery-item'>\n\t\t\t<div class='gallery-icon portrait'>\n\t\t\t\t<a href='https:\/\/poodles.at\/wp-content\/uploads\/2025\/07\/Messenger_creation_EC3E4DF1-2D65-436D-9D27-48E0E02A2EC7.jpeg' rel=\"lightbox[gallery-0]\"><img loading=\"lazy\" decoding=\"async\" width=\"150\" height=\"150\" src=\"https:\/\/poodles.at\/wp-content\/uploads\/2025\/07\/Messenger_creation_EC3E4DF1-2D65-436D-9D27-48E0E02A2EC7-150x150.jpeg\" class=\"attachment-thumbnail size-thumbnail\" alt=\"\" \/><\/a>\n\t\t\t<\/div><\/figure><figure class='gallery-item'>\n\t\t\t<div class='gallery-icon portrait'>\n\t\t\t\t<a href='https:\/\/poodles.at\/wp-content\/uploads\/2025\/07\/20250711_120300.jpg' rel=\"lightbox[gallery-0]\"><img loading=\"lazy\" decoding=\"async\" width=\"150\" height=\"150\" src=\"https:\/\/poodles.at\/wp-content\/uploads\/2025\/07\/20250711_120300-150x150.jpg\" class=\"attachment-thumbnail size-thumbnail\" alt=\"\" \/><\/a>\n\t\t\t<\/div><\/figure><figure class='gallery-item'>\n\t\t\t<div class='gallery-icon portrait'>\n\t\t\t\t<a href='https:\/\/poodles.at\/wp-content\/uploads\/2025\/07\/IMG-20250728-WA0006.jpg' rel=\"lightbox[gallery-0]\"><img loading=\"lazy\" decoding=\"async\" width=\"150\" height=\"150\" src=\"https:\/\/poodles.at\/wp-content\/uploads\/2025\/07\/IMG-20250728-WA0006-150x150.jpg\" class=\"attachment-thumbnail size-thumbnail\" alt=\"\" \/><\/a>\n\t\t\t<\/div><\/figure><figure class='gallery-item'>\n\t\t\t<div class='gallery-icon portrait'>\n\t\t\t\t<a href='https:\/\/poodles.at\/wp-content\/uploads\/2025\/06\/Messenger_creation_0AA3479C-FC3B-4BB9-92B4-39DFDC4C3F99.jpeg' rel=\"lightbox[gallery-0]\"><img loading=\"lazy\" decoding=\"async\" width=\"150\" height=\"150\" src=\"https:\/\/poodles.at\/wp-content\/uploads\/2025\/06\/Messenger_creation_0AA3479C-FC3B-4BB9-92B4-39DFDC4C3F99-150x150.jpeg\" class=\"attachment-thumbnail size-thumbnail\" alt=\"\" \/><\/a>\n\t\t\t<\/div><\/figure><figure class='gallery-item'>\n\t\t\t<div class='gallery-icon portrait'>\n\t\t\t\t<a href='https:\/\/poodles.at\/wp-content\/uploads\/2025\/09\/FB_IMG_1757684233338.jpg' rel=\"lightbox[gallery-0]\"><img loading=\"lazy\" decoding=\"async\" width=\"150\" height=\"150\" src=\"https:\/\/poodles.at\/wp-content\/uploads\/2025\/09\/FB_IMG_1757684233338-150x150.jpg\" class=\"attachment-thumbnail size-thumbnail\" alt=\"\" srcset=\"https:\/\/poodles.at\/wp-content\/uploads\/2025\/09\/FB_IMG_1757684233338-150x150.jpg 150w, https:\/\/poodles.at\/wp-content\/uploads\/2025\/09\/FB_IMG_1757684233338-12x12.jpg 12w\" sizes=\"auto, (max-width: 150px) 100vw, 150px\" \/><\/a>\n\t\t\t<\/div><\/figure><figure class='gallery-item'>\n\t\t\t<div class='gallery-icon landscape'>\n\t\t\t\t<a href='https:\/\/poodles.at\/wp-content\/uploads\/2025\/09\/FB_IMG_1757684235663.jpg' rel=\"lightbox[gallery-0]\"><img loading=\"lazy\" decoding=\"async\" width=\"150\" height=\"150\" src=\"https:\/\/poodles.at\/wp-content\/uploads\/2025\/09\/FB_IMG_1757684235663-150x150.jpg\" class=\"attachment-thumbnail size-thumbnail\" alt=\"\" \/><\/a>\n\t\t\t<\/div><\/figure><figure class='gallery-item'>\n\t\t\t<div class='gallery-icon portrait'>\n\t\t\t\t<a href='https:\/\/poodles.at\/wp-content\/uploads\/2025\/12\/IMG-20251129-WA0031.jpg' rel=\"lightbox[gallery-0]\"><img loading=\"lazy\" decoding=\"async\" width=\"150\" height=\"150\" src=\"https:\/\/poodles.at\/wp-content\/uploads\/2025\/12\/IMG-20251129-WA0031-150x150.jpg\" class=\"attachment-thumbnail size-thumbnail\" alt=\"\" \/><\/a>\n\t\t\t<\/div><\/figure><figure class='gallery-item'>\n\t\t\t<div class='gallery-icon landscape'>\n\t\t\t\t<a href='https:\/\/poodles.at\/wp-content\/uploads\/2025\/12\/IMG-20251129-WA0032.jpg' rel=\"lightbox[gallery-0]\"><img loading=\"lazy\" decoding=\"async\" width=\"150\" height=\"150\" src=\"https:\/\/poodles.at\/wp-content\/uploads\/2025\/12\/IMG-20251129-WA0032-150x150.jpg\" class=\"attachment-thumbnail size-thumbnail\" alt=\"\" srcset=\"https:\/\/poodles.at\/wp-content\/uploads\/2025\/12\/IMG-20251129-WA0032-150x150.jpg 150w, https:\/\/poodles.at\/wp-content\/uploads\/2025\/12\/IMG-20251129-WA0032-13x12.jpg 13w\" sizes=\"auto, (max-width: 150px) 100vw, 150px\" \/><\/a>\n\t\t\t<\/div><\/figure><figure class='gallery-item'>\n\t\t\t<div class='gallery-icon landscape'>\n\t\t\t\t<a href='https:\/\/poodles.at\/wp-content\/uploads\/2025\/12\/IMG-20251129-WA0033.jpg' rel=\"lightbox[gallery-0]\"><img loading=\"lazy\" decoding=\"async\" width=\"150\" height=\"150\" src=\"https:\/\/poodles.at\/wp-content\/uploads\/2025\/12\/IMG-20251129-WA0033-150x150.jpg\" class=\"attachment-thumbnail size-thumbnail\" alt=\"\" \/><\/a>\n\t\t\t<\/div><\/figure><figure class='gallery-item'>\n\t\t\t<div class='gallery-icon landscape'>\n\t\t\t\t<a href='https:\/\/poodles.at\/wp-content\/uploads\/2025\/12\/IMG-20251129-WA0034.jpg' rel=\"lightbox[gallery-0]\"><img loading=\"lazy\" decoding=\"async\" width=\"150\" height=\"150\" src=\"https:\/\/poodles.at\/wp-content\/uploads\/2025\/12\/IMG-20251129-WA0034-150x150.jpg\" class=\"attachment-thumbnail size-thumbnail\" alt=\"\" srcset=\"https:\/\/poodles.at\/wp-content\/uploads\/2025\/12\/IMG-20251129-WA0034-150x150.jpg 150w, https:\/\/poodles.at\/wp-content\/uploads\/2025\/12\/IMG-20251129-WA0034-13x12.jpg 13w\" sizes=\"auto, (max-width: 150px) 100vw, 150px\" \/><\/a>\n\t\t\t<\/div><\/figure><figure class='gallery-item'>\n\t\t\t<div class='gallery-icon landscape'>\n\t\t\t\t<a href='https:\/\/poodles.at\/wp-content\/uploads\/2025\/12\/IMG-20251129-WA0035.jpg' rel=\"lightbox[gallery-0]\"><img loading=\"lazy\" decoding=\"async\" width=\"150\" height=\"150\" src=\"https:\/\/poodles.at\/wp-content\/uploads\/2025\/12\/IMG-20251129-WA0035-150x150.jpg\" class=\"attachment-thumbnail size-thumbnail\" alt=\"\" srcset=\"https:\/\/poodles.at\/wp-content\/uploads\/2025\/12\/IMG-20251129-WA0035-150x150.jpg 150w, https:\/\/poodles.at\/wp-content\/uploads\/2025\/12\/IMG-20251129-WA0035-13x12.jpg 13w\" sizes=\"auto, (max-width: 150px) 100vw, 150px\" \/><\/a>\n\t\t\t<\/div><\/figure><figure class='gallery-item'>\n\t\t\t<div class='gallery-icon landscape'>\n\t\t\t\t<a href='https:\/\/poodles.at\/wp-content\/uploads\/2025\/12\/IMG-20251129-WA0036.jpg' rel=\"lightbox[gallery-0]\"><img loading=\"lazy\" decoding=\"async\" width=\"150\" height=\"150\" src=\"https:\/\/poodles.at\/wp-content\/uploads\/2025\/12\/IMG-20251129-WA0036-150x150.jpg\" class=\"attachment-thumbnail size-thumbnail\" alt=\"\" \/><\/a>\n\t\t\t<\/div><\/figure><figure class='gallery-item'>\n\t\t\t<div class='gallery-icon landscape'>\n\t\t\t\t<a href='https:\/\/poodles.at\/wp-content\/uploads\/2025\/12\/IMG-20251129-WA0037.jpg' rel=\"lightbox[gallery-0]\"><img loading=\"lazy\" decoding=\"async\" width=\"150\" height=\"150\" src=\"https:\/\/poodles.at\/wp-content\/uploads\/2025\/12\/IMG-20251129-WA0037-150x150.jpg\" class=\"attachment-thumbnail size-thumbnail\" alt=\"\" \/><\/a>\n\t\t\t<\/div><\/figure><figure class='gallery-item'>\n\t\t\t<div class='gallery-icon landscape'>\n\t\t\t\t<a href='https:\/\/poodles.at\/wp-content\/uploads\/2025\/12\/Messenger_creation_8BF411A6-B38D-4DC9-B66B-59C1D03A8BB1.jpeg' rel=\"lightbox[gallery-0]\"><img loading=\"lazy\" decoding=\"async\" width=\"150\" height=\"150\" src=\"https:\/\/poodles.at\/wp-content\/uploads\/2025\/12\/Messenger_creation_8BF411A6-B38D-4DC9-B66B-59C1D03A8BB1-150x150.jpeg\" class=\"attachment-thumbnail size-thumbnail\" alt=\"\" \/><\/a>\n\t\t\t<\/div><\/figure><figure class='gallery-item'>\n\t\t\t<div class='gallery-icon landscape'>\n\t\t\t\t<a href='https:\/\/poodles.at\/wp-content\/uploads\/2025\/12\/Messenger_creation_B254F565-1B3A-4CA9-90DD-A2E8790A7B00.jpeg' rel=\"lightbox[gallery-0]\"><img loading=\"lazy\" decoding=\"async\" width=\"150\" height=\"150\" src=\"https:\/\/poodles.at\/wp-content\/uploads\/2025\/12\/Messenger_creation_B254F565-1B3A-4CA9-90DD-A2E8790A7B00-150x150.jpeg\" class=\"attachment-thumbnail size-thumbnail\" alt=\"\" \/><\/a>\n\t\t\t<\/div><\/figure><figure class='gallery-item'>\n\t\t\t<div class='gallery-icon portrait'>\n\t\t\t\t<a href='https:\/\/poodles.at\/wp-content\/uploads\/2025\/12\/Messenger_creation_59540A25-5F06-4738-8427-B460B77C5803.jpeg' rel=\"lightbox[gallery-0]\"><img loading=\"lazy\" decoding=\"async\" width=\"150\" height=\"150\" src=\"https:\/\/poodles.at\/wp-content\/uploads\/2025\/12\/Messenger_creation_59540A25-5F06-4738-8427-B460B77C5803-150x150.jpeg\" class=\"attachment-thumbnail size-thumbnail\" alt=\"\" \/><\/a>\n\t\t\t<\/div><\/figure><figure class='gallery-item'>\n\t\t\t<div class='gallery-icon portrait'>\n\t\t\t\t<a href='https:\/\/poodles.at\/wp-content\/uploads\/2025\/12\/Messenger_creation_A7591893-3DBE-46E6-9BDE-1BA458D50903.jpeg' rel=\"lightbox[gallery-0]\"><img loading=\"lazy\" decoding=\"async\" width=\"150\" height=\"150\" src=\"https:\/\/poodles.at\/wp-content\/uploads\/2025\/12\/Messenger_creation_A7591893-3DBE-46E6-9BDE-1BA458D50903-150x150.jpeg\" class=\"attachment-thumbnail size-thumbnail\" alt=\"\" \/><\/a>\n\t\t\t<\/div><\/figure>\n\t\t<\/div>\n\r\n<p style=\"text-align: center;\"><div class=\"lyte-wrapper fourthree\" style=\"width:480px;max-width:100%;margin:5px auto;\"><div class=\"lyMe hidef\" id=\"WYL_hRQsusbIOME\"><div id=\"lyte_hRQsusbIOME\" data-src=\"https:\/\/poodles.at\/wp-content\/plugins\/wp-youtube-lyte\/lyteCache.php?origThumbUrl=%2F%2Fi.ytimg.com%2Fvi%2FhRQsusbIOME%2Fmaxresdefault.jpg\" class=\"pL\"><div class=\"tC\"><div class=\"tT\"><\/div><\/div><div class=\"play\"><\/div><div class=\"ctrl\"><div class=\"Lctrl\"><\/div><div class=\"Rctrl\"><\/div><\/div><\/div><noscript><a href=\"https:\/\/youtu.be\/hRQsusbIOME\" rel=\"nofollow\"><img loading=\"lazy\" decoding=\"async\" src=\"https:\/\/poodles.at\/wp-content\/plugins\/wp-youtube-lyte\/lyteCache.php?origThumbUrl=https%3A%2F%2Fi.ytimg.com%2Fvi%2FhRQsusbIOME%2F0.jpg\" alt=\"YouTube video thumbnail\" width=\"480\" height=\"340\" \/><\/a><\/noscript><\/div><\/div><div class=\"lL\" style=\"max-width:100%;width:480px;margin:5px auto;\"> <a href=\"https:\/\/youtu.be\/hRQsusbIOME\" target=\"_blank\">Watch this video on YouTube<\/a>.<\/div><\/p>\r\n<p style=\"text-align: center;\"><div class=\"lyte-wrapper fourthree\" style=\"width:480px;max-width:100%;margin:5px auto;\"><div class=\"lyMe hidef\" id=\"WYL_YfgmKNtbQs0\"><div id=\"lyte_YfgmKNtbQs0\" data-src=\"https:\/\/poodles.at\/wp-content\/plugins\/wp-youtube-lyte\/lyteCache.php?origThumbUrl=%2F%2Fi.ytimg.com%2Fvi%2FYfgmKNtbQs0%2Fmaxresdefault.jpg\" class=\"pL\"><div class=\"tC\"><div class=\"tT\"><\/div><\/div><div class=\"play\"><\/div><div class=\"ctrl\"><div class=\"Lctrl\"><\/div><div class=\"Rctrl\"><\/div><\/div><\/div><noscript><a href=\"https:\/\/youtu.be\/YfgmKNtbQs0\" rel=\"nofollow\"><img loading=\"lazy\" decoding=\"async\" src=\"https:\/\/poodles.at\/wp-content\/plugins\/wp-youtube-lyte\/lyteCache.php?origThumbUrl=https%3A%2F%2Fi.ytimg.com%2Fvi%2FYfgmKNtbQs0%2F0.jpg\" alt=\"YouTube video thumbnail\" width=\"480\" height=\"340\" \/><\/a><\/noscript><\/div><\/div><div class=\"lL\" style=\"max-width:100%;width:480px;margin:5px auto;\"> <a href=\"https:\/\/youtu.be\/YfgmKNtbQs0\" target=\"_blank\">Watch this video on YouTube<\/a>.<\/div><\/p>\r\n<p style=\"text-align: center;\"><div class=\"lyte-wrapper fourthree\" style=\"width:480px;max-width:100%;margin:5px auto;\"><div class=\"lyMe hidef\" id=\"WYL_EDMponCdXJw\"><div id=\"lyte_EDMponCdXJw\" data-src=\"https:\/\/poodles.at\/wp-content\/plugins\/wp-youtube-lyte\/lyteCache.php?origThumbUrl=%2F%2Fi.ytimg.com%2Fvi%2FEDMponCdXJw%2Fmaxresdefault.jpg\" class=\"pL\"><div class=\"tC\"><div class=\"tT\"><\/div><\/div><div class=\"play\"><\/div><div class=\"ctrl\"><div class=\"Lctrl\"><\/div><div class=\"Rctrl\"><\/div><\/div><\/div><noscript><a href=\"https:\/\/youtu.be\/EDMponCdXJw\" rel=\"nofollow\"><img loading=\"lazy\" decoding=\"async\" src=\"https:\/\/poodles.at\/wp-content\/plugins\/wp-youtube-lyte\/lyteCache.php?origThumbUrl=https%3A%2F%2Fi.ytimg.com%2Fvi%2FEDMponCdXJw%2F0.jpg\" alt=\"YouTube video thumbnail\" width=\"480\" height=\"340\" \/><\/a><\/noscript><\/div><\/div><div class=\"lL\" style=\"max-width:100%;width:480px;margin:5px auto;\"> <a href=\"https:\/\/youtu.be\/EDMponCdXJw\" target=\"_blank\">Watch this video on YouTube<\/a>.<\/div><\/p>\r\n<p style=\"text-align: center;\"><div class=\"lyte-wrapper fourthree\" style=\"width:480px;max-width:100%;margin:5px auto;\"><div class=\"lyMe hidef\" id=\"WYL_0EtyF39kZDU\"><div id=\"lyte_0EtyF39kZDU\" data-src=\"https:\/\/poodles.at\/wp-content\/plugins\/wp-youtube-lyte\/lyteCache.php?origThumbUrl=%2F%2Fi.ytimg.com%2Fvi%2F0EtyF39kZDU%2Fmaxresdefault.jpg\" class=\"pL\"><div class=\"tC\"><div class=\"tT\"><\/div><\/div><div class=\"play\"><\/div><div class=\"ctrl\"><div class=\"Lctrl\"><\/div><div class=\"Rctrl\"><\/div><\/div><\/div><noscript><a href=\"https:\/\/youtu.be\/0EtyF39kZDU\" rel=\"nofollow\"><img loading=\"lazy\" decoding=\"async\" src=\"https:\/\/poodles.at\/wp-content\/plugins\/wp-youtube-lyte\/lyteCache.php?origThumbUrl=https%3A%2F%2Fi.ytimg.com%2Fvi%2F0EtyF39kZDU%2F0.jpg\" alt=\"YouTube video thumbnail\" width=\"480\" height=\"340\" \/><\/a><\/noscript><\/div><\/div><div class=\"lL\" style=\"max-width:100%;width:480px;margin:5px auto;\"> <a href=\"https:\/\/youtu.be\/0EtyF39kZDU\" target=\"_blank\">Watch this video on YouTube<\/a>.<\/div><\/p>\r\n<p>&nbsp;<\/p>\r\n<p>&nbsp;<\/p>","protected":false},"excerpt":{"rendered":"<p>Odin Aedan Fighting Fit \u00a0 geb.: 15.3.2025 \u00a0cm, vollzahnig Erfolge 13.9.2025 (\u00d6CP-Clubsiegerschau 2025, Schloss Zeillern, \u00d6sterreich) &#8211; Babyklasse &#8211; Vielversprechend, Eija Halonen (FI) 13.9.2025 (\u00d6CP Speciality 2025, Schloss Zeillern, \u00d6sterreich) &#8211; Babyklasse &#8211; Vielversprechend, Baby BIS1, Edita Kralova (SK) 5.12.2025 (CACIB Sieger Wels, \u00d6sterreich) &#8211; J\u00fcngstenklasse &#8211; Vielversprechend, Best Puppy, Sieger Wels Puppy, George Kostopoulos &#8230; <a title=\"Odin\" class=\"read-more\" href=\"https:\/\/poodles.at\/en\/odin\/\" aria-label=\"Read more about Odin\">Read more<\/a><\/p>","protected":false},"author":1,"featured_media":0,"parent":0,"menu_order":0,"comment_status":"closed","ping_status":"closed","template":"","meta":{"footnotes":""},"class_list":["post-8226","page","type-page","status-publish"],"_links":{"self":[{"href":"https:\/\/poodles.at\/en\/wp-json\/wp\/v2\/pages\/8226","targetHints":{"allow":["GET"]}}],"collection":[{"href":"https:\/\/poodles.at\/en\/wp-json\/wp\/v2\/pages"}],"about":[{"href":"https:\/\/poodles.at\/en\/wp-json\/wp\/v2\/types\/page"}],"author":[{"embeddable":true,"href":"https:\/\/poodles.at\/en\/wp-json\/wp\/v2\/users\/1"}],"replies":[{"embeddable":true,"href":"https:\/\/poodles.at\/en\/wp-json\/wp\/v2\/comments?post=8226"}],"version-history":[{"count":16,"href":"https:\/\/poodles.at\/en\/wp-json\/wp\/v2\/pages\/8226\/revisions"}],"predecessor-version":[{"id":9028,"href":"https:\/\/poodles.at\/en\/wp-json\/wp\/v2\/pages\/8226\/revisions\/9028"}],"wp:attachment":[{"href":"https:\/\/poodles.at\/en\/wp-json\/wp\/v2\/media?parent=8226"}],"curies":[{"name":"wp","href":"https:\/\/api.w.org\/{rel}","templated":true}]}}